{"id":38389,"date":"2024-11-24T19:50:30","date_gmt":"2024-11-24T18:50:30","guid":{"rendered":"https:\/\/25000miles.eu\/homepage-2\/"},"modified":"2026-05-01T22:26:56","modified_gmt":"2026-05-01T20:26:56","slug":"homepage-2","status":"publish","type":"page","link":"https:\/\/25000miles.eu\/de\/","title":{"rendered":"Homepage"},"content":{"rendered":"","protected":false},"excerpt":{"rendered":"","protected":false},"author":7,"featured_media":0,"parent":0,"menu_order":0,"comment_status":"closed","ping_status":"closed","template":"","meta":{"_acf_changed":false,"_seopress_robots_primary_cat":"","_seopress_titles_title":"Outdoor-Ausr\u00fcstung & Sch\u00e4rfen | 25000 Miles","_seopress_titles_desc":"Outdoor-Ausr\u00fcstung, Messer, Schleifsteine und Camping-Equipment von gepr\u00fcften Marken mit weltweiter Lieferung.","_seopress_robots_index":"","iawp_total_views":16,"footnotes":""},"class_list":["post-38389","page","type-page","status-publish"],"acf":[],"_links":{"self":[{"href":"https:\/\/25000miles.eu\/de\/wp-json\/wp\/v2\/pages\/38389","targetHints":{"allow":["GET"]}}],"collection":[{"href":"https:\/\/25000miles.eu\/de\/wp-json\/wp\/v2\/pages"}],"about":[{"href":"https:\/\/25000miles.eu\/de\/wp-json\/wp\/v2\/types\/page"}],"author":[{"embeddable":true,"href":"https:\/\/25000miles.eu\/de\/wp-json\/wp\/v2\/users\/7"}],"replies":[{"embeddable":true,"href":"https:\/\/25000miles.eu\/de\/wp-json\/wp\/v2\/comments?post=38389"}],"version-history":[{"count":1,"href":"https:\/\/25000miles.eu\/de\/wp-json\/wp\/v2\/pages\/38389\/revisions"}],"predecessor-version":[{"id":60218,"href":"https:\/\/25000miles.eu\/de\/wp-json\/wp\/v2\/pages\/38389\/revisions\/60218"}],"wp:attachment":[{"href":"https:\/\/25000miles.eu\/de\/wp-json\/wp\/v2\/media?parent=38389"}],"curies":[{"name":"wp","href":"https:\/\/api.w.org\/{rel}","templated":true}]}}