{"id":39353,"date":"2024-11-23T21:29:00","date_gmt":"2024-11-23T20:29:00","guid":{"rendered":"https:\/\/25000miles.eu\/impressum\/"},"modified":"2025-11-19T23:49:37","modified_gmt":"2025-11-19T22:49:37","slug":"impressum","status":"publish","type":"page","link":"https:\/\/25000miles.eu\/de\/impressum\/","title":{"rendered":"Impressum"},"content":{"rendered":"\n<p>Ten nadruk zawiera wymagane prawem informacje identyfikacyjne dotycz\u0105ce 25000 mil.<\/p>\n\n<h2 class=\"wp-block-heading\"><strong>Informacje o firmie<\/strong><\/h2>\n\n<p><strong>Nazwa firmy: 25000 MILES SP\u00d3\u0141KA Z OGRANICZON\u0104 ODPOWIEDZIALNO\u015aCI\u0104<br\/>Adres siedziby:<br\/>Aleja &#8220;Solidarno\u015bci&#8221; 117 &#8211; 207<br\/>Warszawa 00-140<br\/>Polska<\/strong><\/p>\n\n<p><strong>Dane rejestrowe:<\/strong><\/p>\n\n<p><strong>NIP:<\/strong> 5252943821<\/p>\n\n<p><strong>KRS:<\/strong> 0001019180<\/p>\n\n<p><strong>REGON:<\/strong> 524477512<\/p>\n\n<p>I<strong>nformacje kontaktowe<\/strong><\/p>\n\n<p>E-Mail: info@25000miles.eu<\/p>\n\n<p><strong>Dyrektorzy zarz\u0105dzaj\u0105cy<\/strong><\/p>\n\n<p>KALASOUSKI ALIAKSANDR<\/p>\n\n<p><strong>Zastrze\u017cenie<\/strong><\/p>\n\n<p>Informacje na temat ogranicze\u0144 odpowiedzialno\u015bci dotycz\u0105cych tre\u015bci na tej stronie internetowej mo\u017cna znale\u017a\u0107 na naszej <a href=\"https:\/\/25000miles.eu\/disclaimer\/\" data-type=\"page\" data-id=\"10416\">stronie z zastrze\u017ceniami<\/a>.<\/p>\n\n<p><strong>Internetowe rozstrzyganie spor\u00f3w w UE<\/strong><\/p>\n\n<p>Zgodnie z rozporz\u0105dzeniem UE w sprawie ODR dla konsument\u00f3w jeste\u015bmy zobowi\u0105zani do poinformowania o europejskiej platformie internetowego rozstrzygania spor\u00f3w, kt\u00f3ra jest dost\u0119pna pod adresem <a href=\"https:\/\/ec.europa.eu\/consumers\/odr\/\" target=\"_blank\" rel=\"noopener nofollow\">https:\/\/ec.europa.eu\/consumers\/odr\/<\/a>.<\/p>\n\n<p><strong>Nota prawna<\/strong><\/p>\n\n<p>Niniejszy odcisk jest dostarczany zgodnie z wymogami prawnymi i nie stanowi porady prawnej. W przypadku jakichkolwiek pyta\u0144 prawnych nale\u017cy skonsultowa\u0107 si\u0119 z wykwalifikowanym prawnikiem. <\/p>\n\n<p>W przypadku dalszych pyta\u0144 dotycz\u0105cych niniejszego nadruku prosimy o kontakt przy u\u017cyciu powy\u017cszych informacji.<\/p>\n\n<p>Dzi\u0119kujemy za odwiedzenie strony 25000 Miles.<\/p>\n\n<hr class=\"wp-block-separator has-alpha-channel-opacity\"\/>\n\n<p><\/p>\n\n<p>Dieses Imprint <a href=\"https:\/\/25000miles.eu\/de\/\" target=\"_blank\" rel=\"noopener\">liefert gesetzlich vorgeschriebene Identifikationsinformationen \u00fcber 25.000 Meilen<\/a>.<\/p>\n\n<h3 class=\"wp-block-heading\">Unternehmensinformationen<\/h3>\n\n<p><strong>Firmenname<\/strong>: 25000 MILES SP\u00d3\u0141KA Z OGRANICZON\u0104 ODPOWIEDZIALNO\u015aCI\u0104<br\/><strong>Eingetragene Gesch\u00e4ftsadresse<\/strong>:<br\/>Aleja &#8220;Solidarno\u015bci&#8221; 117 &#8211; 207<br\/>Warszawa 00-140<br\/>Polen<\/p>\n\n<p><strong>Anmeldedetails<\/strong>:<\/p>\n\n<ul class=\"wp-block-list\">\n<li><strong>NIP (Steueridentifikationsnummer):<\/strong> 5252943821<\/li>\n\n\n\n<li><strong>KRS (National Court Register Number):<\/strong> 0001019180<\/li>\n\n\n\n<li><strong>REGON:<\/strong> 524477512<\/li>\n<\/ul>\n\n<h3 class=\"wp-block-heading\">Kontaktinformationen<\/h3>\n\n<ul class=\"wp-block-list\">\n<li><strong>E-Mail<\/strong>: info@25000miles.eu<\/li>\n<\/ul>\n\n<h3 class=\"wp-block-heading\">Gesch\u00e4ftsf\u00fchrer<\/h3>\n\n<ul class=\"wp-block-list\">\n<li>KALASOUSKI ALIAKSANDR<\/li>\n<\/ul>\n\n<h3 class=\"wp-block-heading\">Haftungsausschluss<\/h3>\n\n<p>Bitte besuchen Sie unsere <a href=\"https:\/\/25000miles.eu\/disclaimer\/\" data-type=\"page\" data-id=\"10416\">Haftungsausschlussseite<\/a> f\u00fcr Informationen zu den Haftungsbeschr\u00e4nkungen bez\u00fcglich der Inhalte auf dieser Website.<\/p>\n\n<h3 class=\"wp-block-heading\">EU-Online-Streitbeilegung<\/h3>\n\n<p>Gem\u00e4\u00df der EU-Verordnung zum Verbraucher-ODR sind wir verpflichtet, Sie \u00fcber die Europ\u00e4ische Online-Streitbeilegungsplattform zu informieren, die unter <a href=\"https:\/\/ec.europa.eu\/consumers\/odr\/\" target=\"_blank\" rel=\"noopener nofollow\">https:\/\/ec.europa.eu\/consumers\/odr\/<\/a> zug\u00e4nglich ist.<\/p>\n\n<h3 class=\"wp-block-heading\">Rechtliche Mitteilung<\/h3>\n\n<p>Dieses Imprint wird in \u00dcbereinstimmung mit gesetzlichen Anforderungen bereitgestellt und stellt keine Rechtsberatung dar. F\u00fcr rechtliche Fragen wenden Sie sich bitte an einen qualifizierten Anwalt. <\/p>\n\n<p>F\u00fcr weitere Fragen zu diesem Imprint kontaktieren Sie uns bitte \u00fcber die oben genannten Informationen.<\/p>\n\n<p>Danke, dass Sie <a href=\"https:\/\/25000miles.eu\/de\/\" target=\"_blank\" rel=\"noopener\">25000 Meilen<\/a> besucht haben.<\/p>\n\n<p><\/p>\n","protected":false},"excerpt":{"rendered":"<p>Ten nadruk zawiera wymagane prawem informacje identyfikacyjne dotycz\u0105ce 25000 mil. Informacje o firmie Nazwa firmy: 25000 MILES SP\u00d3\u0141KA Z OGRANICZON\u0104 ODPOWIEDZIALNO\u015aCI\u0104Adres siedziby:Aleja &#8220;Solidarno\u015bci&#8221; 117 &#8211; 207Warszawa 00-140Polska Dane rejestrowe: NIP: 5252943821 KRS: 0001019180 REGON: 524477512 Informacje kontaktowe E-Mail: info@25000miles.eu Dyrektorzy zarz\u0105dzaj\u0105cy KALASOUSKI ALIAKSANDR Zastrze\u017cenie Informacje na temat ogranicze\u0144 odpowiedzialno\u015bci dotycz\u0105cych tre\u015bci na tej stronie internetowej [&hellip;]<\/p>\n","protected":false},"author":7,"featured_media":0,"parent":0,"menu_order":0,"comment_status":"closed","ping_status":"closed","template":"","meta":{"_acf_changed":false,"_seopress_robots_primary_cat":"","_seopress_titles_title":"","_seopress_titles_desc":"","_seopress_robots_index":"yes","iawp_total_views":0,"footnotes":""},"class_list":["post-39353","page","type-page","status-publish"],"acf":[],"_links":{"self":[{"href":"https:\/\/25000miles.eu\/de\/wp-json\/wp\/v2\/pages\/39353","targetHints":{"allow":["GET"]}}],"collection":[{"href":"https:\/\/25000miles.eu\/de\/wp-json\/wp\/v2\/pages"}],"about":[{"href":"https:\/\/25000miles.eu\/de\/wp-json\/wp\/v2\/types\/page"}],"author":[{"embeddable":true,"href":"https:\/\/25000miles.eu\/de\/wp-json\/wp\/v2\/users\/7"}],"replies":[{"embeddable":true,"href":"https:\/\/25000miles.eu\/de\/wp-json\/wp\/v2\/comments?post=39353"}],"version-history":[{"count":0,"href":"https:\/\/25000miles.eu\/de\/wp-json\/wp\/v2\/pages\/39353\/revisions"}],"wp:attachment":[{"href":"https:\/\/25000miles.eu\/de\/wp-json\/wp\/v2\/media?parent=39353"}],"curies":[{"name":"wp","href":"https:\/\/api.w.org\/{rel}","templated":true}]}}