{"id":39357,"date":"2024-11-24T23:10:47","date_gmt":"2024-11-24T22:10:47","guid":{"rendered":"https:\/\/25000miles.eu\/kontakt\/"},"modified":"2024-11-24T23:10:47","modified_gmt":"2024-11-24T22:10:47","slug":"kontakt","status":"publish","type":"page","link":"https:\/\/25000miles.eu\/de\/kontakt\/","title":{"rendered":"Kontakt"},"content":{"rendered":"","protected":false},"excerpt":{"rendered":"","protected":false},"author":7,"featured_media":0,"parent":0,"menu_order":0,"comment_status":"closed","ping_status":"closed","template":"","meta":{"_acf_changed":false,"_seopress_robots_primary_cat":"","_seopress_titles_title":"\u0421ontact Us %%sep%% %%sitetitle%%","_seopress_titles_desc":"Kontaktieren Sie 25000 Miles f\u00fcr Anfragen zu unserer Outdoor-Ausr\u00fcstung und Sch\u00e4rfe. Finden Sie unsere Kontaktdaten f\u00fcr Kundensupport und Unterst\u00fctzung. Wir sind hier, um Ihnen bei all Ihren Camping- und Abenteuerbed\u00fcrfnissen zu helfen.  ","_seopress_robots_index":"","iawp_total_views":3,"footnotes":""},"class_list":["post-39357","page","type-page","status-publish"],"acf":[],"_links":{"self":[{"href":"https:\/\/25000miles.eu\/de\/wp-json\/wp\/v2\/pages\/39357","targetHints":{"allow":["GET"]}}],"collection":[{"href":"https:\/\/25000miles.eu\/de\/wp-json\/wp\/v2\/pages"}],"about":[{"href":"https:\/\/25000miles.eu\/de\/wp-json\/wp\/v2\/types\/page"}],"author":[{"embeddable":true,"href":"https:\/\/25000miles.eu\/de\/wp-json\/wp\/v2\/users\/7"}],"replies":[{"embeddable":true,"href":"https:\/\/25000miles.eu\/de\/wp-json\/wp\/v2\/comments?post=39357"}],"version-history":[{"count":0,"href":"https:\/\/25000miles.eu\/de\/wp-json\/wp\/v2\/pages\/39357\/revisions"}],"wp:attachment":[{"href":"https:\/\/25000miles.eu\/de\/wp-json\/wp\/v2\/media?parent=39357"}],"curies":[{"name":"wp","href":"https:\/\/api.w.org\/{rel}","templated":true}]}}