{"id":39358,"date":"2024-11-23T21:29:00","date_gmt":"2024-11-23T20:29:00","guid":{"rendered":"https:\/\/25000miles.eu\/haftungsausschluss\/"},"modified":"2025-11-19T23:54:14","modified_gmt":"2025-11-19T22:54:14","slug":"haftungsausschluss","status":"publish","type":"page","link":"https:\/\/25000miles.eu\/de\/haftungsausschluss\/","title":{"rendered":"Haftungsausschluss"},"content":{"rendered":"\n<p><strong>Haftungsausschluss<\/strong><\/p>\n\n<p>Die von <a href=\"https:\/\/25000miles.eu\/de\/\" target=\"_blank\" rel=\"noopener\">25000 Miles<\/a> auf dieser Website bereitgestellten Informationen dienen ausschlie\u00dflich allgemeinen Informationszwecken. Alle Informationen auf der Seite werden in gutem Glauben bereitgestellt; Wir geben jedoch keinerlei ausdr\u00fcckliche oder stillschweigende Gew\u00e4hrleistung oder Gew\u00e4hrleistung hinsichtlich der Genauigkeit, Angemessenheit, G\u00fcltigkeit, Zuverl\u00e4ssigkeit, Verf\u00fcgbarkeit oder Vollst\u00e4ndigkeit irgendwelcher Informationen auf der Seite ab. <\/p>\n\n<h3 class=\"wp-block-heading\">1. Keine professionelle Beratung<\/h3>\n\n<p>Die Inhalte auf dieser Seite sind nicht als Ersatz f\u00fcr professionelle Beratung gedacht. Suchen Sie bei Fragen zu bestimmten Angelegenheiten stets den Rat von qualifizierten Fachleuten. <\/p>\n\n<h3 class=\"wp-block-heading\">2. Externe Links<\/h3>\n\n<p>Unsere Website kann Links zu externen Websites enthalten, die nicht von uns bereitgestellt oder gepflegt werden. Bitte beachten Sie, dass wir weder die Genauigkeit, Relevanz, Aktualit\u00e4t noch Vollst\u00e4ndigkeit der Informationen auf diesen externen Websites garantieren. <\/p>\n\n<h3 class=\"wp-block-heading\">3. Haftungsbeschr\u00e4nkung<\/h3>\n\n<p>Unter keinen Umst\u00e4nden \u00fcbernehmen wir eine Haftung Ihnen gegen\u00fcber f\u00fcr Verluste oder Sch\u00e4den jeglicher Art, die durch die Nutzung der Seite oder die Abh\u00e4ngigkeit von Informationen auf der Seite entstanden sind. Ihre Nutzung der Seite und Ihre Abh\u00e4ngigkeit von jeglichen Informationen auf der Seite gehen ausschlie\u00dflich auf Ihr eigenes Risiko. <\/p>\n\n<h3 class=\"wp-block-heading\">4. Aktualisierungen und \u00c4nderungen<\/h3>\n\n<p>Wir behalten uns das Recht vor, diesen Haftungsausschluss jederzeit zu \u00e4ndern oder zu ersetzen. Wir werden uns bem\u00fchen, Sie \u00fcber \u00c4nderungen an diesem Haftungsausschluss zu informieren. Bitte pr\u00fcfen Sie regelm\u00e4\u00dfig auf Neuigkeiten.  <\/p>\n\n<h3 class=\"wp-block-heading\">5. Kontaktinformationen<\/h3>\n\n<p>Wenn Sie Fragen oder Bedenken bez\u00fcglich dieses Haftungsausschlusses haben, kontaktieren Sie uns bitte:<\/p>\n\n<p>E-Mail: info@25000miles.eu<\/p>\n\n<p>Mit der Nutzung dieser Seite best\u00e4tigen Sie, dass Sie diesen Haftungsausschluss gelesen haben und den Bedingungen zustimmen. Danke, dass Sie <a href=\"https:\/\/25000miles.eu\/de\/\" target=\"_blank\" rel=\"noopener\">25000 Meilen<\/a> besucht haben.<\/p>\n","protected":false},"excerpt":{"rendered":"<p>Haftungsausschluss Die von 25000 Miles auf dieser Website bereitgestellten Informationen dienen ausschlie\u00dflich allgemeinen Informationszwecken. Alle Informationen auf der Seite werden in gutem Glauben bereitgestellt; Wir geben jedoch keinerlei ausdr\u00fcckliche oder stillschweigende Gew\u00e4hrleistung oder Gew\u00e4hrleistung hinsichtlich der Genauigkeit, Angemessenheit, G\u00fcltigkeit, Zuverl\u00e4ssigkeit, Verf\u00fcgbarkeit oder Vollst\u00e4ndigkeit irgendwelcher Informationen auf der Seite ab. 1. Keine professionelle Beratung Die Inhalte [&hellip;]<\/p>\n","protected":false},"author":7,"featured_media":0,"parent":0,"menu_order":0,"comment_status":"closed","ping_status":"closed","template":"","meta":{"_acf_changed":false,"_seopress_robots_primary_cat":"","_seopress_titles_title":"","_seopress_titles_desc":"","_seopress_robots_index":"yes","iawp_total_views":0,"footnotes":""},"class_list":["post-39358","page","type-page","status-publish"],"acf":[],"_links":{"self":[{"href":"https:\/\/25000miles.eu\/de\/wp-json\/wp\/v2\/pages\/39358","targetHints":{"allow":["GET"]}}],"collection":[{"href":"https:\/\/25000miles.eu\/de\/wp-json\/wp\/v2\/pages"}],"about":[{"href":"https:\/\/25000miles.eu\/de\/wp-json\/wp\/v2\/types\/page"}],"author":[{"embeddable":true,"href":"https:\/\/25000miles.eu\/de\/wp-json\/wp\/v2\/users\/7"}],"replies":[{"embeddable":true,"href":"https:\/\/25000miles.eu\/de\/wp-json\/wp\/v2\/comments?post=39358"}],"version-history":[{"count":0,"href":"https:\/\/25000miles.eu\/de\/wp-json\/wp\/v2\/pages\/39358\/revisions"}],"wp:attachment":[{"href":"https:\/\/25000miles.eu\/de\/wp-json\/wp\/v2\/media?parent=39358"}],"curies":[{"name":"wp","href":"https:\/\/api.w.org\/{rel}","templated":true}]}}