{"id":39360,"date":"2024-11-23T21:29:00","date_gmt":"2024-11-23T20:29:00","guid":{"rendered":"https:\/\/25000miles.eu\/rueckerstattung-und-rueckgabebedingungen\/"},"modified":"2025-11-19T23:56:14","modified_gmt":"2025-11-19T22:56:14","slug":"rueckerstattung-und-rueckgabebedingungen","status":"publish","type":"page","link":"https:\/\/25000miles.eu\/de\/rueckerstattung-und-rueckgabebedingungen\/","title":{"rendered":"R\u00fcckerstattung und R\u00fcckgabebedingungen"},"content":{"rendered":"\n<p><strong>R\u00fcckerstattung und R\u00fcckgabebedingungen<\/strong><\/p>\n\n<p>Danke, dass Sie bei <a href=\"https:\/\/25000miles.eu\/de\/\" target=\"_blank\" rel=\"noopener\">25000 Meilen<\/a> eingekauft haben. Wenn Sie mit Ihrem Kauf nicht ganz zufrieden sind, sind wir hier, um Ihnen zu helfen. <\/p>\n\n<h3 class=\"wp-block-heading\">Ertrag<\/h3>\n\n<ul class=\"wp-block-list\">\n<li><strong>Anspruchsberechtigung<\/strong>: Sie haben 14 Kalendertage Zeit, einen Artikel ab dem Datum des Erhalts zur\u00fcckzugeben.<\/li>\n\n\n\n<li><strong>Zustand<\/strong>: Um f\u00fcr eine R\u00fcckgabe berechtigt zu sein, muss Ihr Artikel unbenutzt und in demselben Zustand sein, in dem Sie ihn erhalten haben. Es muss auch in der Originalverpackung sein. <\/li>\n\n\n\n<li><strong>Kaufnachweis<\/strong>: Eine Quittung oder ein Kaufnachweis ist erforderlich, um Ihre R\u00fcckgabe zu bearbeiten.<\/li>\n<\/ul>\n\n<h3 class=\"wp-block-heading\">Prozess<\/h3>\n\n<ol class=\"wp-block-list\">\n<li><strong>Kontaktieren Sie uns<\/strong>: Benachrichtigen Sie uns \u00fcber Ihre R\u00fcckgabe, indem Sie unser Kundenservice-Team unter info@25000miles.eu kontaktieren.<\/li>\n\n\n\n<li><strong>Versand: <\/strong>Senden Sie das Produkt an folgende Adresse: 25.000 MILES SP\u00d3\u0141KA Z OGRANICZON\u0104 ODPOWIEDZIAL\u041d\u041d\u041e\u015aCI\u0104<br\/>Aleja &#8220;Solidarno\u015bci&#8221; 117 &#8211; 207<br\/>Warszawa 00-140<br\/>Polen<\/li>\n\n\n\n<li><strong>Inspektion<\/strong>: Sobald wir Ihren Artikel erhalten haben, werden wir ihn inspizieren und Sie \u00fcber den Status Ihrer R\u00fcckerstattung informieren.<\/li>\n<\/ol>\n\n<h3 class=\"wp-block-heading\">Zur\u00fcckzahlungen<\/h3>\n\n<ul class=\"wp-block-list\">\n<li><strong>Genehmigung<\/strong>: Wenn Ihre Steuererkl\u00e4rung genehmigt wird, beginnen wir eine R\u00fcckerstattung an Ihre urspr\u00fcngliche Zahlungsmethode.<\/li>\n\n\n\n<li><strong>Bearbeitungszeit<\/strong>: Sie erhalten die Gutschrift innerhalb einer bestimmten Anzahl von Tagen, abh\u00e4ngig von den Richtlinien Ihres Kartenanbieters.<\/li>\n<\/ul>\n\n<h3 class=\"wp-block-heading\">Versandkosten<\/h3>\n\n<ul class=\"wp-block-list\">\n<li><strong>Verantwortung<\/strong>: Sie \u00fcbernehmen Ihre eigenen Versandkosten f\u00fcr die R\u00fccksendung Ihres Artikels. Die Versandkosten sind nicht erstattungsf\u00e4hig. <\/li>\n\n\n\n<li><strong>Ausnahmen<\/strong>: Wenn der erhaltene Artikel falsch oder defekt war, \u00fcbernehmen wir die R\u00fccksendekosten.<\/li>\n<\/ul>\n\n<h3 class=\"wp-block-heading\">Kontaktinformationen<\/h3>\n\n<p>F\u00fcr Fragen oder Unterst\u00fctzung bei Ihrer R\u00fcckgabe oder R\u00fcckerstattung kontaktieren Sie uns bitte:<\/p>\n\n<p>E-Mail: info@25000miles.eu<br\/><\/p>\n\n<p>Wir sch\u00e4tzen Ihre Zufriedenheit und m\u00f6chten ein nahtloses Einkaufserlebnis bieten.<\/p>\n","protected":false},"excerpt":{"rendered":"<p>R\u00fcckerstattung und R\u00fcckgabebedingungen Danke, dass Sie bei 25000 Meilen eingekauft haben. Wenn Sie mit Ihrem Kauf nicht ganz zufrieden sind, sind wir hier, um Ihnen zu helfen. Ertrag Prozess Zur\u00fcckzahlungen Versandkosten Kontaktinformationen F\u00fcr Fragen oder Unterst\u00fctzung bei Ihrer R\u00fcckgabe oder R\u00fcckerstattung kontaktieren Sie uns bitte: E-Mail: info@25000miles.eu Wir sch\u00e4tzen Ihre Zufriedenheit und m\u00f6chten ein nahtloses [&hellip;]<\/p>\n","protected":false},"author":7,"featured_media":0,"parent":0,"menu_order":0,"comment_status":"closed","ping_status":"closed","template":"","meta":{"_acf_changed":false,"_seopress_robots_primary_cat":"","_seopress_titles_title":"","_seopress_titles_desc":"","_seopress_robots_index":"yes","iawp_total_views":0,"footnotes":""},"class_list":["post-39360","page","type-page","status-publish"],"acf":[],"_links":{"self":[{"href":"https:\/\/25000miles.eu\/de\/wp-json\/wp\/v2\/pages\/39360","targetHints":{"allow":["GET"]}}],"collection":[{"href":"https:\/\/25000miles.eu\/de\/wp-json\/wp\/v2\/pages"}],"about":[{"href":"https:\/\/25000miles.eu\/de\/wp-json\/wp\/v2\/types\/page"}],"author":[{"embeddable":true,"href":"https:\/\/25000miles.eu\/de\/wp-json\/wp\/v2\/users\/7"}],"replies":[{"embeddable":true,"href":"https:\/\/25000miles.eu\/de\/wp-json\/wp\/v2\/comments?post=39360"}],"version-history":[{"count":0,"href":"https:\/\/25000miles.eu\/de\/wp-json\/wp\/v2\/pages\/39360\/revisions"}],"wp:attachment":[{"href":"https:\/\/25000miles.eu\/de\/wp-json\/wp\/v2\/media?parent=39360"}],"curies":[{"name":"wp","href":"https:\/\/api.w.org\/{rel}","templated":true}]}}