{"id":39362,"date":"2024-11-23T21:29:00","date_gmt":"2024-11-23T20:29:00","guid":{"rendered":"https:\/\/25000miles.eu\/versandinformationen\/"},"modified":"2025-11-19T23:58:09","modified_gmt":"2025-11-19T22:58:09","slug":"versandinformationen","status":"publish","type":"page","link":"https:\/\/25000miles.eu\/de\/versandinformationen\/","title":{"rendered":"Versandinformationen"},"content":{"rendered":"\n<p>Bei <a href=\"https:\/\/25000miles.eu\/de\/\" target=\"_blank\" rel=\"noopener\">25000 Miles bem\u00fchen<\/a> wir uns, Ihre Bestellungen so schnell wie m\u00f6glich zu bearbeiten und zu versenden. Bitte sehen Sie sich unten die Versanddetails an: <\/p>\n\n<h3 class=\"wp-block-heading\">Versandprozess<\/h3>\n\n<ul class=\"wp-block-list\">\n<li><strong>Bestellbearbeitung<\/strong>: Sobald Ihre Zahlung best\u00e4tigt ist, beginnen wir mit der Bearbeitung Ihrer Bestellung. Dies dauert in der Regel bis zu 3 Werktage. <\/li>\n\n\n\n<li>Versandanbieter: Alle Bestellungen werden \u00fcber unseren vertrauensw\u00fcrdigen Partner Ysell versandt, was <strong>eine zuverl\u00e4ssige und effiziente<\/strong> Lieferung gew\u00e4hrleistet.<\/li>\n\n\n\n<li><strong>Lieferzeiten<\/strong>: Nach der Bearbeitung erhalten Sie eine Versandbest\u00e4tigung mit Sendungsverfolgungsinformationen. Die Lieferzeiten k\u00f6nnen je nach Standort variieren. <\/li>\n<\/ul>\n\n<p>Danke, dass Sie <a href=\"https:\/\/25000miles.eu\/de\/\" target=\"_blank\" rel=\"noopener\">sich f\u00fcr 25000 Meilen<\/a> entschieden haben. Wenn Sie Fragen zu Ihrer Lieferung haben, z\u00f6gern Sie bitte nicht, uns zu kontaktieren. <\/p>\n","protected":false},"excerpt":{"rendered":"<p>Bei 25000 Miles bem\u00fchen wir uns, Ihre Bestellungen so schnell wie m\u00f6glich zu bearbeiten und zu versenden. Bitte sehen Sie sich unten die Versanddetails an: Versandprozess Danke, dass Sie sich f\u00fcr 25000 Meilen entschieden haben. Wenn Sie Fragen zu Ihrer Lieferung haben, z\u00f6gern Sie bitte nicht, uns zu kontaktieren.<\/p>\n","protected":false},"author":7,"featured_media":0,"parent":0,"menu_order":0,"comment_status":"closed","ping_status":"closed","template":"","meta":{"_acf_changed":false,"_seopress_robots_primary_cat":"","_seopress_titles_title":"","_seopress_titles_desc":"","_seopress_robots_index":"yes","iawp_total_views":0,"footnotes":""},"class_list":["post-39362","page","type-page","status-publish"],"acf":[],"_links":{"self":[{"href":"https:\/\/25000miles.eu\/de\/wp-json\/wp\/v2\/pages\/39362","targetHints":{"allow":["GET"]}}],"collection":[{"href":"https:\/\/25000miles.eu\/de\/wp-json\/wp\/v2\/pages"}],"about":[{"href":"https:\/\/25000miles.eu\/de\/wp-json\/wp\/v2\/types\/page"}],"author":[{"embeddable":true,"href":"https:\/\/25000miles.eu\/de\/wp-json\/wp\/v2\/users\/7"}],"replies":[{"embeddable":true,"href":"https:\/\/25000miles.eu\/de\/wp-json\/wp\/v2\/comments?post=39362"}],"version-history":[{"count":0,"href":"https:\/\/25000miles.eu\/de\/wp-json\/wp\/v2\/pages\/39362\/revisions"}],"wp:attachment":[{"href":"https:\/\/25000miles.eu\/de\/wp-json\/wp\/v2\/media?parent=39362"}],"curies":[{"name":"wp","href":"https:\/\/api.w.org\/{rel}","templated":true}]}}