{"id":38473,"date":"2025-07-08T22:17:26","date_gmt":"2025-07-08T20:17:26","guid":{"rendered":"https:\/\/25000miles.eu\/product\/anika-leshiy-axt-mit-lederscheide\/"},"modified":"2026-01-08T21:53:36","modified_gmt":"2026-01-08T20:53:36","slug":"anika-leshiy-axt-mit-lederscheide","status":"publish","type":"product","link":"https:\/\/25000miles.eu\/de\/produkt\/anika-leshiy-axt-mit-lederscheide\/","title":{"rendered":"Anika-&#8220;Leshiy&#8221;-Axt mit Lederscheide"},"content":{"rendered":"<p>Hauptmerkmale:<\/p>\n<p>Die geschmiedete Axt &#8220;Leshiy&#8221; ist ein idealer Begleiter f\u00fcr Outdoor-Liebhaber. Dieses touristische Werkzeug vereint Qualit\u00e4t, Zuverl\u00e4ssigkeit und eine Vielzahl von Einsatzm\u00f6glichkeiten und macht es sowohl f\u00fcr Wandern als auch f\u00fcr Hausarbeiten unverzichtbar. Die Axt besteht aus hochwertigem Stahl und besitzt eine langlebige und verschlei\u00dfsichere Klinge, die f\u00fcr verschiedene Aufgaben geeignet ist. Er kann sowohl zum Jagen als auch zum Kochen \u00fcber offenem Feuer verwendet werden. Der bequeme Griff bietet einen bequemen Griff und pr\u00e4zise Kontrolle, was die Handhabung sicher macht.    <\/p>\n<p>Stahl \u2013 <strong>SHKX15<\/strong>, vollst\u00e4ndiger Zyklus der W\u00e4rmebehandlung mit Zonenh\u00e4rtung der Klinge zur <strong>Z\u00e4higkeit<\/strong>, H\u00e4rte der Schneide \u2013 etwa <strong>58<\/strong> <strong>HRC. Schlagsto\u00df, wie ein Hammer.<\/strong><\/p>\n<p><span style=\"color: var(--danger);\">Standardsch\u00e4rfung an der Axt f\u00fcr Holzbearbeitung mit einer Mikrokante. Wenn Sie f\u00fcr Arbeiten an anderen Materialien gesch\u00e4rft werden m\u00fcssen, geben Sie dies bitte vor der Bestellung an. <\/span><\/p>\n<p>&nbsp;<\/p>\n<p>&nbsp;<\/p>\n","protected":false},"excerpt":{"rendered":"<p>Handgeschmiedet. Alle Anika-\u00c4xte sind handgefertigt, was eine leichte Variation der Parameter erm\u00f6glicht, aber das Ergebnis ist maximale Haltbarkeit und Einzigartigkeit jeder Axt. <\/p>\n<ul>\n<li><strong>Stahl<\/strong> \u2013 SHKX15.<\/li>\n<li><strong>Der Griff<\/strong> ist Asche, mit Tung\u00f6l \u00fcberzogen.<\/li>\n<li> <strong>Aufprallpo.<\/strong><\/li>\n<li><strong>Gesamtl\u00e4nge<\/strong> \u2013 400 mm.<\/li>\n<li><strong>Kante<\/strong> \u2013 etwa 92 mm.<\/li>\n<li><strong>Axtgewicht<\/strong> \u2013 etwa 880 Gramm.<\/li>\n<\/ul>\n","protected":false},"featured_media":38453,"comment_status":"open","ping_status":"closed","template":"","meta":{"_acf_changed":false,"_seopress_robots_primary_cat":"1054","_seopress_titles_title":"","_seopress_titles_desc":"","_seopress_robots_index":"","iawp_total_views":6},"product_brand":[],"product_cat":[1126,1125],"product_tag":[],"class_list":{"0":"post-38473","1":"product","2":"type-product","3":"status-publish","4":"has-post-thumbnail","6":"product_cat-axes","7":"product_cat-macheten-axte-schaufeln-und-sagen","9":"first","10":"instock","11":"featured","12":"taxable","13":"shipping-taxable","14":"purchasable","15":"product-type-simple"},"acf":[],"_links":{"self":[{"href":"https:\/\/25000miles.eu\/de\/wp-json\/wp\/v2\/product\/38473","targetHints":{"allow":["GET"]}}],"collection":[{"href":"https:\/\/25000miles.eu\/de\/wp-json\/wp\/v2\/product"}],"about":[{"href":"https:\/\/25000miles.eu\/de\/wp-json\/wp\/v2\/types\/product"}],"replies":[{"embeddable":true,"href":"https:\/\/25000miles.eu\/de\/wp-json\/wp\/v2\/comments?post=38473"}],"wp:featuredmedia":[{"embeddable":true,"href":"https:\/\/25000miles.eu\/de\/wp-json\/wp\/v2\/media\/38453"}],"wp:attachment":[{"href":"https:\/\/25000miles.eu\/de\/wp-json\/wp\/v2\/media?parent=38473"}],"wp:term":[{"taxonomy":"product_brand","embeddable":true,"href":"https:\/\/25000miles.eu\/de\/wp-json\/wp\/v2\/product_brand?post=38473"},{"taxonomy":"product_cat","embeddable":true,"href":"https:\/\/25000miles.eu\/de\/wp-json\/wp\/v2\/product_cat?post=38473"},{"taxonomy":"product_tag","embeddable":true,"href":"https:\/\/25000miles.eu\/de\/wp-json\/wp\/v2\/product_tag?post=38473"}],"curies":[{"name":"wp","href":"https:\/\/api.w.org\/{rel}","templated":true}]}}