{"id":38491,"date":"2025-07-08T21:55:32","date_gmt":"2025-07-08T19:55:32","guid":{"rendered":"https:\/\/25000miles.eu\/product\/anika-splitter-axe-2-0-mit-lederscheide\/"},"modified":"2026-01-08T21:53:33","modified_gmt":"2026-01-08T20:53:33","slug":"anika-splitter-axe-2-0-mit-lederscheide","status":"publish","type":"product","link":"https:\/\/25000miles.eu\/de\/produkt\/anika-splitter-axe-2-0-mit-lederscheide\/","title":{"rendered":"Anika &#8220;Splitter Axe 2.0&#8221; mit Lederscheide"},"content":{"rendered":"<p>Hauptmerkmale:<\/p>\n<p>Die geschmiedete Axt &#8220;Splitter 2.0&#8221; f\u00fcr Feuerholz ist ein ideales Werkzeug f\u00fcr effizientes Holzf\u00e4llen. Mit dieser Hilfe k\u00f6nnen Sie schnell und m\u00fchelos die Aufgabe bew\u00e4ltigen, Feuerholz f\u00fcr die Winterheizung vorzubereiten oder im Landhaus ein gem\u00fctliches Feuer zu machen. <\/p>\n<p>Mit einem Gewicht von <strong>2,8 kg<\/strong> hat diese Axt ein optimales Verh\u00e4ltnis zwischen Gewicht und Benutzerfreundlichkeit, was sie sowohl f\u00fcr erfahrene als auch f\u00fcr Anf\u00e4nger zu einem gro\u00dfartigen Helfer macht. Die Axt besteht aus hochwertigem, geschmiedetem Metall und ist \u00e4u\u00dferst langlebig und langlebig. Seine durchdachte Form und die scharfe Klinge sorgen daf\u00fcr, dass selbst in die h\u00e4rtesten Holzarten leicht geschnitten werden kann. Au\u00dferdem hat die Axt einen bequemen Griff, der einen sicheren Griff bietet.   <\/p>\n<p>Stahl \u2013 <strong>SHKX15<\/strong>, vollst\u00e4ndiger Zyklus der W\u00e4rmebehandlung mit Zonenh\u00e4rtung der Klinge zur <strong>Z\u00e4higkeit<\/strong>, H\u00e4rte der Schneide \u2013 etwa <strong>58<\/strong> <strong>HRC. Schlagsto\u00df, wie ein Hammer.<\/strong><\/p>\n<p>&nbsp;<\/p>\n","protected":false},"excerpt":{"rendered":"<p>Handgeschmiedet. Alle Anika-\u00c4xte sind handgefertigt, was eine leichte Variation der Parameter erm\u00f6glicht, aber das Ergebnis ist maximale Haltbarkeit und Einzigartigkeit jeder Axt. <\/p>\n<ul>\n<li><strong>Stahl<\/strong> \u2013 SHKX15.<\/li>\n<li><strong>Der Griff<\/strong> ist Asche, mit Tung\u00f6l \u00fcberzogen.<\/li>\n<li> <strong>Aufprallsto\u00df, wie ein Hammer.<\/strong><\/li>\n<li><strong>Gesamtl\u00e4nge<\/strong> \u2013 700 mm.<\/li>\n<li><strong>Rand<\/strong> \u2013 etwa 85 mm.<\/li>\n<li><strong>Axtgewicht<\/strong> \u2013 etwa 2800 Gramm.<\/li>\n<\/ul>\n","protected":false},"featured_media":38474,"comment_status":"open","ping_status":"closed","template":"","meta":{"_acf_changed":false,"_seopress_robots_primary_cat":"1054","_seopress_titles_title":"","_seopress_titles_desc":"","_seopress_robots_index":"","iawp_total_views":1},"product_brand":[],"product_cat":[1126,1125],"product_tag":[],"class_list":{"0":"post-38491","1":"product","2":"type-product","3":"status-publish","4":"has-post-thumbnail","6":"product_cat-axes","7":"product_cat-macheten-axte-schaufeln-und-sagen","9":"first","10":"instock","11":"featured","12":"taxable","13":"shipping-taxable","14":"purchasable","15":"product-type-simple"},"acf":[],"_links":{"self":[{"href":"https:\/\/25000miles.eu\/de\/wp-json\/wp\/v2\/product\/38491","targetHints":{"allow":["GET"]}}],"collection":[{"href":"https:\/\/25000miles.eu\/de\/wp-json\/wp\/v2\/product"}],"about":[{"href":"https:\/\/25000miles.eu\/de\/wp-json\/wp\/v2\/types\/product"}],"replies":[{"embeddable":true,"href":"https:\/\/25000miles.eu\/de\/wp-json\/wp\/v2\/comments?post=38491"}],"wp:featuredmedia":[{"embeddable":true,"href":"https:\/\/25000miles.eu\/de\/wp-json\/wp\/v2\/media\/38474"}],"wp:attachment":[{"href":"https:\/\/25000miles.eu\/de\/wp-json\/wp\/v2\/media?parent=38491"}],"wp:term":[{"taxonomy":"product_brand","embeddable":true,"href":"https:\/\/25000miles.eu\/de\/wp-json\/wp\/v2\/product_brand?post=38491"},{"taxonomy":"product_cat","embeddable":true,"href":"https:\/\/25000miles.eu\/de\/wp-json\/wp\/v2\/product_cat?post=38491"},{"taxonomy":"product_tag","embeddable":true,"href":"https:\/\/25000miles.eu\/de\/wp-json\/wp\/v2\/product_tag?post=38491"}],"curies":[{"name":"wp","href":"https:\/\/api.w.org\/{rel}","templated":true}]}}