{"id":38496,"date":"2025-07-06T23:15:57","date_gmt":"2025-07-06T21:15:57","guid":{"rendered":"https:\/\/25000miles.eu\/product\/venev-stahl-ueberlappungsplatte\/"},"modified":"2025-12-28T11:57:06","modified_gmt":"2025-12-28T10:57:06","slug":"venev-stahl-ueberlappungsplatte","status":"publish","type":"product","link":"https:\/\/25000miles.eu\/de\/produkt\/venev-stahl-ueberlappungsplatte\/","title":{"rendered":"Venev-Stahl-\u00dcberlappungsplatte."},"content":{"rendered":"<p>Unser Gesch\u00e4ft ist der offizielle Vertriebspartner von &#8220;<strong>Venev Industrial Diamonds<\/strong>&#8220;. Die <strong>Venev <\/strong>Smooth Steel Lapping Plate ist eine ideale L\u00f6sung, um perfekt ebene Oberfl\u00e4chen auf synthetischen und nat\u00fcrlichen Steinen mit Siliziumkarbidpulvern und Diamantverbindungen zu erreichen. Diese Platte besitzt zwei fein polierte \u00dcberlappungsfl\u00e4chen und misst einen Durchmesser von 200 mm. Material: Stahl 20H H\u00e4rte: 45 HRC Abmessungen: Durchmesser: 7,8 Zoll (200 mm) M\u00e4chtigkeit: 0,8 Zoll (20 mm) Gewicht: 11 lbs (5 kg) <strong>Gebrauchsanweisungen:<\/strong> Tragen Sie sauberes oder seifiges Wasser auf die Platte auf, um eine Schlamm mit Siliziumkarbidpulver herzustellen. Siliziumkarbidpulver kann auf Basis von Grit\/2 ausgew\u00e4hlt werden. Zum Beispiel kann ein Stein mit FEPA F600 Korn mit FEPA F300-Pulver nivelliert werden. Zur Steuerung kann man mit einem Marker ein &#8220;Raster&#8221;-Muster auf die Oberfl\u00e4che des zu nivellierenden Steins anbringen. W\u00e4hrend der Arbeit verschwindet das Muster und sobald es von der gesamten Oberfl\u00e4che des Steins verschwunden ist, wird es nivelliert. Die gleiche Methode kann verwendet werden, um neue Maserung im Stein zu \u00f6ffnen und zu reinigen, falls der Stein &#8220;fettig&#8221; geworden ist. Nach Abschluss des Lappenvorgangs reinigen und trocknen Sie den Teller gr\u00fcndlich. F\u00fcr l\u00e4ngere Lagerung sch\u00fctzen Sie die Oberfl\u00e4che, indem Sie eine d\u00fcnne Schicht Mineral\u00f6l auftragen.         <\/p>\n<p>Wir selbst f\u00fchren viel Sch\u00e4rfen durch, daher steht unser Team bereit, Sie zu beraten, wenn Sie eine Angelegenheit haben. Viel Spa\u00df beim Benutzen deiner scharfen Messer! Wir sind immer f\u00fcr euch da, das 25.000-Meilen-Team!<\/p>\n","protected":false},"excerpt":{"rendered":"<p><strong><span class=\"word pl ur1 ur2 ur3 highlight\">Venev<\/span> <\/strong><span class=\"word pl ur0 ur1 ur2 ur3 highlight\"> <span class=\"word pl ur0 ur1 ur2 ur3 highlight\">Stahl-\u00dcberlappungsplatte<\/span><span class=\"word pl ur0 ur1 ur2 ur3 highlight\">. <\/span><\/span> <\/p>\n<p>Siehe die <strong>Beschreibung<\/strong> f\u00fcr Details.<\/p>\n<p><strong>Material:<\/strong> <span class=\"word pl ur0 ur1 ur2 highlight\">Stahl<\/span> 20H<br \/>\n<strong><span class=\"word pl ur0 highlight\">H\u00e4rte:<\/span><\/strong> <span class=\"word pl ur0 highlight\">45<\/span> <span class=\"word pl ur0 highlight\">HRC<\/span><\/p>\n<p><strong>Dimensionen:<\/strong><\/p>\n<p><strong><span class=\"word pl ur0 highlight\">Durchmesser<\/span>:<\/strong> <span class=\"word pl ur0 highlight\">7<\/span>. <span class=\"word pl ur0 highlight\">8<\/span> <span class=\"word pl ur0 highlight\">Zoll<\/span> (<span class=\"word pl ur0 highlight\">200 mm<\/span>)<\/p>\n<p><strong>Dicke:<\/strong> <span class=\"word pl ur0 highlight\">0<\/span>. <span class=\"word pl ur0 highlight\">20<\/span> cm (8 <span class=\"word pl ur0 highlight\">Zoll<\/span> )<\/p>\n<p><strong>Gewicht<\/strong>: 5 kg (11 <span class=\"word pl ur0 highlight\">lbs<\/span> )<\/p>\n<p><strong>Marke:<\/strong> Venev Industriediamanten<\/p>\n<p><strong>Modellname (zu einer Karte zusammengefasst):<\/strong> <span class=\"word pl ur1 ur2 ur3 highlight\">Venev<\/span> <span class=\"word pl ur0 ur1 ur2 ur3 highlight\"> <span class=\"word pl ur0 ur1 ur2 ur3 highlight\">Stahl-\u00dcberlappungsplatte<\/span><span class=\"word pl ur0 ur1 ur2 ur3 highlight\">.<\/span><\/span><\/p>\n","protected":false},"featured_media":38494,"comment_status":"open","ping_status":"closed","template":"","meta":{"_acf_changed":false,"_seopress_robots_primary_cat":"1062","_seopress_titles_title":"","_seopress_titles_desc":"","_seopress_robots_index":"","iawp_total_views":0},"product_brand":[1271],"product_cat":[1132,1139,1141,1130,1138],"product_tag":[],"class_list":{"0":"post-38496","1":"product","2":"type-product","3":"status-publish","4":"has-post-thumbnail","6":"product_brand-venev-industrial-diamonds","7":"product_cat-hand-sharpening","8":"product_cat-hand-sharpening-stones","9":"product_cat-sharpening-system-stones","10":"product_cat-sharpening-tools-equipment","11":"product_cat-sharpening-and-finishing-stones","12":"pa_brand-venev","14":"first","15":"instock","16":"taxable","17":"shipping-taxable","18":"purchasable","19":"product-type-simple"},"acf":[],"_links":{"self":[{"href":"https:\/\/25000miles.eu\/de\/wp-json\/wp\/v2\/product\/38496","targetHints":{"allow":["GET"]}}],"collection":[{"href":"https:\/\/25000miles.eu\/de\/wp-json\/wp\/v2\/product"}],"about":[{"href":"https:\/\/25000miles.eu\/de\/wp-json\/wp\/v2\/types\/product"}],"replies":[{"embeddable":true,"href":"https:\/\/25000miles.eu\/de\/wp-json\/wp\/v2\/comments?post=38496"}],"wp:featuredmedia":[{"embeddable":true,"href":"https:\/\/25000miles.eu\/de\/wp-json\/wp\/v2\/media\/38494"}],"wp:attachment":[{"href":"https:\/\/25000miles.eu\/de\/wp-json\/wp\/v2\/media?parent=38496"}],"wp:term":[{"taxonomy":"product_brand","embeddable":true,"href":"https:\/\/25000miles.eu\/de\/wp-json\/wp\/v2\/product_brand?post=38496"},{"taxonomy":"product_cat","embeddable":true,"href":"https:\/\/25000miles.eu\/de\/wp-json\/wp\/v2\/product_cat?post=38496"},{"taxonomy":"product_tag","embeddable":true,"href":"https:\/\/25000miles.eu\/de\/wp-json\/wp\/v2\/product_tag?post=38496"}],"curies":[{"name":"wp","href":"https:\/\/api.w.org\/{rel}","templated":true}]}}