{"id":38498,"date":"2025-07-08T21:35:04","date_gmt":"2025-07-08T19:35:04","guid":{"rendered":"https:\/\/25000miles.eu\/product\/anika-tomahawk-wikinger-baertig-axt-mit-lederscheide\/"},"modified":"2026-01-08T21:53:31","modified_gmt":"2026-01-08T20:53:31","slug":"anika-tomahawk-wikinger-baertig-axt-mit-lederscheide","status":"publish","type":"product","link":"https:\/\/25000miles.eu\/de\/produkt\/anika-tomahawk-wikinger-baertig-axt-mit-lederscheide\/","title":{"rendered":"Anika &#8220;Tomahawk Wikinger&#8221; (b\u00e4rtig) Axt mit Lederscheide"},"content":{"rendered":"<p>Hauptmerkmale:<\/p>\n<p>Ultraleichte Campingaxt. Der perfekte Begleiter f\u00fcr Wandern und Outdoor-Aktivit\u00e4ten. Hervorragend, um kleine B\u00e4ume und \u00c4ste zu f\u00e4llen.  <\/p>\n<p>Stahl \u2013 <strong>SHKX15<\/strong>, vollst\u00e4ndiger Hitzebehandlungszyklus mit Zonenh\u00e4rtung der Klinge zur <strong>Z\u00e4higkeit<\/strong>, H\u00e4rte der Schneide \u2013 etwa <strong>58<\/strong> <strong>HRC. Sto\u00dfsto\u00df.<\/strong><\/p>\n<p><span style=\"color: var(--danger);\">Standardsch\u00e4rfung an der Axt f\u00fcr Holzbearbeitung mit einer Mikrokante. Wenn Sie f\u00fcr Arbeiten an anderen Materialien gesch\u00e4rft werden m\u00fcssen, geben Sie dies bitte vor der Bestellung an. <\/span><\/p>\n<p>&nbsp;<\/p>\n","protected":false},"excerpt":{"rendered":"<p>Handgeschmiedet. Alle Anika-\u00c4xte sind handgefertigt, was eine leichte Variation der Parameter erm\u00f6glicht, aber das Ergebnis ist maximale Haltbarkeit und Einzigartigkeit jeder Axt. <\/p>\n<ul>\n<li><strong>Stahl<\/strong> \u2013 SHKX15.<\/li>\n<li><strong>Der Griff<\/strong> ist Asche, mit Tung\u00f6l \u00fcberzogen.<\/li>\n<li><strong>Das Gewicht des Kopfes<\/strong> \u2013 etwa 650 Gramm. <strong>Aufprall-Butt<\/strong><\/li>\n<li><strong>Gesamtl\u00e4nge<\/strong> \u2013 610 mm.<\/li>\n<li><strong>Kante<\/strong> \u2013 etwa 95 mm.<\/li>\n<li><strong>Gewicht der Axt<\/strong> \u2013 etwa 1000 Gramm.<\/li>\n<\/ul>\n","protected":false},"featured_media":38489,"comment_status":"open","ping_status":"closed","template":"","meta":{"_acf_changed":false,"_seopress_robots_primary_cat":"1054","_seopress_titles_title":"","_seopress_titles_desc":"","_seopress_robots_index":"","iawp_total_views":6},"product_brand":[],"product_cat":[1126,1125],"product_tag":[],"class_list":{"0":"post-38498","1":"product","2":"type-product","3":"status-publish","4":"has-post-thumbnail","6":"product_cat-axes","7":"product_cat-macheten-axte-schaufeln-und-sagen","8":"pa_brand-anika","10":"first","11":"instock","12":"taxable","13":"shipping-taxable","14":"purchasable","15":"product-type-simple"},"acf":[],"_links":{"self":[{"href":"https:\/\/25000miles.eu\/de\/wp-json\/wp\/v2\/product\/38498","targetHints":{"allow":["GET"]}}],"collection":[{"href":"https:\/\/25000miles.eu\/de\/wp-json\/wp\/v2\/product"}],"about":[{"href":"https:\/\/25000miles.eu\/de\/wp-json\/wp\/v2\/types\/product"}],"replies":[{"embeddable":true,"href":"https:\/\/25000miles.eu\/de\/wp-json\/wp\/v2\/comments?post=38498"}],"wp:featuredmedia":[{"embeddable":true,"href":"https:\/\/25000miles.eu\/de\/wp-json\/wp\/v2\/media\/38489"}],"wp:attachment":[{"href":"https:\/\/25000miles.eu\/de\/wp-json\/wp\/v2\/media?parent=38498"}],"wp:term":[{"taxonomy":"product_brand","embeddable":true,"href":"https:\/\/25000miles.eu\/de\/wp-json\/wp\/v2\/product_brand?post=38498"},{"taxonomy":"product_cat","embeddable":true,"href":"https:\/\/25000miles.eu\/de\/wp-json\/wp\/v2\/product_cat?post=38498"},{"taxonomy":"product_tag","embeddable":true,"href":"https:\/\/25000miles.eu\/de\/wp-json\/wp\/v2\/product_tag?post=38498"}],"curies":[{"name":"wp","href":"https:\/\/api.w.org\/{rel}","templated":true}]}}