{"id":38545,"date":"2025-05-09T16:40:41","date_gmt":"2025-05-09T14:40:41","guid":{"rendered":"https:\/\/25000miles.eu\/product\/tsprof-kleiner-universaltisch\/"},"modified":"2026-01-08T21:53:36","modified_gmt":"2026-01-08T20:53:36","slug":"tsprof-kleiner-universaltisch","status":"publish","type":"product","link":"https:\/\/25000miles.eu\/de\/produkt\/tsprof-kleiner-universaltisch\/","title":{"rendered":"TSPROF Kleiner Universaltisch"},"content":{"rendered":"<p><strong>Kleiner universeller Sch\u00e4rftisch<\/strong> f\u00fcr <strong>TSPROF K02\/K03\/K03PRO,<\/strong> <strong>TSPROF Kadet (alle<\/strong>) und <strong>TSPROF Pioneer<\/strong> \u2013 Precision Tool Sharpening Made Effortless Entfalten Sie das volle Potenzial Ihrer Schneidwerkzeuge mit dem Small Universal Sharpening Table \u2013 einem unverzichtbaren Zubeh\u00f6r, das mit allen Versionen der Profile und TSPROF Kadet Sch\u00e4rfer sowie dem TSPROF Pioneer kompatibel ist. <strong>Pr\u00e4zisionssch\u00e4rfen f\u00fcr komplexe Schneidwerkzeuge mit Winkeln von noch mehr als 45\u00b0<\/strong> Dieser kompakte, aber robuste Universaltisch ist speziell daf\u00fcr konstruiert, Werkzeuge mit komplexen Geometrien und steilen Klingenwinkeln zu handhaben. Egal, ob Sie <g id=\"gid_5\">Scheren<\/g>, <g id=\"gid_6\">Multitoolklingen<\/g>, <g id=\"gid_7\">Friseurscheren<\/g> oder <g id=\"gid_8\">feine Holzbearbeitungsinstrumente\/Mei\u00dfel<\/g> pflegen \u2013 dieser Tisch sorgt daf\u00fcr, dass jede Schneide perfekt geschliffen wird. Kein Problem mehr mit unbequemen Winkeln oder eingeschr\u00e4nkter Pr\u00e4zision \u2013 der kleine universelle Sch\u00e4rftisch macht jede Sch\u00e4rfsession glatt, stabil und pr\u00e4zise. <strong>Doppel-Klemmsystem f\u00fcr maximale Stabilit\u00e4t und Vielseitigkeit<\/strong> Mit zwei markanten Klemmmechanismen ausgestattet \u2013 einer verk\u00fcrzten 16-mm-Kieferklemme und einer Y-f\u00f6rmigen Klemme \u2013 bietet dieser Tisch unvergleichliche Flexibilit\u00e4t beim Sichern Ihrer Werkzeuge.   Beide Klemmen werden mit robusten 3-mm-Schrauben fest am gefr\u00e4sten Sockel befestigt, sodass Sie Klingen unterschiedlicher Form und Gr\u00f6\u00dfe sicher befestigen k\u00f6nnen. Das Dreipunktmontagesystem sorgt f\u00fcr einen hervorragenden Griff, selbst bei Werkzeugen mit den schwierigsten Blattgeometrien, sodass Sie selbstbewusst ohne Ausrutschen oder Fehlausrichtung sch\u00e4rfen k\u00f6nnen. Verwenden Sie die Klemmen einzeln oder zusammen, je nach Bedarf Ihres Werkzeugs, und passen Sie sich nahtlos an verschiedene Sch\u00e4rfaufgaben an. Dieses Dual-Clamp-Design erweitert Ihre Sch\u00e4rff\u00e4higkeiten erheblich und steigert die Effizienz Ihrer Werkstatt. <strong>Massiver gefr\u00e4ster Sockel ohne Schwei\u00dfn\u00e4hte oder Befestigungselemente<\/strong> \u2013 Au\u00dfergew\u00f6hnliche Haltbarkeit und Stabilit\u00e4t Das Fundament dieses Schleiftisches besteht aus einem einzigen, pr\u00e4zisionsgefr\u00e4sten Metallblock, wodurch alle Schwei\u00dfn\u00e4hte oder getrennte Befestigungselemente entfernt werden, die die Struktur schw\u00e4chen k\u00f6nnten. Diese einteilige Basis garantiert unvergleichliche Steifigkeit und Langlebigkeit und verhindert so unerw\u00fcnschtes Biegen beim Sch\u00e4rfen. Das robuste Design sorgt f\u00fcr eine konstante Leistung \u00fcber Jahre regelm\u00e4\u00dfigen Gebrauchs hinweg, sch\u00fctzt Ihre Investition und verbessert Ihre Sch\u00e4rfgenauigkeit. <strong>M\u00fchelose Einstellung und sicherer Verriegelungsmechanismus<\/strong> Der Small Universal Sharpening Table verf\u00fcgt \u00fcber ein intelligentes Montagesystem, bei dem die Basis mit ergonomischen Fl\u00fcgelschrauben und einem Druckzylinder an zwei Rahmenhaltern befestigt wird. Diese breiten, leicht zu greifenden Fl\u00fcgelschrauben erm\u00f6glichen es, den Tisch schnell sicher zu verriegeln und bieten eine stabile Basis f\u00fcr pr\u00e4zise Sch\u00e4rfarbeiten. Au\u00dferdem kann der Sockel innerhalb der Halter umgedreht werden, wodurch sich die Anwendungs- und Werkzeuggr\u00f6\u00dfen erheblich erweitert \u2013 eine geniale Funktion, die die Vielseitigkeit erh\u00f6ht, ohne die Stabilit\u00e4t zu beeintr\u00e4chtigen.      Das Einstellen der Klemmen ist einfach und pr\u00e4zise mit einem Standard-3-mm-Schraubendreher, sodass Sie den Griff m\u00fchelos an Ihre Bed\u00fcrfnisse anpassen k\u00f6nnen. <strong>Warum den kleinen universellen Sch\u00e4rftisch w\u00e4hlen?<\/strong> Vielseitigkeit: Kompatibel mit Profile-, TSPROF Kadet- und TSPROF Pioneer-Sch\u00e4rfern. Pr\u00e4zision: Perfekt zum Sch\u00e4rfen von Werkzeugen mit Klingenwinkeln von mehr als 45\u00b0. Sichere Klemmen: Doppelklemmsystem (16 mm Kiefer und Y-f\u00f6rmig) gew\u00e4hrleistet maximalen Griff. Haltbarkeit: Einteilige gefr\u00e4ste Basis ohne Schwei\u00dfn\u00e4hte oder zus\u00e4tzliche Befestigungselemente. Einfache Einstellungen: Einfache 3mm-Schraubendreher-Verstellungen f\u00fcr perfekte Klemmkraft. Stabile Verriegelung: Breite Fl\u00fcgelschrauben sorgen f\u00fcr feste Fixierung und schnellen Aufbau. Erweiterte Reichweite: Reversible Basis erweitert die Sch\u00e4rfungsm\u00f6glichkeiten. Vielseitige Anwendung: Ideal f\u00fcr Scheren, Multitools, Friseur- und Tischlerwerkzeuge. Investieren Sie noch heute in den Small Universal Sharpening Table und transformieren Sie Ihr Sch\u00e4rferlebnis. Erreichen Sie messerscharfe Pr\u00e4zision mit unvergleichlicher Leichtigkeit und Zuverl\u00e4ssigkeit. Egal, ob Sie ein professioneller Handwerker oder ein leidenschaftlicher Hobbyist sind \u2013 dieses \u00fcberlegene Zubeh\u00f6r hebt Ihre Werkzeugwartungsroutine auf ein neues Niveau \u2013 jeder Schnitt wird sauberer, jede Schneide sch\u00e4rfer, jedes Projekt perfekt.  <\/p>\n<h3>Produkteigenschaften:<\/h3>\n<ul>\n<li><strong>Geeignet f\u00fcr<\/strong>: Kadet Expert, Kadet Pro, Pioneer, Profile K02, Profile K03, Profile K03 Pro<\/li>\n<li><strong>Minimaler Sch\u00e4rfwinkel:<\/strong> 45<\/li>\n<li><strong>Material:<\/strong> Aluminiumlegierung<\/li>\n<li><strong>Verpackung:<\/strong> Ziplock-Beutel<\/li>\n<li><strong>Garantie:<\/strong> 1 Jahr<\/li>\n<\/ul>\n<p>Wir selbst f\u00fchren viel Sch\u00e4rfen durch, daher steht unser Team bereit, Sie zu beraten, wenn Sie eine Angelegenheit haben. Viel Spa\u00df beim Benutzen deiner scharfen Messer! Wir sind immer f\u00fcr euch da, das 25.000-Meilen-Team!<\/p>\n","protected":false},"excerpt":{"rendered":"<p>Pr\u00e4zisionssch\u00e4rfen f\u00fcr komplexe Schneidwerkzeuge mit Winkeln \u00fcber 45\u00b0 (Details in der Beschreibung)<\/p>\n<ul>\n<li><strong>Geeignet f\u00fcr<\/strong>: Kadet Expert, Kadet Pro, Pioneer, Profile K02, Profile K03, Profile K03 Pro<\/li>\n<li><strong>Minimaler Sch\u00e4rfwinkel:<\/strong> 45<\/li>\n<li><strong>Material:<\/strong> Aluminiumlegierung<\/li>\n<li><strong>Verpackung:<\/strong> Ziplock-Beutel<\/li>\n<li><strong>Garantie:<\/strong> 1 Jahr<\/li>\n<\/ul>\n","protected":false},"featured_media":38541,"comment_status":"open","ping_status":"closed","template":"","meta":{"_acf_changed":false,"_seopress_robots_primary_cat":"1061","_seopress_titles_title":"","_seopress_titles_desc":"","_seopress_robots_index":"","iawp_total_views":3},"product_brand":[],"product_cat":[1130,1134,1135,1136,1137,1131],"product_tag":[],"class_list":{"0":"post-38545","1":"product","2":"type-product","3":"status-publish","4":"has-post-thumbnail","6":"product_cat-sharpening-tools-equipment","7":"product_cat-tsprof-blitz-sharpening-system","8":"product_cat-tsprof-k03-sharpening-system","9":"product_cat-tsprof-kadet-sharpening-system","10":"product_cat-tsprof-pioneer-sharpening-system","11":"product_cat-accessories-for-sharpening-systems","13":"first","14":"outofstock","15":"taxable","16":"shipping-taxable","17":"purchasable","18":"product-type-simple"},"acf":[],"_links":{"self":[{"href":"https:\/\/25000miles.eu\/de\/wp-json\/wp\/v2\/product\/38545","targetHints":{"allow":["GET"]}}],"collection":[{"href":"https:\/\/25000miles.eu\/de\/wp-json\/wp\/v2\/product"}],"about":[{"href":"https:\/\/25000miles.eu\/de\/wp-json\/wp\/v2\/types\/product"}],"replies":[{"embeddable":true,"href":"https:\/\/25000miles.eu\/de\/wp-json\/wp\/v2\/comments?post=38545"}],"wp:featuredmedia":[{"embeddable":true,"href":"https:\/\/25000miles.eu\/de\/wp-json\/wp\/v2\/media\/38541"}],"wp:attachment":[{"href":"https:\/\/25000miles.eu\/de\/wp-json\/wp\/v2\/media?parent=38545"}],"wp:term":[{"taxonomy":"product_brand","embeddable":true,"href":"https:\/\/25000miles.eu\/de\/wp-json\/wp\/v2\/product_brand?post=38545"},{"taxonomy":"product_cat","embeddable":true,"href":"https:\/\/25000miles.eu\/de\/wp-json\/wp\/v2\/product_cat?post=38545"},{"taxonomy":"product_tag","embeddable":true,"href":"https:\/\/25000miles.eu\/de\/wp-json\/wp\/v2\/product_tag?post=38545"}],"curies":[{"name":"wp","href":"https:\/\/api.w.org\/{rel}","templated":true}]}}