{"id":38553,"date":"2025-04-27T17:43:44","date_gmt":"2025-04-27T15:43:44","guid":{"rendered":"https:\/\/25000miles.eu\/product\/venev-archer-slim-diamantstein-ms-1-f360-fepa-f-100\/"},"modified":"2026-01-08T21:54:05","modified_gmt":"2026-01-08T20:54:05","slug":"venev-archer-slim-diamantstein-ms-1-f360-fepa-f-100","status":"publish","type":"product","link":"https:\/\/25000miles.eu\/de\/produkt\/venev-archer-slim-diamantstein-ms-1-f360-fepa-f-100\/","title":{"rendered":"Venev &#8220;Archer Slim&#8221; Diamantstein MS-1 (F360 Fepa-F) 100%"},"content":{"rendered":"<p>Unser Gesch\u00e4ft ist der offizielle Vertriebspartner von &#8220;<strong>Venev Industrial Diamonds<\/strong>&#8220;. Aufgrund ihrer hohen Leistung und Haltbarkeit bieten diese Schleifmittel ein ausgezeichnetes Preis-Leistungs-Verh\u00e4ltnis. Die Wahl der richtigen K\u00f6rnung sorgt f\u00fcr ein hervorragendes, m\u00fcheloses Ergebnis, egal ob Reparatur, Nachsch\u00e4rfen oder Polieren. <\/p>\n<p>Wir pr\u00e4sentieren ein neues B\u00fcndel Venev-Pflanze \u2013 &#8220;<strong>MS-1<\/strong>&#8220;. Da die Pflanze bereits ein schnelles und effizientes Arbeitsgetreide hatte, l\u00f6ste sie das letzte Problem \u2013 den Verschlei\u00df der Steine w\u00e4hrend der Arbeit. So wurde das schwierigste m\u00f6gliche Bundle &#8220;MS-1&#8243; geschaffen<\/p>\n<p>Das neue MS-1-B\u00fcndel umfasst folgende Komponenten:<br \/>\nKupfer, Zinn, Diamant, zus\u00e4tzlich Siliziumkarbid-F\u00fcllstoff, der im Verh\u00e4ltnis zu Diamant feiner ist, und anderen Bauteilen, die die Entfernung von aktivem Metall \u00fcber die gesamte Lebensdauer erm\u00f6glichen.<br \/>\nDie Metallbindung wird bei einer h\u00f6heren Temperatur von 650 Grad Celsius gesintert.<br \/>\nCelsius. Das Schleifmittel wird dann auf einer Hochdruckpresse verdichtet. <\/p>\n<p>MS-1&#8221;-Bindemittel h\u00e4lt und funktioniert gleicherma\u00dfen gut mit <strong>ACM\/AC6-Korn<\/strong> (Standardkorn der Venevsky-Diamantfabrik) und <strong>CBN-Korn<\/strong> (&#8220;El&#8217;bor&#8221; \u2013 kubisches Bornitrid CBN). Da wir beide Getreidearten haben, geben wir sie in der Produktbeschreibung an. <\/p>\n<p>Die Basis f\u00fcr die Schleifschicht ist ein Aluminiumrohstoff. Das erm\u00f6glicht es, den Stein sicher in den meisten Schleifsystemen der Welt zu montieren. Die Kombination aus einer superharten Bindung und einer <strong>2 mm<\/strong> dicken Arbeitsschicht erm\u00f6glichte eine unglaubliche Abnutzungsbest\u00e4ndigkeit des Schleifmittels, ohne Geschwindigkeitsverlust! <\/p>\n<h3><strong>H\u00e4ufig gestellte Fragen:<\/strong><\/h3>\n<h4><strong>Welche Fl\u00fcssigkeit sollte man verwenden?<\/strong><\/h4>\n<p>Diese Steine eignen sich gut mit vielen Fl\u00fcssigkeiten:<\/p>\n<p>1. Du kannst eine Seifenwasserl\u00f6sung mit Fairy verwenden. Diese Art von Fl\u00fcssigkeit verdampft jedoch schneller als \u00f6lbasierte Fl\u00fcssigkeiten. Das erfordert h\u00e4ufigere Benutzung.<br \/>\n2. Reines Oliven\u00f6l. Funktioniert gut, verdampft langsamer.<br \/>\n3. Spezielle \u00d6le zum Sch\u00e4rfen. <span style=\"color: var(--danger);\">Ohne \u00d6ls\u00e4ure-basierte \u00d6le (das Metallb\u00fcndel kann beim Gebrauch rosten)<\/span><br \/>4. Verwenden Sie Wasser und eine B\u00fcrste, um den Stein zu reinigen. Au\u00dferdem kann der &#8220;<span style=\"color: #000000;\">Bodrid 150<\/span>&#8221; f\u00fcr &#8220;\u00d6ffnung, Erneuerung&#8221;, Nivellierung oder Reinigung des Steins verwendet werden.    <\/p>\n<h4><strong>Was bedeutet das \u2013 Abrasive Konzentration: 100 %?<\/strong><\/h4>\n<p>Die Fabrik stellt Steine mit 25 %, 50 % und 100 % Getreide her, die die Bindung f\u00fcllen. Dies wirkt sich direkt auf den Preis des Steins aus. Wenn Geschwindigkeit und Verschlei\u00dffestigkeit f\u00fcr uns in den Anfangsphasen wichtig sind (in solchen F\u00e4llen empfehlen wir 100 % Konzentration), dann kann am Ende durchaus 25 % ber\u00fccksichtigt werden, um Geld zu sparen.  <\/p>\n<h4><strong>Was bedeuten die Zahlen auf dem Stein 20\/14, 14\/10&#8230;&#8230;..1\/0?<\/strong><\/h4>\n<p>Alle <a href=\"https:\/\/25000miles.eu\/product\/venev-paladin-diamond-stone-ms-1-f400-f800-fepa-f-100\/\">Venev-Diamantsteine<\/a> sind ab Werk mit Mikronkorn gekennzeichnet (laut GOST 9206). Zum Beispiel bedeutet &#8220;50\/40&#8221;, dass der Stein nur Diamanten im Bereich von 50 bis 40 Mikrometern enth\u00e4lt, weder gr\u00f6\u00dfer noch feiner. Wenn die Markierung &#8220;100\/80-50\/40&#8221; lautet, bedeutet das, dass eine Seite 100\/80 und die andere 50\/40 ist. Je gr\u00f6ber die Maserung, desto gr\u00f6ber das Steinwerk.Zur Bequemlichkeit unserer Kunden zeigt unsere Website auch die ungef\u00e4hre Korrelation zwischen den Mikronen und dem Fepa F-Standardkorn an. Sie finden sie in der interaktiven <g id=\"gid_1\"><strong>Tabelle hier<\/strong><\/g>.    <\/p>\n<h4><strong>F\u00fcr welche Systeme sind sie geeignet?<\/strong><\/h4>\n<p>Aufgrund des speziellen Aluminiumsockels \u2013 die meisten Systeme. <strong>TSPROF<\/strong> (alle Modelle), Apex, Edge PRO, Kazak, Zhuk und andere. <\/p>\n<p>Wir selbst f\u00fchren viel Sch\u00e4rfen durch, daher steht unser Team bereit, Sie zu beraten, wenn Sie eine Angelegenheit haben.<br \/>\nViel Spa\u00df beim Benutzen deiner scharfen Messer!<br \/>\nWir sind immer f\u00fcr dich da,<br \/>\n das 25.000-Meilen-Team!<\/p>\n","protected":false},"excerpt":{"rendered":"<p><strong>Venev &#8220;Archer Slim&#8221; MS-1<\/strong> Serien-Diamantblock zum Formen, Sch\u00e4rfen und Fertigstellen der Schneidkante.<\/p>\n<p>Der Wert in Klammern steht f\u00fcr die Gr\u00f6\u00dfe in Mikrometern. Siehe die Beschreibung f\u00fcr Details. <\/p>\n<p>Geeignet f\u00fcr Sch\u00e4rfsysteme: TsProf (K03, Kadet, Blitz, Pioneer), Kazak, Apex Edge Pro und Nachbauten.<\/p>\n<ul>\n<li><strong>Gr\u00f6\u00dfe:<\/strong> 150\u044520\u04456 mm (6&#8243; x 0,8&#8243; x 0,24&#8243;)<\/li>\n<li><strong>Dicke der Arbeitsschicht:<\/strong> <span style=\"color: #0000ff;\"><strong>2 mm<\/strong><\/span><\/li>\n<li><strong>Streugut:<\/strong> F360 Fepa-F (28\/20 Mikron)<\/li>\n<li><strong>Abrasive Konzentration:<\/strong> 100 %<\/li>\n<li><strong>Anleihenqualit\u00e4t:<\/strong> MS-1<\/li>\n<li><strong>Diamantpulverqualit\u00e4t:<\/strong> ACM\/AC6<\/li>\n<li><strong>Modellname (zu einer Karte zusammengefasst):<\/strong> 150x20x6x2mm <strong>&#8220;Archer Slim&#8221; <\/strong>MS-1 100%.<\/li>\n<\/ul>\n","protected":false},"featured_media":38546,"comment_status":"open","ping_status":"closed","template":"","meta":{"_acf_changed":false,"_seopress_robots_primary_cat":"1062","_seopress_titles_title":"","_seopress_titles_desc":"","_seopress_robots_index":"","iawp_total_views":0},"product_brand":[],"product_cat":[1141,1130,1138],"product_tag":[],"class_list":{"0":"post-38553","1":"product","2":"type-product","3":"status-publish","4":"has-post-thumbnail","6":"product_cat-sharpening-system-stones","7":"product_cat-sharpening-tools-equipment","8":"product_cat-sharpening-and-finishing-stones","10":"first","11":"instock","12":"taxable","13":"shipping-taxable","14":"purchasable","15":"product-type-simple"},"acf":[],"_links":{"self":[{"href":"https:\/\/25000miles.eu\/de\/wp-json\/wp\/v2\/product\/38553","targetHints":{"allow":["GET"]}}],"collection":[{"href":"https:\/\/25000miles.eu\/de\/wp-json\/wp\/v2\/product"}],"about":[{"href":"https:\/\/25000miles.eu\/de\/wp-json\/wp\/v2\/types\/product"}],"replies":[{"embeddable":true,"href":"https:\/\/25000miles.eu\/de\/wp-json\/wp\/v2\/comments?post=38553"}],"wp:featuredmedia":[{"embeddable":true,"href":"https:\/\/25000miles.eu\/de\/wp-json\/wp\/v2\/media\/38546"}],"wp:attachment":[{"href":"https:\/\/25000miles.eu\/de\/wp-json\/wp\/v2\/media?parent=38553"}],"wp:term":[{"taxonomy":"product_brand","embeddable":true,"href":"https:\/\/25000miles.eu\/de\/wp-json\/wp\/v2\/product_brand?post=38553"},{"taxonomy":"product_cat","embeddable":true,"href":"https:\/\/25000miles.eu\/de\/wp-json\/wp\/v2\/product_cat?post=38553"},{"taxonomy":"product_tag","embeddable":true,"href":"https:\/\/25000miles.eu\/de\/wp-json\/wp\/v2\/product_tag?post=38553"}],"curies":[{"name":"wp","href":"https:\/\/api.w.org\/{rel}","templated":true}]}}