{"id":38560,"date":"2025-04-25T12:31:53","date_gmt":"2025-04-25T10:31:53","guid":{"rendered":"https:\/\/25000miles.eu\/product\/anika-ushkui-mit-umgekehrter-kopfmontage-axt-lederscheide\/"},"modified":"2026-01-08T21:53:36","modified_gmt":"2026-01-08T20:53:36","slug":"anika-ushkui-mit-umgekehrter-kopfmontage-axt-lederscheide","status":"publish","type":"product","link":"https:\/\/25000miles.eu\/de\/produkt\/anika-ushkui-mit-umgekehrter-kopfmontage-axt-lederscheide\/","title":{"rendered":"Anika &#8220;Ushkui mit umgekehrter Kopfmontage&#8221; Axt, Lederscheide"},"content":{"rendered":"<p>Leichte Touristenaxt, basierend auf der traditionellen russischen Axt. Speziell f\u00fcr den Wald entworfen. <\/p>\n<p>&nbsp;<\/p>\n<p>Vorteile:<\/p>\n<p>-Die spezielle Geometrie des &#8220;Kopfes&#8221; erlaubt einen tiefen Eindringen ins Holz, wodurch es durchbohrt wird, und dennoch bleibt die Axt leicht zu tragen.<\/p>\n<p>-Zusammengedr\u00fcckte Klinge erh\u00f6ht den Schaft auf der Sch\u00e4rfung.<\/p>\n<p>-Der gro\u00dfe<strong> Sto\u00dfschuh<\/strong> erlaubt es, Holzkeile zu schlagen, ohne sie zu brechen.<\/p>\n<p>&#8211; <strong>Die Umgekehrt-Kopfmontagemethode<\/strong> sorgt f\u00fcr eine erh\u00f6hte Zuverl\u00e4ssigkeit der Befestigung.<\/p>\n<p>&#8211; Ein gebogener Griff erh\u00f6ht sogar bei der R\u00fcckw\u00e4rtsmontage den Komfort und die Zuverl\u00e4ssigkeit des Griffs.<\/p>\n<p>&nbsp;<\/p>\n","protected":false},"excerpt":{"rendered":"<p>Handgeschmiedet. Alle Anika-\u00c4xte sind handgefertigt, was eine leichte Variation der Parameter erm\u00f6glicht, aber das Ergebnis ist maximale Haltbarkeit und Einzigartigkeit jeder Axt. <\/p>\n<p><strong>Das Gewicht des Kopfes<\/strong> \u2013 etwa 600 Gramm.<\/p>\n<p><strong>Gesamtl\u00e4nge<\/strong> \u2013 600 mm.<\/p>\n<p><strong>Kante<\/strong> \u2013 etwa 90 mm.<\/p>\n<p><strong>Gewicht der Axt<\/strong> \u2013 etwa 1000 Gramm.<\/p>\n","protected":false},"featured_media":38490,"comment_status":"open","ping_status":"closed","template":"","meta":{"_acf_changed":false,"_seopress_robots_primary_cat":"1054","_seopress_titles_title":"","_seopress_titles_desc":"","_seopress_robots_index":"","iawp_total_views":1},"product_brand":[],"product_cat":[1126,1125],"product_tag":[],"class_list":{"0":"post-38560","1":"product","2":"type-product","3":"status-publish","4":"has-post-thumbnail","6":"product_cat-axes","7":"product_cat-machetes-axes-saws","9":"first","10":"instock","11":"taxable","12":"shipping-taxable","13":"purchasable","14":"product-type-simple"},"acf":[],"_links":{"self":[{"href":"https:\/\/25000miles.eu\/de\/wp-json\/wp\/v2\/product\/38560","targetHints":{"allow":["GET"]}}],"collection":[{"href":"https:\/\/25000miles.eu\/de\/wp-json\/wp\/v2\/product"}],"about":[{"href":"https:\/\/25000miles.eu\/de\/wp-json\/wp\/v2\/types\/product"}],"replies":[{"embeddable":true,"href":"https:\/\/25000miles.eu\/de\/wp-json\/wp\/v2\/comments?post=38560"}],"wp:featuredmedia":[{"embeddable":true,"href":"https:\/\/25000miles.eu\/de\/wp-json\/wp\/v2\/media\/38490"}],"wp:attachment":[{"href":"https:\/\/25000miles.eu\/de\/wp-json\/wp\/v2\/media?parent=38560"}],"wp:term":[{"taxonomy":"product_brand","embeddable":true,"href":"https:\/\/25000miles.eu\/de\/wp-json\/wp\/v2\/product_brand?post=38560"},{"taxonomy":"product_cat","embeddable":true,"href":"https:\/\/25000miles.eu\/de\/wp-json\/wp\/v2\/product_cat?post=38560"},{"taxonomy":"product_tag","embeddable":true,"href":"https:\/\/25000miles.eu\/de\/wp-json\/wp\/v2\/product_tag?post=38560"}],"curies":[{"name":"wp","href":"https:\/\/api.w.org\/{rel}","templated":true}]}}