{"id":38624,"date":"2025-04-02T21:48:12","date_gmt":"2025-04-02T19:48:12","guid":{"rendered":"https:\/\/25000miles.eu\/product\/anika-eger-l-axt-mit-lederscheide\/"},"modified":"2025-12-28T11:57:05","modified_gmt":"2025-12-28T10:57:05","slug":"anika-eger-l-axt-mit-lederscheide","status":"publish","type":"product","link":"https:\/\/25000miles.eu\/de\/produkt\/anika-eger-l-axt-mit-lederscheide\/","title":{"rendered":"Anika &#8220;Eger L&#8221; Axt mit Lederscheide"},"content":{"rendered":"<p>L\u00e4ngere Version der Axt &#8220;Eger&#8221;<\/p>\n<p><strong>Hauptmerkmale:<\/strong><\/p>\n<p>Diese Axt ist perfekt f\u00fcr die Arbeit im Wald. Der lange Griff erm\u00f6glicht es dir, effizient mit beiden H\u00e4nden zu arbeiten. Der leichte Kopf erm\u00f6glicht es dir, an schwer erreichbaren Stellen und in schwierigen Winkeln zu hacken. Lange genug schneidende Schneide \u2013 praktisch beim Schneiden von \u00c4sten. Und das insgesamt geringe Gewicht wird besonders von denen gesch\u00e4tzt werden, die zu Fu\u00df reisen.    <\/p>\n<p>Stahl \u2013 <strong>SHKX15<\/strong>, vollst\u00e4ndiger Hitzebehandlungszyklus mit Zonenh\u00e4rtung der Klinge zur <strong>Z\u00e4higkeit<\/strong>, H\u00e4rte der Schneide \u2013 etwa <strong>58<\/strong> <strong>HRC. Sto\u00dfsto\u00df.<\/strong><\/p>\n<p><span style=\"color: var(--danger);\">Standardsch\u00e4rfung an der Axt f\u00fcr Holzbearbeitung mit einer Mikrokante. Wenn Sie f\u00fcr Arbeiten an anderen Materialien gesch\u00e4rft werden m\u00fcssen, geben Sie dies bitte vor der Bestellung an. <\/span><\/p>\n","protected":false},"excerpt":{"rendered":"<p>Handgeschmiedet. Alle Anika-\u00c4xte sind handgefertigt, was eine leichte Variation der Parameter erm\u00f6glicht, aber das Ergebnis ist maximale Haltbarkeit und Einzigartigkeit jeder Axt. <\/p>\n<ul>\n<li><strong>Stahl<\/strong> \u2013 SHKX15.<\/li>\n<li><strong>Der Griff<\/strong> ist Asche, mit Tung\u00f6l \u00fcberzogen.<\/li>\n<li><strong>Das Gewicht des Kopfes<\/strong> \u2013 etwa 600 Gramm. Aufprall-Butt<\/li>\n<li><strong>Gesamtl\u00e4nge<\/strong> \u2013 500 mm.<\/li>\n<li><strong>Kante<\/strong> \u2013 etwa 90 mm.<\/li>\n<li><strong>Axtgewicht<\/strong> \u2013 etwa 950 Gramm.<\/li>\n<\/ul>\n","protected":false},"featured_media":38616,"comment_status":"open","ping_status":"closed","template":"","meta":{"_acf_changed":false,"_seopress_robots_primary_cat":"1054","_seopress_titles_title":"","_seopress_titles_desc":"","_seopress_robots_index":"","iawp_total_views":1},"product_brand":[1280],"product_cat":[1126,1125],"product_tag":[],"class_list":{"0":"post-38624","1":"product","2":"type-product","3":"status-publish","4":"has-post-thumbnail","6":"product_brand-anika","7":"product_cat-axes","8":"product_cat-macheten-axte-schaufeln-und-sagen","9":"pa_brand-anika","11":"first","12":"instock","13":"taxable","14":"shipping-taxable","15":"purchasable","16":"product-type-simple"},"acf":[],"_links":{"self":[{"href":"https:\/\/25000miles.eu\/de\/wp-json\/wp\/v2\/product\/38624","targetHints":{"allow":["GET"]}}],"collection":[{"href":"https:\/\/25000miles.eu\/de\/wp-json\/wp\/v2\/product"}],"about":[{"href":"https:\/\/25000miles.eu\/de\/wp-json\/wp\/v2\/types\/product"}],"replies":[{"embeddable":true,"href":"https:\/\/25000miles.eu\/de\/wp-json\/wp\/v2\/comments?post=38624"}],"wp:featuredmedia":[{"embeddable":true,"href":"https:\/\/25000miles.eu\/de\/wp-json\/wp\/v2\/media\/38616"}],"wp:attachment":[{"href":"https:\/\/25000miles.eu\/de\/wp-json\/wp\/v2\/media?parent=38624"}],"wp:term":[{"taxonomy":"product_brand","embeddable":true,"href":"https:\/\/25000miles.eu\/de\/wp-json\/wp\/v2\/product_brand?post=38624"},{"taxonomy":"product_cat","embeddable":true,"href":"https:\/\/25000miles.eu\/de\/wp-json\/wp\/v2\/product_cat?post=38624"},{"taxonomy":"product_tag","embeddable":true,"href":"https:\/\/25000miles.eu\/de\/wp-json\/wp\/v2\/product_tag?post=38624"}],"curies":[{"name":"wp","href":"https:\/\/api.w.org\/{rel}","templated":true}]}}