{"id":38673,"date":"2025-03-11T12:09:29","date_gmt":"2025-03-11T11:09:29","guid":{"rendered":"https:\/\/25000miles.eu\/product\/anika-scopa-axt-mit-lederscheide\/"},"modified":"2025-12-28T11:57:06","modified_gmt":"2025-12-28T10:57:06","slug":"anika-scopa-axt-mit-lederscheide","status":"publish","type":"product","link":"https:\/\/25000miles.eu\/de\/produkt\/anika-scopa-axt-mit-lederscheide\/","title":{"rendered":"Anika &#8220;Scopa&#8221; Axt mit Lederscheide"},"content":{"rendered":"<p>Hauptmerkmale:<\/p>\n<p>Schwerer &#8220;Kopf&#8221;, langer Griff, kurze Klinge. H\u00f6here Effizienz beim F\u00e4llen und Querschneiden. Konzipiert f\u00fcr langfristige Arbeit unter nat\u00fcrlichen Bedingungen. Budget-Analogon der langen Lageraxt des &#8220;Fin&#8221;-Typs. Sie ist auch ein leichteres Gegenst\u00fcck zur &#8220;American Felling&#8221;-Axt.    <\/p>\n<p>Stahl \u2013 <strong>SHKX15<\/strong>, voller Zyklus der W\u00e4rmebehandlung mit Zonenh\u00e4rtung der Klinge f\u00fcr <strong>Z\u00e4higkeit<\/strong>, H\u00e4rte der Schneide \u2013 etwa <strong>58<\/strong> <strong>HRC.<\/strong><\/p>\n<p><span style=\"color: var(--danger);\">Standardsch\u00e4rfung an der Axt f\u00fcr Holzbearbeitung mit einer Mikrokante. Wenn Sie f\u00fcr Arbeiten an anderen Materialien gesch\u00e4rft werden m\u00fcssen, geben Sie dies bitte vor der Bestellung an. <\/span><\/p>\n","protected":false},"excerpt":{"rendered":"<p>Handgeschmiedet. Alle Anika-\u00c4xte sind handgefertigt, was eine leichte Variation der Parameter erm\u00f6glicht, aber das Ergebnis ist maximale Haltbarkeit und Einzigartigkeit jeder Axt. <\/p>\n<ul>\n<li><strong>Stahl<\/strong> \u2013 SHKX15.<\/li>\n<li><strong>Der Griff<\/strong> ist Asche, mit Tung\u00f6l \u00fcberzogen.<\/li>\n<li><strong>Das Gewicht des Kopfes<\/strong> \u2013 etwa 1100 Gramm.<\/li>\n<li><strong>Gesamtl\u00e4nge<\/strong> \u2013 700 mm.<\/li>\n<li><strong>Kante<\/strong> \u2013 etwa 115 mm.<\/li>\n<li><strong>Gewicht der Axt<\/strong> \u2013 etwa 1500 Gramm.<\/li>\n<\/ul>\n","protected":false},"featured_media":38634,"comment_status":"open","ping_status":"closed","template":"","meta":{"_acf_changed":false,"_seopress_robots_primary_cat":"1054","_seopress_titles_title":"","_seopress_titles_desc":"","_seopress_robots_index":"","iawp_total_views":2},"product_brand":[1280],"product_cat":[1126,1125],"product_tag":[],"class_list":{"0":"post-38673","1":"product","2":"type-product","3":"status-publish","4":"has-post-thumbnail","6":"product_brand-anika","7":"product_cat-axes","8":"product_cat-macheten-axte-schaufeln-und-sagen","9":"pa_brand-anika","11":"first","12":"instock","13":"featured","14":"taxable","15":"shipping-taxable","16":"purchasable","17":"product-type-simple"},"acf":[],"_links":{"self":[{"href":"https:\/\/25000miles.eu\/de\/wp-json\/wp\/v2\/product\/38673","targetHints":{"allow":["GET"]}}],"collection":[{"href":"https:\/\/25000miles.eu\/de\/wp-json\/wp\/v2\/product"}],"about":[{"href":"https:\/\/25000miles.eu\/de\/wp-json\/wp\/v2\/types\/product"}],"replies":[{"embeddable":true,"href":"https:\/\/25000miles.eu\/de\/wp-json\/wp\/v2\/comments?post=38673"}],"wp:featuredmedia":[{"embeddable":true,"href":"https:\/\/25000miles.eu\/de\/wp-json\/wp\/v2\/media\/38634"}],"wp:attachment":[{"href":"https:\/\/25000miles.eu\/de\/wp-json\/wp\/v2\/media?parent=38673"}],"wp:term":[{"taxonomy":"product_brand","embeddable":true,"href":"https:\/\/25000miles.eu\/de\/wp-json\/wp\/v2\/product_brand?post=38673"},{"taxonomy":"product_cat","embeddable":true,"href":"https:\/\/25000miles.eu\/de\/wp-json\/wp\/v2\/product_cat?post=38673"},{"taxonomy":"product_tag","embeddable":true,"href":"https:\/\/25000miles.eu\/de\/wp-json\/wp\/v2\/product_tag?post=38673"}],"curies":[{"name":"wp","href":"https:\/\/api.w.org\/{rel}","templated":true}]}}