{"id":38679,"date":"2025-03-04T10:18:26","date_gmt":"2025-03-04T09:18:26","guid":{"rendered":"https:\/\/25000miles.eu\/product\/anika-infanterieschaufel-mit-deckung\/"},"modified":"2026-01-08T21:53:49","modified_gmt":"2026-01-08T20:53:49","slug":"anika-infanterieschaufel-mit-deckung","status":"publish","type":"product","link":"https:\/\/25000miles.eu\/de\/produkt\/anika-infanterieschaufel-mit-deckung\/","title":{"rendered":"Anika &#8220;Infanterieschaufel&#8221; mit Deckung."},"content":{"rendered":"<p>Kleine Infanterieschaufel mit zus\u00e4tzlicher Verst\u00e4rkungsrippe und scharfer Schneidkante. Dein verl\u00e4sslicher Helfer auf einem Campingausflug. <strong><br \/>\n<\/strong><\/p>\n","protected":false},"excerpt":{"rendered":"<p><strong>Handgeschmiedet.  <\/strong>Alle Anika-Produkte werden von Hand geschmiedet, was eine leichte Variation der Parameter erm\u00f6glicht, aber das Ergebnis ist maximale Haltbarkeit und Einzigartigkeit jeder Axt, Kukri, Parang oder Schaufel.<\/p>\n<p>Stahl \u2013 <strong>65G<\/strong>, kompletter Zyklus der W\u00e4rmebehandlung.<\/p>\n<ul>\n<li><strong>Der Griff<\/strong> ist Asche, mit Tung\u00f6l \u00fcberzogen.<\/li>\n<li><strong>Schaufelbreite<\/strong> \u2013 140 mm<\/li>\n<li><strong>Gesamtl\u00e4nge<\/strong> \u2013 505 mm.<\/li>\n<li><strong>Kante<\/strong> \u2013 etwa 110 mm.<\/li>\n<li><strong>Gewicht der Schaufel<\/strong> \u2013 etwa 1000 Gramm.<\/li>\n<li><strong>Enth\u00e4lt Baumwollplane<\/strong><\/li>\n<\/ul>\n","protected":false},"featured_media":38672,"comment_status":"open","ping_status":"closed","template":"","meta":{"_acf_changed":false,"_seopress_robots_primary_cat":"1069","_seopress_titles_title":"","_seopress_titles_desc":"","_seopress_robots_index":"","iawp_total_views":1},"product_brand":[],"product_cat":[1125,1129],"product_tag":[],"class_list":{"0":"post-38679","1":"product","2":"type-product","3":"status-publish","4":"has-post-thumbnail","6":"product_cat-macheten-axte-schaufeln-und-sagen","7":"product_cat-shovel","9":"first","10":"outofstock","11":"taxable","12":"shipping-taxable","13":"purchasable","14":"product-type-simple"},"acf":[],"_links":{"self":[{"href":"https:\/\/25000miles.eu\/de\/wp-json\/wp\/v2\/product\/38679","targetHints":{"allow":["GET"]}}],"collection":[{"href":"https:\/\/25000miles.eu\/de\/wp-json\/wp\/v2\/product"}],"about":[{"href":"https:\/\/25000miles.eu\/de\/wp-json\/wp\/v2\/types\/product"}],"replies":[{"embeddable":true,"href":"https:\/\/25000miles.eu\/de\/wp-json\/wp\/v2\/comments?post=38679"}],"wp:featuredmedia":[{"embeddable":true,"href":"https:\/\/25000miles.eu\/de\/wp-json\/wp\/v2\/media\/38672"}],"wp:attachment":[{"href":"https:\/\/25000miles.eu\/de\/wp-json\/wp\/v2\/media?parent=38679"}],"wp:term":[{"taxonomy":"product_brand","embeddable":true,"href":"https:\/\/25000miles.eu\/de\/wp-json\/wp\/v2\/product_brand?post=38679"},{"taxonomy":"product_cat","embeddable":true,"href":"https:\/\/25000miles.eu\/de\/wp-json\/wp\/v2\/product_cat?post=38679"},{"taxonomy":"product_tag","embeddable":true,"href":"https:\/\/25000miles.eu\/de\/wp-json\/wp\/v2\/product_tag?post=38679"}],"curies":[{"name":"wp","href":"https:\/\/api.w.org\/{rel}","templated":true}]}}