{"id":38777,"date":"2024-12-13T22:33:38","date_gmt":"2024-12-13T21:33:38","guid":{"rendered":"https:\/\/25000miles.eu\/product\/anika-hvat-axt-mit-lederscheide\/"},"modified":"2025-12-28T11:58:16","modified_gmt":"2025-12-28T10:58:16","slug":"anika-hvat-axt-mit-lederscheide","status":"publish","type":"product","link":"https:\/\/25000miles.eu\/de\/produkt\/anika-hvat-axt-mit-lederscheide\/","title":{"rendered":"Anika &#8220;Hvat&#8221;-Axt mit Lederscheide"},"content":{"rendered":"<p>Zweck: Zerschneiden eines Tieres, Fisches, Ersatz eines kr\u00e4ftigen Messers in verschiedenen Situationen, pr\u00e4zises Schneiden und Hobeln von Holz. Es ist eine praktische L\u00f6sung f\u00fcr Fischer oder J\u00e4ger aufgrund seiner geringen Gr\u00f6\u00dfe und relativ geringen Gewichts. Einige Besitzer verwenden Faust\u00e4xte aktiv als Hilfswerkzeug f\u00fcr die Tischlerei.  <\/p>\n<p>Merkmale: Die Grundlage der Modellreihe der Faustaachsen. So einfach, leicht und praktisch wie m\u00f6glich. <\/p>\n<p>Stahl \u2013 <strong>SHKX15<\/strong>, vollst\u00e4ndiger Zyklus der W\u00e4rmebehandlung mit Zonenh\u00e4rtung der Klinge f\u00fcr <strong>Z\u00e4higkeit<\/strong>, H\u00e4rte der Schneide \u2013 etwa <strong>58<\/strong> <strong>HRC<\/strong>, <strong>Schlagsto\u00df.<\/strong><\/p>\n<p>Standardsch\u00e4rfung an der Axt f\u00fcr Holzbearbeitung mit einer Mikrokante. Wenn Sie f\u00fcr Arbeiten an anderen Materialien gesch\u00e4rft werden m\u00fcssen, geben Sie bitte bei der Bestellung an. <\/p>\n","protected":false},"excerpt":{"rendered":"<p>Alle Anika-\u00c4xte sind handgefertigt, was eine leichte Variation der Parameter erm\u00f6glicht, aber das Ergebnis ist maximale Haltbarkeit und Einzigartigkeit jeder Axt.<\/p>\n<ul>\n<li><strong>Stahl<\/strong> \u2013 SHKX15.<\/li>\n<li><strong>Der Griff<\/strong> ist Asche, mit Tung\u00f6l \u00fcberzogen. Verbrannter Griff.<\/li>\n<li><strong>Das Gewicht des Kopfes<\/strong> \u2013 etwa 500 Gramm.<\/li>\n<li><strong>Gesamtl\u00e4nge<\/strong> \u2013 240 mm.<\/li>\n<li><strong>Kante<\/strong> \u2013 etwa 120 mm.<\/li>\n<li><strong>Gewicht der Axt<\/strong> \u2013 etwa 800 Gramm.<\/li>\n<\/ul>\n","protected":false},"featured_media":38637,"comment_status":"open","ping_status":"closed","template":"","meta":{"_acf_changed":false,"_seopress_robots_primary_cat":"1054","_seopress_titles_title":"%%post_title%% %%sep%% %%sitetitle%%","_seopress_titles_desc":"Entdecken Sie das ultimative Werkzeug f\u00fcr pr\u00e4zises Schneiden und Holzarbeiten. Perfekt f\u00fcr Fischer und J\u00e4ger, mit geh\u00e4rtetem SHKX15-Stahl. ","_seopress_robots_index":"","iawp_total_views":1},"product_brand":[],"product_cat":[1126,1125],"product_tag":[],"class_list":{"0":"post-38777","1":"product","2":"type-product","3":"status-publish","4":"has-post-thumbnail","6":"product_cat-axes","7":"product_cat-macheten-axte-schaufeln-und-sagen","9":"first","10":"instock","11":"taxable","12":"shipping-taxable","13":"purchasable","14":"product-type-simple"},"acf":[],"_links":{"self":[{"href":"https:\/\/25000miles.eu\/de\/wp-json\/wp\/v2\/product\/38777","targetHints":{"allow":["GET"]}}],"collection":[{"href":"https:\/\/25000miles.eu\/de\/wp-json\/wp\/v2\/product"}],"about":[{"href":"https:\/\/25000miles.eu\/de\/wp-json\/wp\/v2\/types\/product"}],"replies":[{"embeddable":true,"href":"https:\/\/25000miles.eu\/de\/wp-json\/wp\/v2\/comments?post=38777"}],"wp:featuredmedia":[{"embeddable":true,"href":"https:\/\/25000miles.eu\/de\/wp-json\/wp\/v2\/media\/38637"}],"wp:attachment":[{"href":"https:\/\/25000miles.eu\/de\/wp-json\/wp\/v2\/media?parent=38777"}],"wp:term":[{"taxonomy":"product_brand","embeddable":true,"href":"https:\/\/25000miles.eu\/de\/wp-json\/wp\/v2\/product_brand?post=38777"},{"taxonomy":"product_cat","embeddable":true,"href":"https:\/\/25000miles.eu\/de\/wp-json\/wp\/v2\/product_cat?post=38777"},{"taxonomy":"product_tag","embeddable":true,"href":"https:\/\/25000miles.eu\/de\/wp-json\/wp\/v2\/product_tag?post=38777"}],"curies":[{"name":"wp","href":"https:\/\/api.w.org\/{rel}","templated":true}]}}