{"id":38786,"date":"2024-12-13T22:12:16","date_gmt":"2024-12-13T21:12:16","guid":{"rendered":"https:\/\/25000miles.eu\/product\/anika-tomahawk-l-axt-mit-lederscheide\/"},"modified":"2026-01-08T21:53:36","modified_gmt":"2026-01-08T20:53:36","slug":"anika-tomahawk-l-axt-mit-lederscheide","status":"publish","type":"product","link":"https:\/\/25000miles.eu\/de\/produkt\/anika-tomahawk-l-axt-mit-lederscheide\/","title":{"rendered":"Anika &#8220;Tomahawk L&#8221; Axt mit Lederscheide"},"content":{"rendered":"<p>Hauptmerkmale:<\/p>\n<p>Mit einer guten Keildicke und Hammerhai.<\/p>\n<p>Der lange Griff entfaltet das Potenzial des Kopfes. Er taucht gut in Holz mit geringem Gewicht ein, bleibt durch Balancieren und Bananensch\u00e4rfen nicht im Holz stecken. <\/p>\n<p>Stahl \u2013 <strong>SHKX15<\/strong>, voller Zyklus der W\u00e4rmebehandlung mit Zonenh\u00e4rtung der Klinge f\u00fcr <strong>Z\u00e4higkeit<\/strong>, H\u00e4rte der Schneide \u2013 etwa <strong>58<\/strong> <strong>HRC.<\/strong><\/p>\n<p><span style=\"color: var(--danger);\">Standardsch\u00e4rfung an der Axt f\u00fcr Holzbearbeitung mit einer Mikrokante. Wenn Sie f\u00fcr Arbeiten an anderen Materialien gesch\u00e4rft werden m\u00fcssen, geben Sie bitte bei der Bestellung an. <\/span><\/p>\n","protected":false},"excerpt":{"rendered":"<p>Handgeschmiedet. Alle Anika-\u00c4xte sind handgefertigt, was eine leichte Variation der Parameter erm\u00f6glicht, aber das Ergebnis ist maximale Haltbarkeit und Einzigartigkeit jeder Axt. <\/p>\n<ul>\n<li><strong>Stahl<\/strong> \u2013 SHKX15.<\/li>\n<li><strong>Der Griff<\/strong> ist Asche, mit Tung\u00f6l \u00fcberzogen.<\/li>\n<li><strong>Das Gewicht des Kopfes<\/strong> \u2013 etwa 700 Gramm.<\/li>\n<li><strong>Gesamtl\u00e4nge<\/strong> \u2013 650 mm.<\/li>\n<li><strong>Kante<\/strong> \u2013 etwa 70 mm.<\/li>\n<li><strong>Gewicht der Axt<\/strong> \u2013 etwa 1000\u20131100 Gramm.<\/li>\n<\/ul>\n","protected":false},"featured_media":38633,"comment_status":"open","ping_status":"closed","template":"","meta":{"_acf_changed":false,"_seopress_robots_primary_cat":"1054","_seopress_titles_title":"","_seopress_titles_desc":"","_seopress_robots_index":"","iawp_total_views":2},"product_brand":[],"product_cat":[1126,1125],"product_tag":[],"class_list":{"0":"post-38786","1":"product","2":"type-product","3":"status-publish","4":"has-post-thumbnail","6":"product_cat-axes","7":"product_cat-macheten-axte-schaufeln-und-sagen","9":"first","10":"instock","11":"taxable","12":"shipping-taxable","13":"purchasable","14":"product-type-simple"},"acf":[],"_links":{"self":[{"href":"https:\/\/25000miles.eu\/de\/wp-json\/wp\/v2\/product\/38786","targetHints":{"allow":["GET"]}}],"collection":[{"href":"https:\/\/25000miles.eu\/de\/wp-json\/wp\/v2\/product"}],"about":[{"href":"https:\/\/25000miles.eu\/de\/wp-json\/wp\/v2\/types\/product"}],"replies":[{"embeddable":true,"href":"https:\/\/25000miles.eu\/de\/wp-json\/wp\/v2\/comments?post=38786"}],"wp:featuredmedia":[{"embeddable":true,"href":"https:\/\/25000miles.eu\/de\/wp-json\/wp\/v2\/media\/38633"}],"wp:attachment":[{"href":"https:\/\/25000miles.eu\/de\/wp-json\/wp\/v2\/media?parent=38786"}],"wp:term":[{"taxonomy":"product_brand","embeddable":true,"href":"https:\/\/25000miles.eu\/de\/wp-json\/wp\/v2\/product_brand?post=38786"},{"taxonomy":"product_cat","embeddable":true,"href":"https:\/\/25000miles.eu\/de\/wp-json\/wp\/v2\/product_cat?post=38786"},{"taxonomy":"product_tag","embeddable":true,"href":"https:\/\/25000miles.eu\/de\/wp-json\/wp\/v2\/product_tag?post=38786"}],"curies":[{"name":"wp","href":"https:\/\/api.w.org\/{rel}","templated":true}]}}