{"id":38789,"date":"2024-12-04T17:19:34","date_gmt":"2024-12-04T16:19:34","guid":{"rendered":"https:\/\/25000miles.eu\/product\/tsprof-convex-ultra-6-mm\/"},"modified":"2026-01-08T21:54:26","modified_gmt":"2026-01-08T20:54:26","slug":"tsprof-convex-ultra-6-mm","status":"publish","type":"product","link":"https:\/\/25000miles.eu\/de\/produkt\/tsprof-convex-ultra-6-mm\/","title":{"rendered":"TSPROF Convex Ultra 6 mm."},"content":{"rendered":"<p>Hier ist der <strong>TSPROF Ultra Convex<\/strong> Grinding Attachment, das ultimative Werkzeug f\u00fcr Messerliebhaber und Profis gleicherma\u00dfen.<\/p>\n<p>Das konvexe Sch\u00e4rfen ist nun nicht nur eine Entscheidung des Herstellers. Du kannst deine Messer selbst neu sch\u00e4rfen und alle Vorteile dieser Form ausprobieren. <\/p>\n<p>Dieser innovative Aufsatz ist speziell f\u00fcr die Verwendung mit TSPROF-Sch\u00e4rfger\u00e4ten wie <strong>Blitz, Blitz 360, TSPROF Kadet, TSPROF Kadet Pro und TSPROF Pioneer gefertigt.<\/strong> Seine au\u00dfergew\u00f6hnliche Technik erm\u00f6glicht es Ihnen, eine makellose Schneide an Ihren Messern zu erzielen und sicherzustellen, dass sie ihre beste Leistung zeigen.<\/p>\n<p>Vielseitige Winkelanpassung f\u00fcr perfekte Kanten Was<br \/>\nden TSPROF Ultra besonders macht, ist seine bemerkenswerte F\u00e4higkeit, Sch\u00e4rfungswinkel von <strong>0<\/strong> bis <strong>90 Grad<\/strong> einzustellen. Diese Flexibilit\u00e4t wird durch das geniale Design erm\u00f6glicht, bei dem zwei Segmente der Halterstange relativ zueinander gebogen werden. Egal, ob Sie an einem filigranen Sch\u00e4lmesser oder einem gro\u00dfen \u00dcberlebensmesser arbeiten \u2013 dieser Aufsatz ist voll in der Lage, die gew\u00fcnschte pr\u00e4zise Schneide zu liefern.  <\/p>\n<p>M\u00fchelose Installation und Feinabstimmung<br \/>\nsind ein Kinderspiel; der Aufsatz l\u00e4sst sich schnell auf eine 6 mm durchmessige Schleifstange montieren, sodass Sie sich auf die Perfektionierung Ihrer Sch\u00e4rftechnik konzentrieren k\u00f6nnen, ohne Zeit mit komplizierten Setups zu verschwenden. Das Design f\u00f6rdert feine Anpassungen der Sch\u00e4rfwinkel, sodass Sie die perfekte konvexe Form erreichen k\u00f6nnen, die f\u00fcr eine optimale Schneidleistung entscheidend ist. <\/p>\n<p>Erreichen Sie eine gleichm\u00e4\u00dfige Radiusform Die<br \/>\nTSPROF Ultra Attachment sorgt f\u00fcr eine gleichm\u00e4\u00dfige Abstufung der Winkel \u00fcber die Breite der Facetten Ihres Messers, was zu einer wundersch\u00f6n geradigten konvexen Form f\u00fchrt. Dies wird erreicht, wenn das Schleifmittel von der Schneide zur Wirbels\u00e4ule des Messers wechselt und den Winkel allm\u00e4hlich f\u00fcr einen sanften \u00dcbergang verringert. Das Ergebnis? Eine Sch\u00e4rfe, die nicht nur die Leistung steigert, sondern auch die Lebensdauer Ihrer Klingen verl\u00e4ngert.   <\/p>\n<p>Ideal f\u00fcr jede Klingendicke<br \/>\nUnabh\u00e4ngig von der Schliffst\u00e4rke Ihres Messers ist dieser Aufsatz f\u00fcr Sie abgestimmt. Sein vielseitiges Design ber\u00fccksichtigt verschiedene Klingenprofile und sorgt daf\u00fcr, dass jedes Messer in Ihrer Sammlung die Aufmerksamkeit erh\u00e4lt, die es verdient. TSPROF Ultra macht die Messerpflege zu einem nahtlosen Erlebnis.  <\/p>\n<p>Hochwertige Konstruktion<br \/>\nGefertigt aus hochwertigen Materialien, verf\u00fcgt der TSPROF Ultra Convex Attachment \u00fcber einen gefr\u00e4sten Aluminiumk\u00f6rper mit einem robusten Messing-Innenzylinder. Diese Kombination erh\u00f6ht nicht nur die Haltbarkeit, sondern sorgt auch f\u00fcr einen reibungslosen Ablauf w\u00e4hrend des Sch\u00e4rfungsprozesses. <\/p>\n<p>Doppelte Befestigungsoptionen f\u00fcr Flexibilit\u00e4t<br \/>\nUm unterschiedlichen Nutzerpr\u00e4ferenzen und Sch\u00e4rfungsstile gerecht zu werden, bietet der Aufsatz zwei Befestigungsoptionen:<\/p>\n<p>Horizontale Montage: Perfekt f\u00fcr TSPROF Blitz, Blitz 360 und Blitz Pro Ger\u00e4te.<br \/>\nVertikale Montage: Ideal f\u00fcr TSPROF Pioneer, Kadet, Kadet Nero und Kadet Pro Ger\u00e4te.<br \/>\nDiese Vielseitigkeit macht es zu einer unverzichtbaren Erg\u00e4nzung f\u00fcr das Sch\u00e4rfensystem.<\/p>\n<p>Benutzerfreundliche Funktionen f\u00fcr erh\u00f6hte Genauigkeit<br \/>\nDas TSPROF Ultra ist mit Lasermarkierungen ausgestattet, die ungef\u00e4hre Kr\u00fcmmungswerte des Objektivs anzeigen. Auch wenn diese Markierungen nicht f\u00fcr pr\u00e4zise Winkelanpassungen gedacht sind, dienen sie als hilfreiche Orientierung w\u00e4hrend Ihres Sch\u00e4rfungsprozesses. F\u00fcr genaue Radiuseinstellungen empfehlen wir die Verwendung eines elektronischen Gradmessers, um optimale Ergebnisse zu erzielen.  <\/p>\n<p>Sichere und stabile Befestigung<br \/>\nDie Installation des TSPROF Ultra ist unkompliziert. Er passt in den Spalt der Schleifhalterf\u00fchrung und wird mit 2,0-mm-Sechskantschrauben fest befestigt. Die speziell entwickelten Befestigungsl\u00f6cher sorgen f\u00fcr ein Dreipunkt-Befestigungssystem und verhindern so jegliches Spiel, das die Sch\u00e4rfgenauigkeit beeintr\u00e4chtigen k\u00f6nnte.  <\/p>\n<p>M\u00fchelose Winkelanpassungen<br \/>\nF\u00fcr Nutzer, die den Kr\u00fcmmungswinkel anpassen m\u00f6chten, lockern Sie einfach die Verriegelungsschraube mit einem 3,0-mm-Inbusschl\u00fcssel und drehen den inneren Zylinder in den gew\u00fcnschten Winkel. Dieser intuitive Mechanismus erm\u00f6glicht schnelle Anpassungen, ohne Ihren Arbeitsablauf zu st\u00f6ren. <\/p>\n<p>Komplettpaket f\u00fcr Ihre Bequemlichkeit<br \/>\nDer TSPROF Ultra Convex Grinding Attachment wird mit Folgendem geliefert:<\/p>\n<p>1 x TSPROF Ultra Convex Befestigung (6 mm)<br \/>\n1 x 2,0 mm Inbusschl\u00fcssel<br \/>\n1 x 3,0 mm Inbusschl\u00fcssel<br \/>\n2 x Federn<\/p>\n","protected":false},"excerpt":{"rendered":"<p>Hier ist der <strong>TSPROF Ultra Convex<\/strong> Grinding Attachment, das ultimative Werkzeug f\u00fcr Messerliebhaber und Profis gleicherma\u00dfen.<\/p>\n<p>Das konvexe Sch\u00e4rfen ist nun nicht nur eine Entscheidung des Herstellers. Du kannst deine Messer selbst neu sch\u00e4rfen und alle Vorteile dieser Form ausprobieren. <\/p>\n<p>Komplettpaket f\u00fcr Ihre Bequemlichkeit<br \/>\nDer TSPROF Ultra Convex Grinding Attachment wird mit Folgendem geliefert:<\/p>\n<p>1 x TSPROF Ultra Convex Befestigung (6 mm)<br \/>\n1 x 2,0 mm Inbusschl\u00fcssel<br \/>\n1 x 3,0 mm Inbusschl\u00fcssel<br \/>\n2 x Federn<\/p>\n","protected":false},"featured_media":38787,"comment_status":"open","ping_status":"closed","template":"","meta":{"_acf_changed":false,"_seopress_robots_primary_cat":"1061","_seopress_titles_title":"","_seopress_titles_desc":"","_seopress_robots_index":"","iawp_total_views":1},"product_brand":[],"product_cat":[1130,1131],"product_tag":[],"class_list":{"0":"post-38789","1":"product","2":"type-product","3":"status-publish","4":"has-post-thumbnail","6":"product_cat-sharpening-tools-equipment","7":"product_cat-accessories-for-sharpening-systems","9":"first","10":"outofstock","11":"taxable","12":"shipping-taxable","13":"purchasable","14":"product-type-simple"},"acf":[],"_links":{"self":[{"href":"https:\/\/25000miles.eu\/de\/wp-json\/wp\/v2\/product\/38789","targetHints":{"allow":["GET"]}}],"collection":[{"href":"https:\/\/25000miles.eu\/de\/wp-json\/wp\/v2\/product"}],"about":[{"href":"https:\/\/25000miles.eu\/de\/wp-json\/wp\/v2\/types\/product"}],"replies":[{"embeddable":true,"href":"https:\/\/25000miles.eu\/de\/wp-json\/wp\/v2\/comments?post=38789"}],"wp:featuredmedia":[{"embeddable":true,"href":"https:\/\/25000miles.eu\/de\/wp-json\/wp\/v2\/media\/38787"}],"wp:attachment":[{"href":"https:\/\/25000miles.eu\/de\/wp-json\/wp\/v2\/media?parent=38789"}],"wp:term":[{"taxonomy":"product_brand","embeddable":true,"href":"https:\/\/25000miles.eu\/de\/wp-json\/wp\/v2\/product_brand?post=38789"},{"taxonomy":"product_cat","embeddable":true,"href":"https:\/\/25000miles.eu\/de\/wp-json\/wp\/v2\/product_cat?post=38789"},{"taxonomy":"product_tag","embeddable":true,"href":"https:\/\/25000miles.eu\/de\/wp-json\/wp\/v2\/product_tag?post=38789"}],"curies":[{"name":"wp","href":"https:\/\/api.w.org\/{rel}","templated":true}]}}