{"id":38805,"date":"2024-12-13T21:29:48","date_gmt":"2024-12-13T20:29:48","guid":{"rendered":"https:\/\/25000miles.eu\/product\/anika-fin-mini-axt-mit-lederscheide\/"},"modified":"2026-01-08T21:53:31","modified_gmt":"2026-01-08T20:53:31","slug":"anika-fin-mini-axt-mit-lederscheide","status":"publish","type":"product","link":"https:\/\/25000miles.eu\/de\/produkt\/anika-fin-mini-axt-mit-lederscheide\/","title":{"rendered":"Anika &#8220;Fin Mini&#8221; Axt mit Lederscheide"},"content":{"rendered":"<p>Ein Modell einer Wanderaxt mit erh\u00f6hter Zuverl\u00e4ssigkeit.<\/p>\n<p><iframe title=\"ANIKA FIN AXE.\" width=\"500\" height=\"281\" src=\"https:\/\/www.youtube.com\/embed\/NkFGebucqeQ?feature=oembed\" frameborder=\"0\" allow=\"accelerometer; autoplay; clipboard-write; encrypted-media; gyroscope; picture-in-picture; web-share\" referrerpolicy=\"strict-origin-when-cross-origin\" allowfullscreen><\/iframe><\/p>\n<p>Wichtige Merkmale: eine Gr\u00f6\u00dfenordnung leichter und k\u00fcrzer als Standard-Finn-Finnen, w\u00e4hrend die Geometrie der Axer-&#8220;Lippe&#8221;, Tiefe und Balance gleich bleiben.<\/p>\n<p>Stahl \u2013 <strong>SHKX15<\/strong>, vollst\u00e4ndiger Zyklus der W\u00e4rmebehandlung mit Zonenh\u00e4rtung der Klinge f\u00fcr <strong>Z\u00e4higkeit<\/strong>, H\u00e4rte der Schneide \u2013 etwa <strong>58<\/strong> <strong>HRC<\/strong>, <strong>Schlagsto\u00df.<\/strong> Die Axerlippe wird auf einem Hammer abgetragen, Tiefe <strong>80 mm<\/strong>. Diese H\u00f6he des <strong>einteiligen geschmiedeten<\/strong> Randes sorgt f\u00fcr einen engen Kontakt mit dem Griff der Axt und verhindert, wenn sie richtig verwendet wird, die M\u00f6glichkeit von L\u00fccken. Der Shank ist perkussiv. Die Klinge wird poliert, um die Haftung am Holz zu verringern.   <\/p>\n<p><span style=\"color: var(--danger);\">Standardsch\u00e4rfung an der Axt f\u00fcr Holzbearbeitung mit einer Mikrokante. Wenn Sie f\u00fcr Arbeiten an anderen Materialien gesch\u00e4rft werden m\u00fcssen, geben Sie bitte bei der Bestellung an. <\/span><\/p>\n","protected":false},"excerpt":{"rendered":"<p><strong>Handgeschmiedet.  <\/strong>Alle Anika-\u00c4xte sind handgefertigt, was eine leichte Variation der Parameter erm\u00f6glicht, aber das Ergebnis ist maximale Haltbarkeit und Einzigartigkeit jeder Axt.<\/p>\n<ul>\n<li><strong>Stahl<\/strong> \u2013 SHKX15<\/li>\n<li><strong>Der Griff<\/strong> \u2013 Asche, L\u00e4ngskleben, Beschichtung mit Tung\u00f6l. Verbrannter Griff.<\/li>\n<li><strong>Das Gewicht des Kopfes<\/strong> \u2013 etwa 600 Gramm.<\/li>\n<li><strong>Gesamtl\u00e4nge<\/strong> \u2013 390 mm.<\/li>\n<li><strong>Kante<\/strong> \u2013 etwa 80 mm.<\/li>\n<li><strong>Gewicht der Axt<\/strong> \u2013 etwa 900 Gramm.<\/li>\n<\/ul>\n","protected":false},"featured_media":38636,"comment_status":"open","ping_status":"closed","template":"","meta":{"_acf_changed":false,"_seopress_robots_primary_cat":"1054","_seopress_titles_title":"","_seopress_titles_desc":"","_seopress_robots_index":"","iawp_total_views":6},"product_brand":[],"product_cat":[1126,1125],"product_tag":[],"class_list":{"0":"post-38805","1":"product","2":"type-product","3":"status-publish","4":"has-post-thumbnail","6":"product_cat-axes","7":"product_cat-macheten-axte-schaufeln-und-sagen","9":"first","10":"instock","11":"featured","12":"taxable","13":"shipping-taxable","14":"purchasable","15":"product-type-simple"},"acf":[],"_links":{"self":[{"href":"https:\/\/25000miles.eu\/de\/wp-json\/wp\/v2\/product\/38805","targetHints":{"allow":["GET"]}}],"collection":[{"href":"https:\/\/25000miles.eu\/de\/wp-json\/wp\/v2\/product"}],"about":[{"href":"https:\/\/25000miles.eu\/de\/wp-json\/wp\/v2\/types\/product"}],"replies":[{"embeddable":true,"href":"https:\/\/25000miles.eu\/de\/wp-json\/wp\/v2\/comments?post=38805"}],"wp:featuredmedia":[{"embeddable":true,"href":"https:\/\/25000miles.eu\/de\/wp-json\/wp\/v2\/media\/38636"}],"wp:attachment":[{"href":"https:\/\/25000miles.eu\/de\/wp-json\/wp\/v2\/media?parent=38805"}],"wp:term":[{"taxonomy":"product_brand","embeddable":true,"href":"https:\/\/25000miles.eu\/de\/wp-json\/wp\/v2\/product_brand?post=38805"},{"taxonomy":"product_cat","embeddable":true,"href":"https:\/\/25000miles.eu\/de\/wp-json\/wp\/v2\/product_cat?post=38805"},{"taxonomy":"product_tag","embeddable":true,"href":"https:\/\/25000miles.eu\/de\/wp-json\/wp\/v2\/product_tag?post=38805"}],"curies":[{"name":"wp","href":"https:\/\/api.w.org\/{rel}","templated":true}]}}