{"id":38826,"date":"2024-12-12T22:47:26","date_gmt":"2024-12-12T21:47:26","guid":{"rendered":"https:\/\/25000miles.eu\/product\/anika-tomahawk-axt-mit-lederhuelle\/"},"modified":"2025-12-28T11:56:54","modified_gmt":"2025-12-28T10:56:54","slug":"anika-tomahawk-axt-mit-lederhuelle","status":"publish","type":"product","link":"https:\/\/25000miles.eu\/de\/produkt\/anika-tomahawk-axt-mit-lederhuelle\/","title":{"rendered":"Anika &#8220;Tomahawk&#8221;-Axt mit Lederh\u00fclle"},"content":{"rendered":"","protected":false},"excerpt":{"rendered":"<p>&nbsp;<\/p>\n<p><strong>Handgeschmiedet. Alle Anika-\u00c4xte sind handgefertigt, was eine leichte Variation der Parameter erm\u00f6glicht, aber das Ergebnis ist maximale Haltbarkeit und Einzigartigkeit jeder Axt. <\/strong><\/p>\n<p>Wichtige Merkmale: ultraleicht, mit guter Keildicke und <strong>Aufschlag-(Hammer-)Sto\u00df.<\/strong> Ideales Werkzeug f\u00fcr leichte Reisen und Waldbewirtschaftung. Passt in einen Rucksack.  <\/p>\n<p>Stahl \u2013 <strong>SHKX15<\/strong>, voller Zyklus der W\u00e4rmebehandlung mit Zonenh\u00e4rtung der Klinge f\u00fcr <strong>Z\u00e4higkeit<\/strong>, H\u00e4rte der Schneide \u2013 etwa <strong>58<\/strong> <strong>HRC.<\/strong><\/p>\n<p><strong>Der Griff<\/strong> ist Asche, mit Tung\u00f6l \u00fcberzogen.<\/p>\n<p><strong>Das Gewicht des Kopfes<\/strong> \u2013 etwa 700 Gramm.<\/p>\n<p><strong>Gesamtl\u00e4nge<\/strong> \u2013 500 mm.<\/p>\n<p><strong>Kante<\/strong> \u2013 etwa 70 mm.<\/p>\n<p><strong>Gewicht der Axt<\/strong> \u2013 etwa 1000 Gramm.<\/p>\n<p><span style=\"color: #ff0000;\">Standardsch\u00e4rfung an der Axt f\u00fcr Holzbearbeitung mit einer Mikrokante. Wenn Sie f\u00fcr Arbeiten an anderen Materialien gesch\u00e4rft werden m\u00fcssen, geben Sie bitte bei der Bestellung an. <\/span><\/p>\n","protected":false},"featured_media":38643,"comment_status":"open","ping_status":"closed","template":"","meta":{"_acf_changed":false,"_seopress_robots_primary_cat":"none","_seopress_titles_title":"","_seopress_titles_desc":"","_seopress_robots_index":"","iawp_total_views":3},"product_brand":[],"product_cat":[1126,1125],"product_tag":[],"class_list":{"0":"post-38826","1":"product","2":"type-product","3":"status-publish","4":"has-post-thumbnail","6":"product_cat-axes","7":"product_cat-macheten-axte-schaufeln-und-sagen","9":"first","10":"instock","11":"taxable","12":"shipping-taxable","13":"purchasable","14":"product-type-simple"},"acf":[],"_links":{"self":[{"href":"https:\/\/25000miles.eu\/de\/wp-json\/wp\/v2\/product\/38826","targetHints":{"allow":["GET"]}}],"collection":[{"href":"https:\/\/25000miles.eu\/de\/wp-json\/wp\/v2\/product"}],"about":[{"href":"https:\/\/25000miles.eu\/de\/wp-json\/wp\/v2\/types\/product"}],"replies":[{"embeddable":true,"href":"https:\/\/25000miles.eu\/de\/wp-json\/wp\/v2\/comments?post=38826"}],"wp:featuredmedia":[{"embeddable":true,"href":"https:\/\/25000miles.eu\/de\/wp-json\/wp\/v2\/media\/38643"}],"wp:attachment":[{"href":"https:\/\/25000miles.eu\/de\/wp-json\/wp\/v2\/media?parent=38826"}],"wp:term":[{"taxonomy":"product_brand","embeddable":true,"href":"https:\/\/25000miles.eu\/de\/wp-json\/wp\/v2\/product_brand?post=38826"},{"taxonomy":"product_cat","embeddable":true,"href":"https:\/\/25000miles.eu\/de\/wp-json\/wp\/v2\/product_cat?post=38826"},{"taxonomy":"product_tag","embeddable":true,"href":"https:\/\/25000miles.eu\/de\/wp-json\/wp\/v2\/product_tag?post=38826"}],"curies":[{"name":"wp","href":"https:\/\/api.w.org\/{rel}","templated":true}]}}