{"id":38832,"date":"2024-12-12T22:24:48","date_gmt":"2024-12-12T21:24:48","guid":{"rendered":"https:\/\/25000miles.eu\/product\/anika-kuechenbeil-mit-lederscheide\/"},"modified":"2026-01-08T21:53:36","modified_gmt":"2026-01-08T20:53:36","slug":"anika-kuechenbeil-mit-lederscheide","status":"publish","type":"product","link":"https:\/\/25000miles.eu\/de\/produkt\/anika-kuechenbeil-mit-lederscheide\/","title":{"rendered":"Anika &#8220;K\u00fcchenbeil&#8221; mit Lederscheide"},"content":{"rendered":"<p><strong>Handgeschmiedet.<\/strong> Alle Anika-\u00c4xte sind handgefertigt, was eine leichte Variation der Parameter erm\u00f6glicht, aber das Ergebnis ist maximale Haltbarkeit und Einzigartigkeit jeder Axt.<\/p>\n<p>Haushaltshackbeil zum Schneiden von Gefl\u00fcgel, Fisch und Fleisch. Gesch\u00e4rft f\u00fcr die Arbeit mit Knochen. Seine Vollmetallkonstruktion (<strong>voller Tang<\/strong>) verleiht ihm eine hohe Haltbarkeit.  <\/p>\n<p>Stahl \u2013 <strong>9 \u0425\u0421,<\/strong> vollst\u00e4ndiger W\u00e4rmebehandlungszyklus, H\u00e4rtung auf etwa 58 HRC. Mikrokonvexe Linse bei 45 Grad. <\/p>\n<p>Griff \u2013 <strong>Escheholzauskleidung<\/strong> mit Tung\u00f6limpr\u00e4gnierung. Auf Schrauben montiert. <\/p>\n<ul>\n<li><strong>H\u00e4rte des Stahls \u2013<\/strong> 58 HRC.<\/li>\n<li><strong>Gesamtl\u00e4nge<\/strong> \u2013 300 mm.<\/li>\n<li><strong>Klingenl\u00e4nge<\/strong> \u2013 180 mm.<\/li>\n<li><strong>Dicke<\/strong> \u2013 6 mm.<\/li>\n<li><strong>Gewicht<\/strong> \u2013 700 gr.<\/li>\n<\/ul>\n","protected":false},"excerpt":{"rendered":"<p><strong>Handgeschmiedet.<\/strong> Alle Anika-\u00c4xte sind handgefertigt, was eine leichte Variation der Parameter erm\u00f6glicht, aber das Ergebnis ist maximale Haltbarkeit und Einzigartigkeit jeder Axt.<\/p>\n<p>Haushaltshackbeil zum Schneiden von Gefl\u00fcgel, Fisch und Fleisch. Gesch\u00e4rft f\u00fcr die Arbeit mit Knochen. Seine Vollmetallkonstruktion (<strong>voller Tang<\/strong>) verleiht ihm eine hohe Haltbarkeit.  <\/p>\n<p>Stahl \u2013 <strong>9 \u0425\u0421,<\/strong> vollst\u00e4ndiger W\u00e4rmebehandlungszyklus, H\u00e4rtung auf etwa 58 HRC. Mikrokonvexe Linse bei 45 Grad. <\/p>\n<p>Griff \u2013 <strong>Escheholzauskleidung<\/strong> mit Tung\u00f6limpr\u00e4gnierung. Auf Schrauben montiert. <\/p>\n<ul>\n<li><strong>H\u00e4rte des Stahls \u2013<\/strong> 58 HRC.<\/li>\n<li><strong>Gesamtl\u00e4nge<\/strong> \u2013 300 mm.<\/li>\n<li><strong>Klingenl\u00e4nge<\/strong> \u2013 180 mm.<\/li>\n<li><strong>Dicke<\/strong> \u2013 6 mm.<\/li>\n<li><strong>Gewicht<\/strong> \u2013 700 gr.<\/li>\n<\/ul>\n","protected":false},"featured_media":38827,"comment_status":"open","ping_status":"closed","template":"","meta":{"_acf_changed":false,"_seopress_robots_primary_cat":"1054","_seopress_titles_title":"","_seopress_titles_desc":"","_seopress_robots_index":"","iawp_total_views":0},"product_brand":[],"product_cat":[1126,1125],"product_tag":[],"class_list":{"0":"post-38832","1":"product","2":"type-product","3":"status-publish","4":"has-post-thumbnail","6":"product_cat-axes","7":"product_cat-macheten-axte-schaufeln-und-sagen","9":"first","10":"instock","11":"taxable","12":"shipping-taxable","13":"purchasable","14":"product-type-simple"},"acf":[],"_links":{"self":[{"href":"https:\/\/25000miles.eu\/de\/wp-json\/wp\/v2\/product\/38832","targetHints":{"allow":["GET"]}}],"collection":[{"href":"https:\/\/25000miles.eu\/de\/wp-json\/wp\/v2\/product"}],"about":[{"href":"https:\/\/25000miles.eu\/de\/wp-json\/wp\/v2\/types\/product"}],"replies":[{"embeddable":true,"href":"https:\/\/25000miles.eu\/de\/wp-json\/wp\/v2\/comments?post=38832"}],"wp:featuredmedia":[{"embeddable":true,"href":"https:\/\/25000miles.eu\/de\/wp-json\/wp\/v2\/media\/38827"}],"wp:attachment":[{"href":"https:\/\/25000miles.eu\/de\/wp-json\/wp\/v2\/media?parent=38832"}],"wp:term":[{"taxonomy":"product_brand","embeddable":true,"href":"https:\/\/25000miles.eu\/de\/wp-json\/wp\/v2\/product_brand?post=38832"},{"taxonomy":"product_cat","embeddable":true,"href":"https:\/\/25000miles.eu\/de\/wp-json\/wp\/v2\/product_cat?post=38832"},{"taxonomy":"product_tag","embeddable":true,"href":"https:\/\/25000miles.eu\/de\/wp-json\/wp\/v2\/product_tag?post=38832"}],"curies":[{"name":"wp","href":"https:\/\/api.w.org\/{rel}","templated":true}]}}