{"id":38839,"date":"2024-12-12T22:05:25","date_gmt":"2024-12-12T21:05:25","guid":{"rendered":"https:\/\/25000miles.eu\/product\/anika-mini-kukri-mit-lederscheide\/"},"modified":"2026-01-08T21:53:33","modified_gmt":"2026-01-08T20:53:33","slug":"anika-mini-kukri-mit-lederscheide","status":"publish","type":"product","link":"https:\/\/25000miles.eu\/de\/produkt\/anika-mini-kukri-mit-lederscheide\/","title":{"rendered":"Anika &#8220;Mini-Kukri&#8221; mit Lederscheide"},"content":{"rendered":"<p><strong>Dies ist eine Mini-Version von Kukri von Anika<\/strong><\/p>\n<p>Kukri aus<strong> Anika<\/strong> ist ein multifunktionales Werkzeug, ein verl\u00e4sslicher Begleiter sowohl auf einer Wanderung als auch auf extremen Reisen. Seine Vollmetallkonstruktion (<strong>voller Tang<\/strong>) verleiht ihm eine hohe Haltbarkeit. <\/p>\n<p>&#8220;Kukri (Khukri, Kukuri) \u2013 ein legend\u00e4res nepalesisches Messer, oder vielmehr eine harte Mischung aus Axt, Messer und Machete. Das charakteristische Merkmal des Kukri ist seine gebogene Klingenform und der nach vorne verlagerte Schwerpunkt. Die Klinge \u00e4hnelt einem &#8220;Falkenfl\u00fcgel&#8221; und ist auf der Innenseite gesch\u00e4rft. Das Kukri ist eine der \u00e4ltesten Arten von Kaltwaffen, sein Alter l\u00e4sst sich bis ins 4. Jahrhundert v. Chr. zur\u00fcckverfolgen, als die Armeen Alexanders des Gro\u00dfen eine \u00e4hnliche Messerform nach Nepal brachten, wo es sich praktisch unver\u00e4ndert anpasste und zu einer wahrhaft ikonischen Waffe wurde. Heute wird das Kukri von der nepalesischen Armee und Polizei sowie in Gurkha-Brigaden verwendet. Es ist eine der \u00e4ltesten Arten von Kaltwaffen, die bis heute in unver\u00e4nderter Form erhalten geblieben sind  <\/p>\n<p>Die gebogene Form verleiht dem Kukri ausgezeichnete Eigenschaften, wenn er als Hackwerkzeug verwendet wird. Diese Eigenschaft des Kukri wird durch sein gro\u00dfes Tr\u00e4gheitsmoment erreicht, das durch Dicke und Masse sowie durch den verschobenen Schwerpunkt und den Winkel der Schneidkante resultiert. Er kombiniert Hack- und Schneidschl\u00e4ge und f\u00fchrt zu einer einzigartigen und effektiven Hackbewegung mit minimalem Aufwand.&#8221; Sie kann zum Schneiden von \u00c4sten und Zweigen oder zum F\u00e4llen kleiner B\u00e4ume verwendet werden. Deshalb wurde er oft genutzt, um einen Weg im Dschungel freizumachen.<\/p>\n<p>Der Stahl der Klinge ist <strong>9XC,<\/strong> verschlei\u00dfbest\u00e4ndig und robust.<\/p>\n<p>Das Material des Griffs besteht aus <strong>Eschenholz<\/strong>. Egronomisch und am Ende vergr\u00f6\u00dfert, hilft, den Parang beim Schneiden noch sicherer in den H\u00e4nden zu halten. <\/p>\n<p>Scheide \u2013 <strong>echtes Leder.<\/strong><\/p>\n","protected":false},"excerpt":{"rendered":"<p><strong>Handgeschmiedet.<\/strong>  Ein Kukri kann als leichte Axt, kraftvolles Messer und als Machete verwendet werden. Alle Anika-\u00c4xte sind handgefertigt, was eine leichte Variation der Parameter erm\u00f6glicht, aber das Ergebnis ist maximale Haltbarkeit und Einzigartigkeit jeder Axt.<\/p>\n<p>Er kann <strong>KEIN<\/strong> vollwertiges Baumf\u00e4llen bew\u00e4ltigen, ist aber als praktisches Werkzeug und Ersatz f\u00fcr eine leichte Axt, ein kr\u00e4ftiges Messer und als Machete praktisch.<\/p>\n<ul>\n<li><strong>H\u00e4rte des Stahls \u2013<\/strong> 58 HRC.<\/li>\n<li><strong>Gesamtl\u00e4nge<\/strong> \u2013 410 mm.<\/li>\n<li><strong>Klingenl\u00e4nge<\/strong> \u2013 230 mm.<\/li>\n<li><strong>Dicke<\/strong> \u2013 5,5 mm.<\/li>\n<li><strong>Gewicht<\/strong> \u2013 500 gr.<\/li>\n<\/ul>\n","protected":false},"featured_media":38833,"comment_status":"open","ping_status":"closed","template":"","meta":{"_acf_changed":false,"_seopress_robots_primary_cat":"1053","_seopress_titles_title":"","_seopress_titles_desc":"","_seopress_robots_index":"","iawp_total_views":1},"product_brand":[],"product_cat":[1127,1125],"product_tag":[],"class_list":{"0":"post-38839","1":"product","2":"type-product","3":"status-publish","4":"has-post-thumbnail","6":"product_cat-machetes","7":"product_cat-macheten-axte-schaufeln-und-sagen","9":"first","10":"instock","11":"taxable","12":"shipping-taxable","13":"purchasable","14":"product-type-simple"},"acf":[],"_links":{"self":[{"href":"https:\/\/25000miles.eu\/de\/wp-json\/wp\/v2\/product\/38839","targetHints":{"allow":["GET"]}}],"collection":[{"href":"https:\/\/25000miles.eu\/de\/wp-json\/wp\/v2\/product"}],"about":[{"href":"https:\/\/25000miles.eu\/de\/wp-json\/wp\/v2\/types\/product"}],"replies":[{"embeddable":true,"href":"https:\/\/25000miles.eu\/de\/wp-json\/wp\/v2\/comments?post=38839"}],"wp:featuredmedia":[{"embeddable":true,"href":"https:\/\/25000miles.eu\/de\/wp-json\/wp\/v2\/media\/38833"}],"wp:attachment":[{"href":"https:\/\/25000miles.eu\/de\/wp-json\/wp\/v2\/media?parent=38839"}],"wp:term":[{"taxonomy":"product_brand","embeddable":true,"href":"https:\/\/25000miles.eu\/de\/wp-json\/wp\/v2\/product_brand?post=38839"},{"taxonomy":"product_cat","embeddable":true,"href":"https:\/\/25000miles.eu\/de\/wp-json\/wp\/v2\/product_cat?post=38839"},{"taxonomy":"product_tag","embeddable":true,"href":"https:\/\/25000miles.eu\/de\/wp-json\/wp\/v2\/product_tag?post=38839"}],"curies":[{"name":"wp","href":"https:\/\/api.w.org\/{rel}","templated":true}]}}