{"id":38908,"date":"2024-12-10T00:37:33","date_gmt":"2024-12-09T23:37:33","guid":{"rendered":"https:\/\/25000miles.eu\/product\/anika-kuth-axt-mit-lederscheide\/"},"modified":"2026-01-08T21:53:31","modified_gmt":"2026-01-08T20:53:31","slug":"anika-kuth-axt-mit-lederscheide","status":"publish","type":"product","link":"https:\/\/25000miles.eu\/de\/produkt\/anika-kuth-axt-mit-lederscheide\/","title":{"rendered":"Anika &#8220;Kuth&#8221; Axt mit Lederscheide"},"content":{"rendered":"<p>Zweck: Tiere und Fische zerschneiden, in verschiedenen Situationen ein Powermesser ersetzen, pr\u00e4zises Schneiden und Hobeln. Sie ist aufgrund ihrer geringen Gr\u00f6\u00dfe und ihres relativ geringen Gewichts eine g\u00fcnstige L\u00f6sung f\u00fcr Fischer oder J\u00e4ger. Einige Besitzer verwenden Nockenmesser aktiv als Hilfswerkzeug f\u00fcr die Tischlerei.  <\/p>\n<p>Stahl \u2013 <strong>SHKX15<\/strong>, vollst\u00e4ndiger Zyklus der W\u00e4rmebehandlung mit Zonenh\u00e4rtung der Klinge f\u00fcr <strong>Z\u00e4higkeit<\/strong>, H\u00e4rte der Schneide \u2013 etwa <strong>58<\/strong> <strong>HRC<\/strong>, <strong>Schlagsto\u00df.<\/strong><\/p>\n<p><span style=\"color: var(--danger);\">Standardsch\u00e4rfung an der Axt f\u00fcr Holzbearbeitung mit einer Mikrokante. Wenn Sie f\u00fcr Arbeiten an anderen Materialien gesch\u00e4rft werden m\u00fcssen, geben Sie bitte bei der Bestellung an. <\/span><\/p>\n","protected":false},"excerpt":{"rendered":"<p>Alle Anika-\u00c4xte sind handgefertigt, was eine leichte Variation der Parameter erm\u00f6glicht, aber das Ergebnis ist maximale Haltbarkeit und Einzigartigkeit jeder Axt.<\/p>\n<ul>\n<li><strong>Stahl<\/strong> \u2013 SHKX15.<\/li>\n<li><strong>Der Griff<\/strong> ist Asche, mit Tung\u00f6l \u00fcberzogen. Verbrannter Griff.<\/li>\n<li><strong>Das Gewicht des Kopfes<\/strong> \u2013 etwa 900 Gramm.<\/li>\n<li><strong>Gesamtl\u00e4nge<\/strong> \u2013 260 mm.<\/li>\n<li><strong>Kante<\/strong> \u2013 etwa 170 mm.<\/li>\n<li><strong>Axtgewicht<\/strong> \u2013 etwa 1100 Gramm.<\/li>\n<\/ul>\n","protected":false},"featured_media":38904,"comment_status":"open","ping_status":"closed","template":"","meta":{"_acf_changed":false,"_seopress_robots_primary_cat":"1054","_seopress_titles_title":"","_seopress_titles_desc":"","_seopress_robots_index":"","iawp_total_views":0},"product_brand":[],"product_cat":[1126,1125],"product_tag":[],"class_list":{"0":"post-38908","1":"product","2":"type-product","3":"status-publish","4":"has-post-thumbnail","6":"product_cat-axes","7":"product_cat-macheten-axte-schaufeln-und-sagen","9":"first","10":"instock","11":"featured","12":"taxable","13":"shipping-taxable","14":"purchasable","15":"product-type-simple"},"acf":[],"_links":{"self":[{"href":"https:\/\/25000miles.eu\/de\/wp-json\/wp\/v2\/product\/38908","targetHints":{"allow":["GET"]}}],"collection":[{"href":"https:\/\/25000miles.eu\/de\/wp-json\/wp\/v2\/product"}],"about":[{"href":"https:\/\/25000miles.eu\/de\/wp-json\/wp\/v2\/types\/product"}],"replies":[{"embeddable":true,"href":"https:\/\/25000miles.eu\/de\/wp-json\/wp\/v2\/comments?post=38908"}],"wp:featuredmedia":[{"embeddable":true,"href":"https:\/\/25000miles.eu\/de\/wp-json\/wp\/v2\/media\/38904"}],"wp:attachment":[{"href":"https:\/\/25000miles.eu\/de\/wp-json\/wp\/v2\/media?parent=38908"}],"wp:term":[{"taxonomy":"product_brand","embeddable":true,"href":"https:\/\/25000miles.eu\/de\/wp-json\/wp\/v2\/product_brand?post=38908"},{"taxonomy":"product_cat","embeddable":true,"href":"https:\/\/25000miles.eu\/de\/wp-json\/wp\/v2\/product_cat?post=38908"},{"taxonomy":"product_tag","embeddable":true,"href":"https:\/\/25000miles.eu\/de\/wp-json\/wp\/v2\/product_tag?post=38908"}],"curies":[{"name":"wp","href":"https:\/\/api.w.org\/{rel}","templated":true}]}}