{"id":38983,"date":"2024-12-09T22:46:12","date_gmt":"2024-12-09T21:46:12","guid":{"rendered":"https:\/\/25000miles.eu\/product\/anika-kaiyr-axt-mit-lederscheide\/"},"modified":"2026-03-11T12:17:30","modified_gmt":"2026-03-11T11:17:30","slug":"anika-kaiyr-axt-mit-lederscheide","status":"publish","type":"product","link":"https:\/\/25000miles.eu\/de\/produkt\/anika-kaiyr-axt-mit-lederscheide\/","title":{"rendered":"Anika &#8220;Kaiyr&#8221; Axt mit Lederscheide"},"content":{"rendered":"<p>Diese Faustaxt hat eine Spezialit\u00e4t: Der Kunde ist ein professioneller Schl\u00e4ger, der mit Huskys arbeitet. Er braucht die Axt, um Futter f\u00fcr seine Hunde zuzubereiten, insbesondere zum Schneiden von Rinderpansen und Fleisch. Zu diesem Zweck wurde eine verl\u00e4ngerte Klinge hergestellt, sodass die Axt auch effektiv als Messer funktionieren konnte.  <\/p>\n<p>Stahl \u2013 <strong>SHKX15<\/strong>, vollst\u00e4ndiger Zyklus der W\u00e4rmebehandlung mit Zonenh\u00e4rtung der Klinge f\u00fcr <strong>Z\u00e4higkeit<\/strong>, H\u00e4rte der Schneide \u2013 etwa <strong>58<\/strong> <strong>HRC<\/strong>, <strong>Schlagsto\u00df.<\/strong> Die Klinge ist mit Satinschliff und K\u00f6rnung 320 K\u00f6rnung zur einfachen Wartung geschliffen.<\/p>\n<p><span style=\"color: var(--danger);\">Standardsch\u00e4rfung an der Axt f\u00fcr Holzbearbeitung mit einer Mikrokante. Wenn Sie f\u00fcr Arbeiten an anderen Materialien gesch\u00e4rft werden m\u00fcssen, geben Sie bitte bei der Bestellung an. <\/span><\/p>\n","protected":false},"excerpt":{"rendered":"<p>Alle Anika-\u00c4xte sind handgefertigt, was eine leichte Variation der Parameter erm\u00f6glicht, aber das Ergebnis ist maximale Haltbarkeit und Einzigartigkeit jeder Axt.<\/p>\n<ul>\n<li><strong>Stahl<\/strong> \u2013 SHKX15.<\/li>\n<li><strong>Der Griff<\/strong> ist Asche, mit Tung\u00f6l \u00fcberzogen. Verbrannter Griff.<\/li>\n<li><strong>Das Gewicht des Kopfes<\/strong> \u2013 etwa 600 Gramm.<\/li>\n<li><strong>Gesamtl\u00e4nge<\/strong> \u2013 240 mm.<\/li>\n<li><strong>Kante<\/strong> \u2013 etwa 160 mm.<\/li>\n<li><strong>Gewicht der Axt<\/strong> \u2013 etwa 800 Gramm.<\/li>\n<li>\n<\/li>\n<\/ul>\n","protected":false},"featured_media":38970,"comment_status":"open","ping_status":"closed","template":"","meta":{"_acf_changed":false,"_seopress_robots_primary_cat":"1054","_seopress_titles_title":"","_seopress_titles_desc":"","_seopress_robots_index":"","iawp_total_views":0},"product_brand":[],"product_cat":[1126,1125],"product_tag":[],"class_list":{"0":"post-38983","1":"product","2":"type-product","3":"status-publish","4":"has-post-thumbnail","6":"product_cat-axes","7":"product_cat-macheten-axte-schaufeln-und-sagen","9":"first","10":"instock","11":"taxable","12":"shipping-taxable","13":"purchasable","14":"product-type-simple"},"acf":[],"_links":{"self":[{"href":"https:\/\/25000miles.eu\/de\/wp-json\/wp\/v2\/product\/38983","targetHints":{"allow":["GET"]}}],"collection":[{"href":"https:\/\/25000miles.eu\/de\/wp-json\/wp\/v2\/product"}],"about":[{"href":"https:\/\/25000miles.eu\/de\/wp-json\/wp\/v2\/types\/product"}],"replies":[{"embeddable":true,"href":"https:\/\/25000miles.eu\/de\/wp-json\/wp\/v2\/comments?post=38983"}],"wp:featuredmedia":[{"embeddable":true,"href":"https:\/\/25000miles.eu\/de\/wp-json\/wp\/v2\/media\/38970"}],"wp:attachment":[{"href":"https:\/\/25000miles.eu\/de\/wp-json\/wp\/v2\/media?parent=38983"}],"wp:term":[{"taxonomy":"product_brand","embeddable":true,"href":"https:\/\/25000miles.eu\/de\/wp-json\/wp\/v2\/product_brand?post=38983"},{"taxonomy":"product_cat","embeddable":true,"href":"https:\/\/25000miles.eu\/de\/wp-json\/wp\/v2\/product_cat?post=38983"},{"taxonomy":"product_tag","embeddable":true,"href":"https:\/\/25000miles.eu\/de\/wp-json\/wp\/v2\/product_tag?post=38983"}],"curies":[{"name":"wp","href":"https:\/\/api.w.org\/{rel}","templated":true}]}}