{"id":38993,"date":"2024-12-04T17:12:56","date_gmt":"2024-12-04T16:12:56","guid":{"rendered":"https:\/\/25000miles.eu\/product\/tsprof-k03-pro-basis-schaerfungsset\/"},"modified":"2026-01-08T21:53:27","modified_gmt":"2026-01-08T20:53:27","slug":"tsprof-k03-pro-basis-schaerfungsset","status":"publish","type":"product","link":"https:\/\/25000miles.eu\/de\/produkt\/tsprof-k03-pro-basis-schaerfungsset\/","title":{"rendered":"TSPROF K03 Pro &#8220;Basis&#8221;-Sch\u00e4rfungsset"},"content":{"rendered":"<p>Wir stellen den H\u00f6hepunkt des Klingensch\u00e4rfens vor \u2013 <strong>den TSPROF K03 Pro.<\/strong><\/p>\n<p>Begeben Sie sich auf eine Reise zur unvergleichlichen Klingenperfektion mit dem <strong>TSPROF K03 Pro<\/strong> Sharpening System. Als Premium-Sch\u00e4rfer steht er als Beweis f\u00fcr die nahtlose Verbindung von Wirksamkeit und Genauigkeit und liefert eine herausragend scharfe Schneide f\u00fcr Ihre Klinge. Der K03 Pro ist ein Wunderwerk moderner Technologie und bietet eine benutzerfreundliche Oberfl\u00e4che, mit der Sie m\u00fchelos Ihren Sch\u00e4rfewinkel mit einer erstaunlichen <strong>Pr\u00e4zision von 0,1\u00b0<\/strong> diktieren und \u00fcberwachen k\u00f6nnen.  <\/p>\n<p>Revolution\u00e4re Integration \u2013 <strong>Der Axicube-I Winkelsucher.<\/strong><\/p>\n<p>Der K03 Pro ist der beste Ort f\u00fcr die Anwendung des Axicube-I, eines innovativen und hochmodernen elektronischen Winkelsuchers. Diese einzigartige Technologie ist nahtlos in den einstellbaren Stopp des Halters integriert und erm\u00f6glicht eine Echtzeit\u00fcberwachung des Schleifwinkels der Klinge. Mit einer widerstandsf\u00e4higen Au\u00dfenseite aus robustem Flugzeugaluminium ist der Axicube-I so konstruiert, dass er sowohl Vibrationen als auch Temperaturschwankungen standh\u00e4lt und eine dauerhafte Lebensdauer verspricht.  <\/p>\n<p>Pr\u00e4zision garantiert durch strenge Kalibrierung.<\/p>\n<p>Der Axicube-I wird in der Fabrik sorgf\u00e4ltig kalibriert, wobei fortschrittliche Messinstrumente verwendet werden, um eine unersch\u00fctterliche Pr\u00e4zision zu gew\u00e4hrleisten. Es sollte beachtet werden, dass der Axicube-I speziell f\u00fcr Sch\u00e4rfaufgaben entwickelt wurde und seine au\u00dfergew\u00f6hnliche Leistung nur in Kombination mit dem TSPROF K03 Pro garantiert werden kann. <\/p>\n<p>Innovative Anpassungen f\u00fcr unvergleichliche Ergebnisse.<\/p>\n<p>Der K03 Pro verf\u00fcgt \u00fcber einen einzigartigen Zahnstangen-H\u00f6henversteller, der ein Stahlschieberteil mit gezahntem Zahnrad umfasst. Diese bemerkenswerte Eigenschaft erm\u00f6glicht eine gleichm\u00e4\u00dfige, kontinuierliche Anpassung des Sch\u00e4rfwinkels, der von<g id=\"gid_0\"> 8\u00b0<\/g> bis zu einem beeindruckenden Maximum von <g id=\"gid_1\">78\u00b0<\/g> reicht. Der Adjuster verf\u00fcgt au\u00dferdem \u00fcber eine zus\u00e4tzliche Hebestange, die verwendet werden kann, um den Winkel auf seinen maximalen Wert zu erh\u00f6hen oder als Dickenkompensator zu dienen.  <\/p>\n<p>Fachm\u00e4nnisch gestalteter Slide- und Response-Teil.<\/p>\n<p>Die Vorderseite des Schlittens ist mit einer lasergedruckten Winkelmessskala versehen, die eine leicht lesbare visuelle Anleitung zur \u00dcberwachung des Sch\u00e4rfungswinkels bietet. Der Ansprechteil des H\u00f6henverstellers mit Winkel besteht aus robustem Polyacetal, einem Hochleistungspolymer, das sowohl gegen Abrieb als auch gegen Reibung resistent ist und einen reibungslosen Betrieb f\u00fcr Zahnstangen- und Ritzelhebung gew\u00e4hrleistet. <\/p>\n<p>Halbautomatischer Drehmechanismus zur einfacheren Handhabung.<\/p>\n<p>Der K03 Pro verf\u00fcgt \u00fcber einen clever gestalteten halbautomatischen Drehmechanismus, der den Messerdrehprozess vereinfacht. Mit einem verstellbaren Drucksystem sorgt eine zuverl\u00e4ssige automatische Verriegelung. Der Mechanismus verf\u00fcgt au\u00dferdem \u00fcber ein System aus Federn und Lagern, das sicherstellt, dass der Spannrahmen sich ohne Verschlei\u00df am Mechanismus dreht.  <\/p>\n<p>Universeller Schleifhalter f\u00fcr au\u00dfergew\u00f6hnliche Vielseitigkeit.<\/p>\n<p>Die Vielseitigkeit des TSPROF K03 Pro wird durch die Integration eines universellen Schleifhalters weiter hervorgehoben. Dieser Halter ist so konzipiert, dass er Apex Pro-Steine oder andere flach belagte Steine von <strong>6&#8243;<\/strong> bis <strong>8,5&#8243;<\/strong> L\u00e4nge sicher h\u00e4lt. <\/p>\n<p>Verbesserter Schleifstab f\u00fcr \u00fcberlegene Festigkeit.<\/p>\n<p>Die Schleifstange, gefertigt aus robustem Stahlmaterial mit hoher Steifigkeit, reicht bis zu beeindruckenden 694 mm. Die komplette Stange, einschlie\u00dflich Halter und F\u00fchrung, kann zusammengeklappt und \u00fcber eine Aluminium-H\u00fclsenkupplung verbunden werden. Diese Kupplung verf\u00fcgt \u00fcber ein Dreipunkt-Montagesystem, das eine makellose Ausrichtung der Verbindung gew\u00e4hrleistet.  <\/p>\n<p><strong>Ganzgefr\u00e4ste Klemmen<\/strong> f\u00fcr erh\u00f6hte Festigkeit.<\/p>\n<p>Diese Klemmen sind f\u00fcr eine gro\u00dfe Auswahl an Messertypen konzipiert. Sie bestehen aus hochfestem anodisiertem 7075 T6-Flugzeugaluminium und bieten eine verbesserte Widerstandsf\u00e4higkeit gegen den Druck von Schleifmitteln. Diese Klammern bieten Fachleuten ein entscheidendes Werkzeug, das Pr\u00e4zision in ihrem Handwerk anstrebt.  <\/p>\n<p>Praktischer Greifmechanismus f\u00fcr verschiedene Messer.<\/p>\n<p>Ganzgefr\u00e4ste Klemmen erm\u00f6glichen das sichere Befestigen verschiedener Messertypen, darunter Nutzmesser, feste Messer, Faltmesser, Taschenmesser, K\u00fcchenmesser und mehr.<\/p>\n<p><strong>Das TSPROF K03 Pro &#8220;Base&#8221; Sch\u00e4rfkit<\/strong> \u2013 ein Set f\u00fcr Nutzer, die noch nicht am ersten Schleiftag sind und bereits Schleifmittel haben oder etwas Interessanteres als das Grundset w\u00fcnschen und es zus\u00e4tzlich kaufen.<\/p>\n<p>Ein umfassendes Sch\u00e4rferlebnis wie kein anderes.<\/p>\n<p>Das TSPROF K03 Pro &#8220;Base&#8221; Sch\u00e4rfkit-Paket enth\u00e4lt den Axicube-I Winkelsucher und zwei ganzgefr\u00e4ste Klemmen. Au\u00dferdem ist es mit Ersatzteilen, einem stabilen <g id=\"gid_0\">Stahlst\u00e4nk<\/g> ausgestattet und sorgf\u00e4ltig in einer h\u00f6lzernen Versandbox mit Unterk\u00fcnften verpackt. Dieses Sch\u00e4rfsystem verspricht ein umfassendes Sch\u00e4rferlebnis und sorgt f\u00fcr sicheren Transport und effiziente Lagerung.  <\/p>\n<p>Das System wird von Nutzern auf der ganzen Welt seit langem gesch\u00e4tzt. Von Anf\u00e4ngern bis Profis. <\/p>\n<p>Treten Sie mit dem TSPROF K03 Pro Sharpening System \u2013 Ihrem Geheimnis zur perfekten Klingenschneide \u2013 eine neue \u00c4ra unvergleichlicher Pr\u00e4zision und Bequemlichkeit ein.<\/p>\n<h3>H\u00e4ufig gestellte Fragen:<\/h3>\n<h4>K03 Pro oder Kadet?<\/h4>\n<p>Wenn die Aufgabe darin besteht, ein paar deiner Lieblingsmesser zu sch\u00e4rfen, erledigt das Kadet die Aufgabe ganz gut. Aber wenn du eine gro\u00dfe Auswahl an verschiedenen Messertypen hast oder maximalen Komfort und Geschwindigkeit f\u00fcr dein Geld m\u00f6chtest, ist das K03 PRO die perfekte Wahl. <\/p>\n<h4>Welche Steine sind f\u00fcr die K03 geeignet?<\/h4>\n<p>Abgesehen von denen, die im Bausatz enthalten sind, sind alle Schleifsteine bis zu 200 mm L\u00e4nge f\u00fcr das System geeignet. Auch wenn sie keinen Aluminiumblock haben, der sie an Ort und Stelle h\u00e4lt. Zum Beispiel Venev-Ursa-Steine. Die flexible Verstellung und der Federclip erm\u00f6glichen es dir, mit \u00e4hnlichen Steinen zu arbeiten.   <\/p>\n<h4>Kann das Messer des K03 Pro K03Pro Hunter auf eine &#8220;Linsen&#8221;-Schneide umgesch\u00e4rft werden?<\/h4>\n<p>Ja, mit dem Kauf eines speziellen Zubeh\u00f6rs k\u00f6nnen Sie Messer auf einem Sch\u00e4rfsystem zu einer &#8220;Linse&#8221; umsch\u00e4rfen.<\/p>\n<h4>Muss das System am Tisch befestigt werden?<\/h4>\n<p>Nein, weil er mit einem speziellen schweren Stand geliefert wird, kann der K03Pro Hunter \u00fcberall auf Ihrem Schreibtisch platziert werden.<\/p>\n<p>Wir selbst f\u00fchren viel Sch\u00e4rfen durch, daher steht unser Team bereit, Sie zu beraten, wenn Sie eine Angelegenheit haben.<\/p>\n<p>Viel Spa\u00df beim Benutzen deiner scharfen Messer!<\/p>\n<p>Ich bin immer f\u00fcr dich da,<\/p>\n<p>Das 25.000-Meilen-Team!<\/p>\n","protected":false},"excerpt":{"rendered":"<p>Wir stellen den H\u00f6hepunkt des Klingensch\u00e4rfens vor \u2013 <strong>den TSPROF K03 Pro.<\/strong><\/p>\n<p>Begeben Sie sich auf eine Reise zur unvergleichlichen Klingenperfektion mit dem <strong>TSPROF K03 Pro<\/strong> Sharpening System. Als Premium-Sch\u00e4rfer steht er als Beweis f\u00fcr die nahtlose Verbindung von Wirksamkeit und Genauigkeit und liefert eine herausragend scharfe Schneide f\u00fcr Ihre Klinge. Der K03 Pro ist ein Wunderwerk moderner Technologie und bietet eine benutzerfreundliche Oberfl\u00e4che, mit der Sie m\u00fchelos Ihren Sch\u00e4rfewinkel mit einer erstaunlichen <strong>Pr\u00e4zision von 0,1\u00b0<\/strong> diktieren und \u00fcberwachen k\u00f6nnen.  <\/p>\n","protected":false},"featured_media":38987,"comment_status":"open","ping_status":"closed","template":"","meta":{"_acf_changed":false,"_seopress_robots_primary_cat":"1059","_seopress_titles_title":"","_seopress_titles_desc":"","_seopress_robots_index":"","iawp_total_views":0},"product_brand":[],"product_cat":[1133,1130,1135],"product_tag":[],"class_list":{"0":"post-38993","1":"product","2":"type-product","3":"status-publish","4":"has-post-thumbnail","6":"product_cat-sharpening-systems","7":"product_cat-sharpening-tools-equipment","8":"product_cat-tsprof-k03-sharpening-system","10":"first","11":"outofstock","12":"featured","13":"taxable","14":"shipping-taxable","15":"purchasable","16":"product-type-simple"},"acf":[],"_links":{"self":[{"href":"https:\/\/25000miles.eu\/de\/wp-json\/wp\/v2\/product\/38993","targetHints":{"allow":["GET"]}}],"collection":[{"href":"https:\/\/25000miles.eu\/de\/wp-json\/wp\/v2\/product"}],"about":[{"href":"https:\/\/25000miles.eu\/de\/wp-json\/wp\/v2\/types\/product"}],"replies":[{"embeddable":true,"href":"https:\/\/25000miles.eu\/de\/wp-json\/wp\/v2\/comments?post=38993"}],"wp:featuredmedia":[{"embeddable":true,"href":"https:\/\/25000miles.eu\/de\/wp-json\/wp\/v2\/media\/38987"}],"wp:attachment":[{"href":"https:\/\/25000miles.eu\/de\/wp-json\/wp\/v2\/media?parent=38993"}],"wp:term":[{"taxonomy":"product_brand","embeddable":true,"href":"https:\/\/25000miles.eu\/de\/wp-json\/wp\/v2\/product_brand?post=38993"},{"taxonomy":"product_cat","embeddable":true,"href":"https:\/\/25000miles.eu\/de\/wp-json\/wp\/v2\/product_cat?post=38993"},{"taxonomy":"product_tag","embeddable":true,"href":"https:\/\/25000miles.eu\/de\/wp-json\/wp\/v2\/product_tag?post=38993"}],"curies":[{"name":"wp","href":"https:\/\/api.w.org\/{rel}","templated":true}]}}