{"id":39008,"date":"2023-10-17T12:09:33","date_gmt":"2023-10-17T10:09:33","guid":{"rendered":"https:\/\/25000miles.eu\/product\/tsprof-doppelfilet-klemme\/"},"modified":"2026-01-08T21:53:38","modified_gmt":"2026-01-08T20:53:38","slug":"tsprof-doppelfilet-klemme","status":"publish","type":"product","link":"https:\/\/25000miles.eu\/de\/produkt\/tsprof-doppelfilet-klemme\/","title":{"rendered":"TSPROF Doppelfilet-Klemme"},"content":{"rendered":"<p>Hier ist unser spezielles Produkt, die <strong>Double Fillet Clamps<\/strong>!<\/p>\n<p><strong>Suchen Sie nicht weiter!<\/strong><\/p>\n<p>Unsere spezialisierte Klemme, ausgestattet mit modifizierten Backen und speziellen Schrauben, bietet ein unvergleichliches Sch\u00e4rferlebnis. Mit messerscharfer Pr\u00e4zision und einem minimalen Sch\u00e4rfwinkel von <strong>6,5\u00b0<\/strong> pro Seite (abh\u00e4ngig von Messergr\u00f6\u00dfe, Schleifdicke und verwendetem Ger\u00e4t) sorgt diese Klemme jedes Mal f\u00fcr makellose Ergebnisse. <\/p>\n<p>Mit ihrem einzigartigen Design halten die Doppel-Filet-Klemmen jede Klingenform sicher und sorgen f\u00fcr eine perfekte Passform zwischen den Klemmen und den Fasen des Messers. Diese Klemmen sind kompatibel mit den Sch\u00e4rfsystemen TSPROF K03 und TSPROF Kadet sowie mit dem TSPROF Pioneer. Verabschieden Sie sich vom eingeschr\u00e4nkten Zugang zu Ihrer Klinge w\u00e4hrend des Sch\u00e4rfens \u2013 die Double Clamps bieten uneingeschr\u00e4nkte Zug\u00e4nglichkeit f\u00fcr eine m\u00fchelose Verarbeitung der Klinge.  <\/p>\n<h3>Verabschiede dich von Klingenbeugung und Instabilit\u00e4t!<\/h3>\n<p>Unsere Klemme verf\u00fcgt \u00fcber zwei Griffpunkte, wodurch jegliches Risiko eines Verbiegens der Klinge w\u00e4hrend des Schleifvorgangs beseitigt wird. Erleben Sie die Freiheit der unabh\u00e4ngigen Bewegung, w\u00e4hrend Sie die Klemme m\u00fchelos \u00fcber die gesamte L\u00e4nge des Rahmens gleiten lassen. <\/p>\n<p>Diese Klemme ist f\u00fcr schmalkantige K\u00fcchen- und Filetmesser konzipiert und vielseitig geeignet und f\u00fcr verschiedene Arten von Schneidwerkzeugen geeignet. Die Kiefer der Klemme bestehen fachm\u00e4nnisch aus hochwertigem 65G-Stahl, w\u00e4hrend die Federn aus robustem 60C2A-Konstruktionsstahl bestehen. Seien Sie unbesorgt, unsere Klemme ist f\u00fcr die Langlebigkeit gebaut.  <\/p>\n<p>Sch\u00e4rfen Sie nicht nur K\u00fcchenmesser, sondern auch Filetmesser, Taschenmesser, Rasierer und andere schlanke Klingen. Es ist eine echte All-in-One-L\u00f6sung f\u00fcr Ihre Sch\u00e4rfbed\u00fcrfnisse. <\/p>\n<p>F\u00fcr optimale Ergebnisse empfehlen wir Messer mit einer L\u00e4nge von 30 mm bis 300 mm. Die Klemme kann Messer mit einer Mindestbreite von 10 mm aufnehmen. Mit ihren 16 mm breiten Kiefern (2 Teile) h\u00e4lt unsere Klemme Ihr Messer w\u00e4hrend des Sch\u00e4rfprozesses sicher an Ort und Stelle. Die Klemme selbst misst 118 mm in der L\u00e4nge.   <\/p>\n<p>Mit verstellbaren Schrauben von 2 mm und 2,5 mm hast du die volle Kontrolle \u00fcber den Griff der Klemme, sodass du die Spannung nach deinen Vorlieben anpassen kannst.<\/p>\n<p><span style=\"color: var(--danger);\">Bitte beachten Sie, dass diese Klemme nicht f\u00fcr Messer mit einer Klingendicke von mehr als 2,5 mm empfohlen wird, um Sch\u00e4den an den Kiefern zu verhindern.<\/span><\/p>\n<p>Kratzer und Kratzer sind auf der Oberfl\u00e4che der Klammern erlaubt, was die Funktion der Klemmen nicht beeintr\u00e4chtigt.<\/p>\n<p>Erleben Sie das ultimative Sch\u00e4rfwerkzeug mit unseren doppelten Filetklemmen. Entfalten Sie das wahre Potenzial Ihrer Messer mit Pr\u00e4zision, Leichtigkeit und Effizienz. Gib dich nicht mit weniger als Perfektion zufrieden. Verbessern Sie Ihr Sch\u00e4rfspiel noch heute!   <\/p>\n<h3>H\u00e4ufig gestellte Fragen:<\/h3>\n<h4>Wie unterscheiden sie sich von den ganzen gemahlenen Filet-Modellen?<\/h4>\n<p>Sie helfen, das Messer auch ohne den flachen Teil und Ricasso zu klemmen, dank der elastischen, aber flexiblen Federn. Nach dem Entfernen kehren die Federn an ihre urspr\u00fcngliche Position zur\u00fcck. <\/p>\n<h4>Wie unterscheiden sie sich von Doppelklemmen?<\/h4>\n<p>Diese Klemmen haben d\u00fcnnere Klemmkicher, die es erm\u00f6glichen, einen noch sch\u00e4rferen Winkel zu sch\u00e4rfen \u2013 bis zu <strong>6,5\u00b0<\/strong> pro Seite (das entspricht <strong>insgesamt 13\u00b0<\/strong> Messerwinkel).<\/p>\n<h4>K\u00f6nnen sie in andere Systeme angepasst werden?<\/h4>\n<p>Abgesehen von <strong>TSPROF K03<\/strong> k\u00f6nnen sie ohne Leistungsverlust in <strong>KADET<\/strong> und <strong>PIONEER<\/strong> eingebaut werden.<\/p>\n<p>Wir selbst f\u00fchren viel Sch\u00e4rfen durch, daher steht unser Team bereit, Sie zu beraten, wenn Sie eine Angelegenheit haben.<br \/>\nViel Spa\u00df beim Benutzen deiner scharfen Messer!<br \/>\nWir sind immer f\u00fcr dich da,<br \/>\n das 25.000-Meilen-Team!<\/p>\n","protected":false},"excerpt":{"rendered":"<p>Unsere spezialisierte Klemme, ausgestattet mit modifizierten Backen und speziellen Schrauben, bietet ein unvergleichliches Sch\u00e4rferlebnis. Mit messerscharfer Pr\u00e4zision und einem minimalen Sch\u00e4rfwinkel von 6,5\u00b0 pro Seite (abh\u00e4ngig von Messergr\u00f6\u00dfe, Schleifdicke und verwendetem Ger\u00e4t) sorgt diese Klemme jedes Mal f\u00fcr makellose Ergebnisse. <\/p>\n<p>Mit ihrem einzigartigen Design halten die Doppel-Filet-Klemmen jede Klingenform sicher und sorgen f\u00fcr eine perfekte Passform zwischen den Klemmen und den Fasen des Messers. Diese Klemmen sind kompatibel mit den Sch\u00e4rfsystemen TSPROF K03 und TSPROF Kadet sowie mit dem TSPROF Pioneer. Verabschieden Sie sich vom eingeschr\u00e4nkten Zugang zu Ihrer Klinge w\u00e4hrend des Sch\u00e4rfens \u2013 die Double Clamps bieten uneingeschr\u00e4nkte Zug\u00e4nglichkeit f\u00fcr eine m\u00fchelose Verarbeitung der Klinge.  <\/p>\n","protected":false},"featured_media":39005,"comment_status":"open","ping_status":"closed","template":"","meta":{"_acf_changed":false,"_seopress_robots_primary_cat":"1061","_seopress_titles_title":"","_seopress_titles_desc":"","_seopress_robots_index":"","iawp_total_views":0},"product_brand":[],"product_cat":[1130,1131],"product_tag":[],"class_list":{"0":"post-39008","1":"product","2":"type-product","3":"status-publish","4":"has-post-thumbnail","6":"product_cat-sharpening-tools-equipment","7":"product_cat-accessories-for-sharpening-systems","9":"first","10":"instock","11":"taxable","12":"shipping-taxable","13":"purchasable","14":"product-type-simple"},"acf":[],"_links":{"self":[{"href":"https:\/\/25000miles.eu\/de\/wp-json\/wp\/v2\/product\/39008","targetHints":{"allow":["GET"]}}],"collection":[{"href":"https:\/\/25000miles.eu\/de\/wp-json\/wp\/v2\/product"}],"about":[{"href":"https:\/\/25000miles.eu\/de\/wp-json\/wp\/v2\/types\/product"}],"replies":[{"embeddable":true,"href":"https:\/\/25000miles.eu\/de\/wp-json\/wp\/v2\/comments?post=39008"}],"wp:featuredmedia":[{"embeddable":true,"href":"https:\/\/25000miles.eu\/de\/wp-json\/wp\/v2\/media\/39005"}],"wp:attachment":[{"href":"https:\/\/25000miles.eu\/de\/wp-json\/wp\/v2\/media?parent=39008"}],"wp:term":[{"taxonomy":"product_brand","embeddable":true,"href":"https:\/\/25000miles.eu\/de\/wp-json\/wp\/v2\/product_brand?post=39008"},{"taxonomy":"product_cat","embeddable":true,"href":"https:\/\/25000miles.eu\/de\/wp-json\/wp\/v2\/product_cat?post=39008"},{"taxonomy":"product_tag","embeddable":true,"href":"https:\/\/25000miles.eu\/de\/wp-json\/wp\/v2\/product_tag?post=39008"}],"curies":[{"name":"wp","href":"https:\/\/api.w.org\/{rel}","templated":true}]}}