{"id":39017,"date":"2023-10-11T13:21:12","date_gmt":"2023-10-11T11:21:12","guid":{"rendered":"https:\/\/25000miles.eu\/product\/tsprof-blitz-pro-scherenklemme\/"},"modified":"2026-01-08T21:53:49","modified_gmt":"2026-01-08T20:53:49","slug":"tsprof-blitz-pro-scherenklemme","status":"publish","type":"product","link":"https:\/\/25000miles.eu\/de\/produkt\/tsprof-blitz-pro-scherenklemme\/","title":{"rendered":"TSPROF Blitz Pro Scherenklemme"},"content":{"rendered":"<p>Hier ist die TSPROF Blitz PRO Scissors Clamp \u2013 das praktische Werkzeug zum Sch\u00e4rfen von Scheren.<\/p>\n<p>Erweiterte Winkelreichweite.<\/p>\n<p>Die TSPROF Blitz Scissors Clamp hebt das Sch\u00e4rfen auf ein ganz neues Niveau. Mit seinem einzigartigen Design l\u00e4sst sich der Tischboden leicht in den Haltern umdrehen, was eine gro\u00dfe Auswahl an Winkeln f\u00fcr pr\u00e4zises Sch\u00e4rfen erm\u00f6glicht. Ob Haushalts-, K\u00fcchen- oder Friseurschere \u2013 diese Klemme kann alles bew\u00e4ltigen.  <\/p>\n<p>Vielseitige Sch\u00e4rfwinkel Verabschieden Sie sich von begrenzten Sch\u00e4rfoptionen. In der Hauptposition bietet diese Klemme einen beeindruckenden Bereich von 59\u201375 Grad pro Seite. Aber das ist noch nicht alles! Nach dem Zur\u00fccksetzen verl\u00e4ngern sich die Sch\u00e4rfwinkel noch weiter und erreichen 75\u201390 Grad pro Seite. Erleben Sie die Freiheit, den perfekten Winkel f\u00fcr Ihre Schere zu finden.    <\/p>\n<p>Hochwertige Konstruktion \u2013 mit Exzellenz gefertigt.<\/p>\n<p>Die TSPROF Blitz Scissors Clamp besteht aus 7075-T6 Luftfahrtaluminium. Seine robuste Zusammensetzung sorgt f\u00fcr Langlebigkeit und Zuverl\u00e4ssigkeit und macht es zu einer langfristigen Investition f\u00fcr Ihre Sch\u00e4rfbed\u00fcrfnisse. Die Klemme besteht aus einer einzelnen Y-f\u00f6rmigen Klammer, einem festen Sockel und Halterungen, die alles fixieren. Dieses Design garantiert Stabilit\u00e4t w\u00e4hrend der Schleifphasen.   <\/p>\n<p>Optimale Werkzeugdicke.<\/p>\n<p>Du musst dir keine Sorgen um die Kompatibilit\u00e4t machen. Die TSPROF Blitz Scissors Clamp passt bequem zu Werkzeugen mit einer maximalen Dicke von 10 mm. F\u00fcr dickere Werkzeuge empfehlen wir die Verwendung einer G-Klemme, um einen sicheren Griff und einen effizienten Sch\u00e4rfprozess zu gew\u00e4hrleisten. Erleben Sie mit dieser praktischen Funktion ein unkompliziertes Sch\u00e4rfen.   <\/p>\n<p>Bequeme Verstellbarkeit Wir verstehen die Bedeutung von Einfachheit und Effizienz. Deshalb ist die TSPROF Blitz Scissors Clamp f\u00fcr eine m\u00fchelose Verstellbarkeit konzipiert. Mit Hilfe eines 3-mm-Schraubendrehers und eines 2-mm-Schraubendrehers kannst du die Klemme nach deinen speziellen Bed\u00fcrfnissen feinjustieren. Keine komplizierten Prozesse oder frustrierende Setups \u2013 einfach einfache Anpassungen f\u00fcr ein optimales Sch\u00e4rfen-Erlebnis.   <\/p>\n<p>Die TSPROF Blitz Scherenklemme ist ein unverzichtbares Werkzeug f\u00fcr alle, die ihre Schere nicht mit schlechtem Sch\u00e4rfen besch\u00e4digen oder st\u00e4ndig neue kaufen wollen.<\/p>\n<h3><strong>H\u00e4ufig gestellte Fragen:<\/strong><\/h3>\n<h4>An welche Systeme kann diese Klemme montiert werden?<\/h4>\n<p>Im Blitz PRO-System. Die Klemme f\u00fcr das Blitz-System ist anders. Bitte seien Sie daher vorsichtig vor dem Kauf. Das geben wir im Produktnamen an.   <\/p>\n<p><span style=\"color: var(--danger);\">Warnung! Nicht geeignet f\u00fcr K03-, Kadet- und Pioneer-Systeme! <\/span><\/p>\n<p>Wir selbst f\u00fchren viel Sch\u00e4rfen durch, daher steht unser Team bereit, Sie zu beraten, wenn Sie eine Angelegenheit haben.<br \/>\nViel Spa\u00df beim Benutzen deiner scharfen Messer!<\/p>\n<p>Wir sind immer f\u00fcr dich da,<br \/>\n das 25.000-Meilen-Team!<\/p>\n","protected":false},"excerpt":{"rendered":"<p>TSPROF Blitz PRO Scherenklemmen-Spezifikationen:<\/p>\n<ul>\n<li><strong>Material:<\/strong> Luftfahrt-Aluminium 7075-T6<\/li>\n<li><strong>Maximale Dicke des gespannten Werkzeugs:<\/strong> 10 mm<\/li>\n<li><strong>Sch\u00e4rfwinkel:<\/strong> 59\u201390 Grad<\/li>\n<li><strong>Klemmgewicht:<\/strong> 105 Gramm<\/li>\n<\/ul>\n","protected":false},"featured_media":39009,"comment_status":"open","ping_status":"closed","template":"","meta":{"_acf_changed":false,"_seopress_robots_primary_cat":"1061","_seopress_titles_title":"","_seopress_titles_desc":"","_seopress_robots_index":"","iawp_total_views":0},"product_brand":[],"product_cat":[1130,1131],"product_tag":[],"class_list":{"0":"post-39017","1":"product","2":"type-product","3":"status-publish","4":"has-post-thumbnail","6":"product_cat-sharpening-tools-equipment","7":"product_cat-accessories-for-sharpening-systems","9":"first","10":"instock","11":"taxable","12":"shipping-taxable","13":"purchasable","14":"product-type-simple"},"acf":[],"_links":{"self":[{"href":"https:\/\/25000miles.eu\/de\/wp-json\/wp\/v2\/product\/39017","targetHints":{"allow":["GET"]}}],"collection":[{"href":"https:\/\/25000miles.eu\/de\/wp-json\/wp\/v2\/product"}],"about":[{"href":"https:\/\/25000miles.eu\/de\/wp-json\/wp\/v2\/types\/product"}],"replies":[{"embeddable":true,"href":"https:\/\/25000miles.eu\/de\/wp-json\/wp\/v2\/comments?post=39017"}],"wp:featuredmedia":[{"embeddable":true,"href":"https:\/\/25000miles.eu\/de\/wp-json\/wp\/v2\/media\/39009"}],"wp:attachment":[{"href":"https:\/\/25000miles.eu\/de\/wp-json\/wp\/v2\/media?parent=39017"}],"wp:term":[{"taxonomy":"product_brand","embeddable":true,"href":"https:\/\/25000miles.eu\/de\/wp-json\/wp\/v2\/product_brand?post=39017"},{"taxonomy":"product_cat","embeddable":true,"href":"https:\/\/25000miles.eu\/de\/wp-json\/wp\/v2\/product_cat?post=39017"},{"taxonomy":"product_tag","embeddable":true,"href":"https:\/\/25000miles.eu\/de\/wp-json\/wp\/v2\/product_tag?post=39017"}],"curies":[{"name":"wp","href":"https:\/\/api.w.org\/{rel}","templated":true}]}}