{"id":39026,"date":"2023-07-07T15:29:26","date_gmt":"2023-07-07T13:29:26","guid":{"rendered":"https:\/\/25000miles.eu\/product\/tsprof-doppelklemme\/"},"modified":"2026-01-08T21:53:43","modified_gmt":"2026-01-08T20:53:43","slug":"tsprof-doppelklemme","status":"publish","type":"product","link":"https:\/\/25000miles.eu\/de\/produkt\/tsprof-doppelklemme\/","title":{"rendered":"TSPROF Doppelklemme"},"content":{"rendered":"<p>Hier sind die <strong>Doppelklemmen<\/strong> \u2013 das ultimative Werkzeug f\u00fcr jeden Messerliebhaber und Online-Shopper. Mit den Double Clamps erleben Sie eine ganz neue Ebene der Messerpflege und -sch\u00e4rfung. <\/p>\n<h3>Entfessle das volle Potenzial deiner Klingen.<\/h3>\n<p>Mit ihrem einzigartigen Design halten die Double Clamps jede Klingenform sicher und sorgen f\u00fcr eine perfekte Passung zwischen den Klemmen und den Messerschr\u00e4gen. Diese Klemmen sind kompatibel mit den <g id=\"gid_0\">Sch\u00e4rfsystemen TSPROF K03<\/g> und <g id=\"gid_1\">TSPROF Kadet<\/g> sowie mit dem <g id=\"gid_2\">TSPROF Pioneer<\/g>. Verabschieden Sie sich vom eingeschr\u00e4nkten Zugang zu Ihrer Klinge w\u00e4hrend des Sch\u00e4rfens \u2013 die Double Clamps bieten uneingeschr\u00e4nkte Zug\u00e4nglichkeit f\u00fcr eine m\u00fchelose Verarbeitung der Klinge.  <\/p>\n<h3>Flexible Konstruktion f\u00fcr \u00fcberlegene Leistung.<\/h3>\n<p>Das Fundament dieser Klemmen besteht aus drei Hauptelementen: der Basis, den flachen Federn und den Klemmkinnen. Die robusten Backen sind durch flache, flexible Federn mit der Basis verbunden, die eine universelle Anpassungsf\u00e4higkeit bieten. Wenn du dein Messer in die Klemme steckst, wechseln die Federn von einem entspannten in einen gespannten Zustand, was die Griffst\u00e4rke deutlich erh\u00f6ht. Die Kombination aus Befestigungs- und Einstellschrauben bildet ein starres geometrisches System, das es erm\u00f6glicht, die Klemme an jede Blattform anzupassen und so eine symmetrische Position zu gew\u00e4hrleisten.   <\/p>\n<h3>Vielseitigkeit.<\/h3>\n<p>Unter allen Klemmen der Profile-Serie sticht dieser spezielle Typ als der vielseitigste hervor. Im Gegensatz zu Einzelklemmen erm\u00f6glicht sie die M\u00f6glichkeit, d\u00fcnne und lange Klingen m\u00fchelos zu befestigen. Dank seiner beiden Kontaktpunkte wird jegliches Blattflexibilit\u00e4t eliminiert. Au\u00dferdem kann jede Klemme unabh\u00e4ngig \u00fcber die gesamte Rahmenl\u00e4nge bewegt werden, was Ihnen unvergleichliche Flexibilit\u00e4t verleiht. Egal, ob Sie es mit K\u00fcchenmessern, Filetmessern oder sogar Faltmessern zu tun haben \u2013 diese Klemme eignet sich f\u00fcr schmal abgeschr\u00e4gte Klingen.    <\/p>\n<h3>Pr\u00e4zisionssch\u00e4rfen f\u00fcr verschiedene Messer.<\/h3>\n<p>Die Profile Clamps sind mit einer Vielzahl von Messern kompatibel, darunter Kochmesser, Allzweckmesser, Gem\u00fcsemesser, K\u00fcchenmesser, Axle sowie Falt- oder Jagdmesser. Erreichen Sie rasiermesserscharfe Kanten auf Klingen von <g id=\"gid_0\">30 mm<\/g> bis <g id=\"gid_1\">300 mm<\/g> . Die minimale Klingenbreite sollte 20 mm betragen, um eine optimale Leistung zu gew\u00e4hrleisten.  <\/p>\n<p>Verbessern Sie Ihr Sch\u00e4rferlebnis mit den Doppelklemmen!<\/p>\n<h3>H\u00e4ufig gestellte Fragen:<\/h3>\n<h4>Wie unterscheiden sie sich von den Whole-milled?<\/h4>\n<p>Sie helfen, das Messer auch ohne den flachen Teil und Ricasso zu klemmen, dank der elastischen, aber flexiblen Federn. Nach dem Entfernen kehren die Federn an ihre urspr\u00fcngliche Position zur\u00fcck. <\/p>\n<h4>Worin unterscheiden sie sich von Doppel-Fillet-Klemmen?<\/h4>\n<p>Diese Klemmen haben dickere und st\u00e4rkere Klemmkiefer.<\/p>\n<h4>K\u00f6nnen sie in andere Systeme angepasst werden?<\/h4>\n<p>Abgesehen von <strong>TSPROF K03<\/strong> k\u00f6nnen sie ohne Leistungsverlust in <strong>KADET<\/strong> und <strong>PIONEER<\/strong> eingebaut werden.<\/p>\n<p>Wir selbst f\u00fchren viel Sch\u00e4rfen durch, daher steht unser Team bereit, Sie zu beraten, wenn Sie eine Angelegenheit haben.<br \/>\nViel Spa\u00df beim Benutzen deiner scharfen Messer!<br \/>\nWir sind immer f\u00fcr dich da,<br \/>\n das 25.000-Meilen-Team!<\/p>\n","protected":false},"excerpt":{"rendered":"<p>TSPROF <strong>Doppelklemmen.<\/strong><\/p>\n<p><strong>Technische Daten:<\/strong><\/p>\n<ul>\n<li><strong>Klemmkieferbreite:<\/strong> 16 mm (2 St\u00fcck)<\/li>\n<li><strong>Klemmenl\u00e4nge:<\/strong> 118 mm<\/li>\n<li><strong>Empfohlene Schraubengr\u00f6\u00dfen:<\/strong> 2,5 mm und 3 mm<\/li>\n<\/ul>\n","protected":false},"featured_media":39019,"comment_status":"open","ping_status":"closed","template":"","meta":{"_acf_changed":false,"_seopress_robots_primary_cat":"1061","_seopress_titles_title":"","_seopress_titles_desc":"","_seopress_robots_index":"","iawp_total_views":21},"product_brand":[],"product_cat":[1130,1131],"product_tag":[],"class_list":{"0":"post-39026","1":"product","2":"type-product","3":"status-publish","4":"has-post-thumbnail","6":"product_cat-sharpening-tools-equipment","7":"product_cat-accessories-for-sharpening-systems","9":"first","10":"instock","11":"taxable","12":"shipping-taxable","13":"purchasable","14":"product-type-simple"},"acf":[],"_links":{"self":[{"href":"https:\/\/25000miles.eu\/de\/wp-json\/wp\/v2\/product\/39026","targetHints":{"allow":["GET"]}}],"collection":[{"href":"https:\/\/25000miles.eu\/de\/wp-json\/wp\/v2\/product"}],"about":[{"href":"https:\/\/25000miles.eu\/de\/wp-json\/wp\/v2\/types\/product"}],"replies":[{"embeddable":true,"href":"https:\/\/25000miles.eu\/de\/wp-json\/wp\/v2\/comments?post=39026"}],"wp:featuredmedia":[{"embeddable":true,"href":"https:\/\/25000miles.eu\/de\/wp-json\/wp\/v2\/media\/39019"}],"wp:attachment":[{"href":"https:\/\/25000miles.eu\/de\/wp-json\/wp\/v2\/media?parent=39026"}],"wp:term":[{"taxonomy":"product_brand","embeddable":true,"href":"https:\/\/25000miles.eu\/de\/wp-json\/wp\/v2\/product_brand?post=39026"},{"taxonomy":"product_cat","embeddable":true,"href":"https:\/\/25000miles.eu\/de\/wp-json\/wp\/v2\/product_cat?post=39026"},{"taxonomy":"product_tag","embeddable":true,"href":"https:\/\/25000miles.eu\/de\/wp-json\/wp\/v2\/product_tag?post=39026"}],"curies":[{"name":"wp","href":"https:\/\/api.w.org\/{rel}","templated":true}]}}