{"id":39038,"date":"2023-07-07T15:40:49","date_gmt":"2023-07-07T13:40:49","guid":{"rendered":"https:\/\/25000miles.eu\/product\/tsprof-pioneer-schaerfkit\/"},"modified":"2026-01-08T21:53:27","modified_gmt":"2026-01-08T20:53:27","slug":"tsprof-pioneer-schaerfkit","status":"publish","type":"product","link":"https:\/\/25000miles.eu\/de\/produkt\/tsprof-pioneer-schaerfkit\/","title":{"rendered":"TSPROF Pioneer Sch\u00e4rfkit"},"content":{"rendered":"<p>Wir stellen vor: <strong>Das TSPROF Pioneer Messersch\u00e4rfsystem<\/strong> \u2013 Ihr ultimativer Begleiter f\u00fcr m\u00fcheloses Messersch\u00e4rfen zu Hause!<\/p>\n<p>Sind Sie es leid, sich mit stumpfen und wirkungslosen Messern in Ihrer K\u00fcche herumzuschlagen? W\u00fcnschen Sie sich die Pr\u00e4zision und Bequemlichkeit rasiermesserscharfer Kanten Ihrer Falt-, K\u00fcchen- und Au\u00dfenmesser? Dann sind Sie genau das TSPROF Pioneer Messersch\u00e4rfungssystem zu sehen. Mit seiner au\u00dfergew\u00f6hnlichen Leistung, intuitiven Gestaltung und schlankendem Erscheinungsbild ist dieses System ein echter Wendepunkt in der Welt des Messersch\u00e4rfens.   <\/p>\n<p>Erleben Sie unvergleichliche Vielseitigkeit mit universellen Klemmen<br \/>\n. Der TSPROF Pioneer verf\u00fcgt \u00fcber universelle Klemmen, die es erm\u00f6glichen, eine Vielzahl von Messern zu sch\u00e4rfen, vom Falten \u00fcber K\u00fcchen- bis hin zu Multitools. Diese Klemmen lassen sich leicht anpassen, um verschiedene Klingengr\u00f6\u00dfen zu ber\u00fccksichtigen, was einen sicheren und pr\u00e4zisen Sch\u00e4rfprozess gew\u00e4hrleistet. <\/p>\n<p>Halten Sie mit dem Drehmechanismus<br \/>\nkonstante Kantenwinkel Sagen Sie Lebewohl zu ungleichm\u00e4\u00dfigen und inkonsistenten Kanten! Der Drehmechanismus des TSPROF Pioneer ist so konzipiert, dass Sie einen gleichm\u00e4\u00dfigen Sch\u00e4rfwinkel auf beiden Seiten des Messers aufrechterhalten. Sobald Sie den gew\u00fcnschten Winkel eingestellt haben, verriegelt der Hebel die rotierende Baugruppe sicher und sorgt so f\u00fcr unersch\u00fctterliche Stabilit\u00e4t und Pr\u00e4zision w\u00e4hrend des gesamten Sch\u00e4rfvorgangs.  <\/p>\n<p>Nahtlose Winkelanpassung mit der Achsensteuerung<br \/>\nDie Winkelachse des TSPROF Pioneer bewegt sich sanft innerhalb des Rahmens, sorgf\u00e4ltig gefertigt aus luftfahrtf\u00e4higer Aluminiumlegierung. Durch die Verwendung des Gummirings k\u00f6nnen Sie m\u00fchelos Ver\u00e4nderungen im Sch\u00e4rfwinkel verfolgen und ausgleichen, insbesondere bei der Arbeit mit Schleifmitteln unterschiedlicher Dicke. <\/p>\n<p>Verbesserte Kompatibilit\u00e4t mit elektronischen Winkelmessern<br \/>\nHebt Ihr Sch\u00e4rferlebnis mit der Stahlgrundplatte des TSPROF Pioneer auf ein neues Niveau, die die Kompatibilit\u00e4t mit elektronischen Winkelmessger\u00e4ten wie dem Axicube One (im P2-Modus) und anderen magnetischen Winkelmessern erm\u00f6glicht. Das er\u00f6ffnet eine Welt von M\u00f6glichkeiten f\u00fcr pr\u00e4zises und pr\u00e4zises Sch\u00e4rfen. <\/p>\n<p>M\u00fcheloser Abrasiversatz mit dem Halter<br \/>\nDer TSPROF Pioneer enth\u00e4lt einen Schleifhalter, der f\u00fcr Standard-150-mm-Schleifsteine auf einer Blankplattform konzipiert ist. Mit seinem federbelasteten Stopper wird das Wechseln von Schleifmitteln schnell und unkompliziert, was eine ununterbrochene Sch\u00e4rfung gew\u00e4hrleistet. <\/p>\n<p>Praktische Ausstattung f\u00fcr einfaches Handhaben<br \/>\nMit einem Parkplatz f\u00fcr Steinhalter sorgt der TSPROF Pioneer f\u00fcr ein einfaches Umdrehen des Messers, einfache Schleifwechsel und eine visuelle \u00dcberwachung der Sauberkeit des Steins. Der ergonomische Holzgriff sorgt f\u00fcr einen bequemen Griff und verschafft Ihnen eine bessere Kontrolle \u00fcber Ihre abrasiven Bewegungen. <\/p>\n<p>Verhindern Sie abrasives Durchrutschen mit dem d\u00e4mpfenden Abrasive Travel-Limiter<br \/>\n\u2013 verabschieden Sie sich von versehentlichen Ausrutschern! Der TSPROF Pioneer ist mit einem abrasiven Reisebegrenzer mit D\u00e4mpfungsmechanismus ausgestattet. Dies verhindert, dass sich der Schleifstein beim Sch\u00e4rfen l\u00f6st, und gew\u00e4hrleistet so h\u00f6chste Sicherheit und Pr\u00e4zision.  <\/p>\n<p>Damit Nutzer sofort nach dem Kauf mit dem Sch\u00e4rfen beginnen k\u00f6nnen, ohne eine m\u00fchsame Auswahl an Schleifmitteln ben\u00f6tigen zu m\u00fcssen, enth\u00e4lt das TSPROF Kadet Pro Set <strong>5 TSPROF-Diamanteins\u00e4tze\u00ae.<\/strong> Diese Diamant-Eins\u00e4tze gibt es in verschiedenen K\u00f6rnungen, von Extra Coarse bis Very Fine (<strong>Fepa-F: F150 K\u00f6rnung, F220 K\u00f6rnung, F400 K\u00f6rnung, F600 K\u00f6rnung und F1000 K\u00f6rnung<\/strong>). Mit diesen Diamantplatten ist kein Einweichen oder \u00d6len n\u00f6tig, was sie sowohl zu Hause als auch im Camping \u00e4u\u00dferst praktisch macht. <\/p>\n<p>Kompaktes und tragbares Design f\u00fcr einfache Aufbewahrung<br \/>\nF\u00fcr Ihre Bequemlichkeit kann der Rahmen des Ger\u00e4ts abgenommen und der Geh\u00e4use gefaltet werden, was eine m\u00fchelose Aufbewahrung erm\u00f6glicht. Gefaltet misst er nur 11\u00d712\u00d73,5 cm, was ihn kompakt und platzsparend macht. <\/p>\n<p>Leichtgewicht und sichere Befestigung<br \/>\nMit einem Gewicht von nur 1,4 kg ist der TSPROF Pioneer unser leichtestes Messersch\u00e4rfungssystem. Er wird mit einer Klemme geliefert, die ihn mit der mitgelieferten Klemme sicher an jedem Tisch oder Arbeitsfl\u00e4che befestigt. Dar\u00fcber hinaus erm\u00f6glicht seine standardisierte Basis die Kompatibilit\u00e4t mit dem Profile K03-Stand.  <\/p>\n<p>Kompatibilit\u00e4t<br \/>\nf\u00fcr Links- oder Rechtsh\u00e4nder Egal, ob Sie Links- oder Rechtsh\u00e4nder sind, das Sch\u00e4rfen von Messern auf dem TSPROF Pioneer ist ein Kinderspiel. Du kannst alle Ger\u00e4teelemente so anordnen, dass sie auf deine dominante Hand zugeschnitten sind, um maximalen Komfort und Effizienz zu gew\u00e4hrleisten. <\/p>\n<p><strong>Leistungsbeschreibung:<\/strong><\/p>\n<ul>\n<li>Klingendicke: Bis zu 5 mm<\/li>\n<li>Klingenl\u00e4nge: Bis zu 250 mm<\/li>\n<li>Klingenbreite: Bis zu 40 mm<\/li>\n<li>Minimaler Sch\u00e4rfwinkel: 12<\/li>\n<li>Maximaler Sch\u00e4rfwinkel: 26<\/li>\n<li>Kompatibel mit Schleifmitteln L\u00e4nge: 10 bis 160 mm<\/li>\n<li>Kompatibel mit Schleifmitteln Dicke: 3 bis 15 mm<\/li>\n<li>Gewicht: 1,4 kg<\/li>\n<\/ul>\n<p>Das komplette Set enth\u00e4lt:<\/p>\n<ul>\n<li>Ger\u00e4tek\u00f6rper \u2013 1 St\u00fcck.<\/li>\n<li>TSPROF Pioneer Clamps \u2013 2 St\u00fcck.<\/li>\n<li>TSPROF\u00ae Diamant-Eins\u00e4tze \u2013 5 St\u00fcck.<\/li>\n<li>Abrasive Holder \u2013 1 St\u00fcck.<\/li>\n<li>Bewegungsbegrenzer (6 mm) \u2013 1 St\u00fcck<\/li>\n<li>Klemme \u2013 1 St\u00fcck.<\/li>\n<li>Filzfu\u00df \u2013 2 St\u00fcck.<\/li>\n<li>Inbusschl\u00fcssel (1,5 mm) \u2013 1 St\u00fcck.<\/li>\n<li>Inbusschl\u00fcssel (3 mm) \u2013 1 St\u00fcck.<\/li>\n<li>Benutzerhandbuch \u2013 1 PC.<\/li>\n<li>Ger\u00e4te-Pass \u2013 1 St\u00fcck.<\/li>\n<li>1-Jahres-Garantie<\/li>\n<\/ul>\n<h3>H\u00e4ufig gestellte Fragen!<\/h3>\n<h4>Pioneer oder Kadet PRO?<\/h4>\n<p>Beide Systeme sind ausgezeichnete Optionen und liefern gro\u00dfartige Ergebnisse. Pers\u00f6nlich bevorzugen wir jedoch den Kadet PRO. <\/p>\n<h4>Welche Steine sind f\u00fcr den Pioneer geeignet?<\/h4>\n<p>Zus\u00e4tzlich zu den im Bausatz enthaltenen sind alle Schleifsteine von bis zu 150 mm L\u00e4nge f\u00fcr das System geeignet, auch solche ohne Aluminiumblock zur Befestigung. Zum Beispiel Venev-Ursa-Steine. Die flexible Verstellung und die Federklammer erm\u00f6glichen es Ihnen, mit \u00e4hnlichen Steinen m\u00fchelos zu arbeiten.  <\/p>\n<p>Kann das Messer beim Pioneer auf eine &#8220;lentikul\u00e4re&#8221; Schneide umgesch\u00e4rft werden?<br \/>\nAbsolut! Das Zubeh\u00f6r kann verwendet werden, um Messer am Sch\u00e4rfsystem neu zu sch\u00e4rfen, um eine &#8220;Linsen&#8221;-Schneide zu erzielen. <\/p>\n<h4>Muss das System am Tisch befestigt werden?<\/h4>\n<p>Nein, der Pioneer kann bequem \u00fcberall auf Ihrer Arbeitsfl\u00e4che platziert werden.<\/p>\n<p>Wir verf\u00fcgen \u00fcber umfangreiche Erfahrung in der Sch\u00e4rfung selbst, daher steht unser Team jederzeit zur Verf\u00fcgung, um Ratschl\u00e4ge zu geben und alle Fragen zu beantworten, die Sie haben. Genie\u00dfen Sie das Vergn\u00fcgen, Ihre perfekt scharfen Messer zu benutzen! Immer an deiner Seite,<br \/>\n das 25.000-Meilen-Team!<\/p>\n","protected":false},"excerpt":{"rendered":"<p>Wir stellen vor: Das TSPROF Pioneer Messersch\u00e4rfsystem \u2013 Ihr ultimativer Begleiter f\u00fcr m\u00fcheloses Messersch\u00e4rfen zu Hause!<\/p>\n<p>Sind Sie es leid, sich mit stumpfen und wirkungslosen Messern in Ihrer K\u00fcche herumzuschlagen? W\u00fcnschen Sie sich die Pr\u00e4zision und Bequemlichkeit rasiermesserscharfer Kanten Ihrer Falt-, K\u00fcchen- und Au\u00dfenmesser? Dann sind Sie genau das TSPROF Pioneer Messersch\u00e4rfungssystem zu sehen. Mit seiner au\u00dfergew\u00f6hnlichen Leistung, intuitiven Gestaltung und schlankendem Erscheinungsbild ist dieses System ein echter Wendepunkt in der Welt des Messersch\u00e4rfens.   <\/p>\n","protected":false},"featured_media":39027,"comment_status":"open","ping_status":"closed","template":"","meta":{"_acf_changed":false,"_seopress_robots_primary_cat":"1058","_seopress_titles_title":"","_seopress_titles_desc":"","_seopress_robots_index":"","iawp_total_views":2},"product_brand":[],"product_cat":[1133,1130,1137],"product_tag":[],"class_list":{"0":"post-39038","1":"product","2":"type-product","3":"status-publish","4":"has-post-thumbnail","6":"product_cat-sharpening-systems","7":"product_cat-sharpening-tools-equipment","8":"product_cat-tsprof-pioneer-sharpening-system","10":"first","11":"instock","12":"featured","13":"taxable","14":"shipping-taxable","15":"purchasable","16":"product-type-simple"},"acf":[],"_links":{"self":[{"href":"https:\/\/25000miles.eu\/de\/wp-json\/wp\/v2\/product\/39038","targetHints":{"allow":["GET"]}}],"collection":[{"href":"https:\/\/25000miles.eu\/de\/wp-json\/wp\/v2\/product"}],"about":[{"href":"https:\/\/25000miles.eu\/de\/wp-json\/wp\/v2\/types\/product"}],"replies":[{"embeddable":true,"href":"https:\/\/25000miles.eu\/de\/wp-json\/wp\/v2\/comments?post=39038"}],"wp:featuredmedia":[{"embeddable":true,"href":"https:\/\/25000miles.eu\/de\/wp-json\/wp\/v2\/media\/39027"}],"wp:attachment":[{"href":"https:\/\/25000miles.eu\/de\/wp-json\/wp\/v2\/media?parent=39038"}],"wp:term":[{"taxonomy":"product_brand","embeddable":true,"href":"https:\/\/25000miles.eu\/de\/wp-json\/wp\/v2\/product_brand?post=39038"},{"taxonomy":"product_cat","embeddable":true,"href":"https:\/\/25000miles.eu\/de\/wp-json\/wp\/v2\/product_cat?post=39038"},{"taxonomy":"product_tag","embeddable":true,"href":"https:\/\/25000miles.eu\/de\/wp-json\/wp\/v2\/product_tag?post=39038"}],"curies":[{"name":"wp","href":"https:\/\/api.w.org\/{rel}","templated":true}]}}