{"id":39071,"date":"2023-07-07T15:40:49","date_gmt":"2023-07-07T13:40:49","guid":{"rendered":"https:\/\/25000miles.eu\/product\/tsprof-kadet-pro-messerschaerfer-version-t\/"},"modified":"2025-12-28T11:58:16","modified_gmt":"2025-12-28T10:58:16","slug":"tsprof-kadet-pro-messerschaerfer-version-t","status":"publish","type":"product","link":"https:\/\/25000miles.eu\/de\/produkt\/tsprof-kadet-pro-messerschaerfer-version-t\/","title":{"rendered":"TSPROF KADET Pro Messersch\u00e4rfer, Version T"},"content":{"rendered":"<p>Das <strong>TSPROF Kadet Pro Version<\/strong> <strong>T<\/strong> Sch\u00e4rfsystem f\u00fchrt das Erbe des renommierten &#8220;K03&#8221;-Modells fort, indem es einen erschwinglichen Preis, au\u00dfergew\u00f6hnliche Sch\u00e4rff\u00e4higkeiten und \u00fcberlegene Pr\u00e4zision bietet. Egal, ob Sie mit einem kompakten Klappmesser oder einem robusten Jagdmesser arbeiten \u2013 dieses System liefert herausragende Ergebnisse. <\/p>\n<p>Mit einem Drehmechanismus ausgestattet, sorgt das <strong>TSPROF Kadet PRO<\/strong> daf\u00fcr, dass der Spannrahmen fest und pr\u00e4zise bleibt und auf beiden Seiten des Messers einen gleichm\u00e4\u00dfigen Sch\u00e4rfwinkel aufrechterh\u00e4lt.<\/p>\n<p>Die vertikale Basis des Kadet Pro ist ein weiteres bemerkenswertes Merkmal. Im Gegensatz zu vielen anderen Sch\u00e4rfsystemen besteht die vertikale Basis des Kadet Pro aus einem einzigen St\u00fcck hochwertigen Aluminiums. Dies erh\u00f6ht nicht nur die Haltbarkeit, sondern beseitigt auch m\u00f6gliche L\u00fccken oder R\u00fcckspiele, die die Pr\u00e4zision des Sch\u00e4rfungsprozesses beeintr\u00e4chtigen k\u00f6nnten. Zus\u00e4tzlich ist die vertikale Basis mit einem speziellen Zahnrad-und-Ritzen-H\u00f6henruder integriert, der eine sanfte und pr\u00e4zise Einstellung des Sch\u00e4rfwinkels erm\u00f6glicht. Der empfindliche Drehknopf erm\u00f6glicht eine m\u00fchelose Steuerung des gew\u00fcnschten Winkels, w\u00e4hrend ein speziell entwickelter Hebel die Drehhalterung sicher fixiert.    <\/p>\n<p>Wenn es um den Bereich der Sch\u00e4rfwinkel geht, gl\u00e4nzt der <strong>TSPROF Kadet Pro<\/strong> wirklich. Es bietet eine breite Palette an Optionen, wobei der Sch\u00e4rfwinkel von nur 9\u00b0 bis zu robusteren 28,5\u00b0 pro Seite oder von 18\u00b0 bis 57\u00b0 Gesamtschleifwinkel reicht. Diese Vielseitigkeit erm\u00f6glicht es den Nutzern, eine Vielzahl von Klingen zu sch\u00e4rfen, von filigranen Faltmessern bis hin zu robusten Jagdmessern, mit h\u00f6chster Pr\u00e4zision und Genauigkeit.<\/p>\n<p>Einer der bemerkenswerten Vorteile des TSPROF Kadet PRO ist seine Kompatibilit\u00e4t mit den Klemmen des <strong>TSPROF &#8220;K03&#8221;<\/strong> -Systems. Man kann einfache und doppelte K03-Klemmen sowie deren &#8220;Fillet&#8221;-Varianten oder sogar einen kompakten, universellen K03-Sch\u00e4rftisch einfach am Rahmen montieren. <\/p>\n<p>Neben seiner au\u00dfergew\u00f6hnlichen Leistung bietet der TSPROF Kadet Pro auch hervorragende Portabilit\u00e4t und Kompaktheit. Das System kann leicht zerlegt und zusammengefaltet werden, was eine m\u00fchelose Lagerung und den Transport erm\u00f6glicht. Mit einem Gewicht von nur 2100 g ist er leicht genug, um bei Outdoor-Abenteuern mitgenommen oder in Werkst\u00e4tten ohne Aufwand. Das bedeutet, dass Sie \u00fcberall professionelle Sch\u00e4rfergebnisse erzielen k\u00f6nnen, unabh\u00e4ngig vom Ort oder der Dauer Ihrer Reise.   <\/p>\n<h3>Wichtige Systemspezifikationen:<\/h3>\n<ul>\n<li><strong>Messerdicke:<\/strong> bis zu 7 mm<\/li>\n<li><strong>L\u00e4nge kompatibler Schleifmittel:<\/strong> 10 bis 160 mm<\/li>\n<li><strong>Dicke kompatibler Schleifmittel:<\/strong> 3 bis 15 mm<\/li>\n<li><strong>Messerklingenl\u00e4nge:<\/strong> bis zu 300 mm<\/li>\n<li><strong>Messerblattbreite:<\/strong> bis zu 40 mm<\/li>\n<li><strong>Gesamtsch\u00e4rfwinkel:<\/strong> 18\u00b0-56\u00b0<\/li>\n<\/ul>\n<h3>H\u00e4ufig gestellte Fragen:<\/h3>\n<h4>Kadet oder Blitz PRO?<\/h4>\n<p>Beide Systeme sind gut, aber pers\u00f6nlich m\u00f6gen wir Kadet lieber. Mit derselben Mobilit\u00e4t kann man alle Klemmen des Tsprof K03 am Rahmen anbringen, was der Blitz Pro nicht kann. <\/p>\n<h4>Welche Steine sind f\u00fcr den Kadet geeignet?<\/h4>\n<p>Abgesehen von denen, die im Bausatz enthalten sind, sind alle Schleifsteine bis zu 150 mm L\u00e4nge f\u00fcr das System geeignet. Auch wenn sie keinen Aluminiumblock haben, der sie an Ort und Stelle h\u00e4lt. Zum Beispiel Venev-Ursa-Steine. Die flexible Verstellung und der Federclip erm\u00f6glichen es dir, mit \u00e4hnlichen Steinen zu arbeiten.   <\/p>\n<h4>Kann das Messer des Kadet auf eine &#8220;Linsen&#8221;-Schneide umgesch\u00e4rft werden?<\/h4>\n<p>Ja, mit dem Zubeh\u00f6r ist es m\u00f6glich, Messer im Sch\u00e4rfsystem in einer &#8220;Linse&#8221; neu zu sch\u00e4rfen.<\/p>\n<h4>Muss das System am Tisch befestigt werden?<\/h4>\n<p>Nein, der Kadet kann \u00fcberall auf der Arbeitsfl\u00e4che platziert werden.<\/p>\n<p>Wir selbst f\u00fchren viel Sch\u00e4rfen durch, daher steht unser Team bereit, Sie zu beraten, wenn Sie eine Angelegenheit haben.<\/p>\n<p>Viel Spa\u00df beim Benutzen deiner scharfen Messer!<\/p>\n<p>Ich bin immer f\u00fcr dich da,<\/p>\n<p>Das 25.000-Meilen-Team!<\/p>\n","protected":false},"excerpt":{"rendered":"<p>Das <strong>TSPROF Kadet Pro Version<\/strong> <strong>T<\/strong> Sch\u00e4rfsystem f\u00fchrt das Erbe des renommierten &#8220;K03&#8221;-Modells fort, indem es einen erschwinglichen Preis, au\u00dfergew\u00f6hnliche Sch\u00e4rff\u00e4higkeiten und \u00fcberlegene Pr\u00e4zision bietet. Egal, ob Sie mit einem kompakten Klappmesser oder einem robusten Jagdmesser arbeiten \u2013 dieses System liefert herausragende Ergebnisse. <\/p>\n<p>Mit einem Drehmechanismus ausgestattet, sorgt das <strong>TSPROF Kadet PRO<\/strong> daf\u00fcr, dass der Spannrahmen fest und pr\u00e4zise bleibt und auf beiden Seiten des Messers einen gleichm\u00e4\u00dfigen Sch\u00e4rfwinkel aufrechterh\u00e4lt.<\/p>\n","protected":false},"featured_media":39062,"comment_status":"open","ping_status":"closed","template":"","meta":{"_acf_changed":false,"_seopress_robots_primary_cat":"1057","_seopress_titles_title":"","_seopress_titles_desc":"","_seopress_robots_index":"","iawp_total_views":0},"product_brand":[],"product_cat":[1133,1130,1136],"product_tag":[],"class_list":{"0":"post-39071","1":"product","2":"type-product","3":"status-publish","4":"has-post-thumbnail","6":"product_cat-sharpening-systems","7":"product_cat-sharpening-tools-equipment","8":"product_cat-tsprof-kadet-sharpening-system","10":"first","11":"instock","12":"featured","13":"taxable","14":"shipping-taxable","15":"purchasable","16":"product-type-simple"},"acf":[],"_links":{"self":[{"href":"https:\/\/25000miles.eu\/de\/wp-json\/wp\/v2\/product\/39071","targetHints":{"allow":["GET"]}}],"collection":[{"href":"https:\/\/25000miles.eu\/de\/wp-json\/wp\/v2\/product"}],"about":[{"href":"https:\/\/25000miles.eu\/de\/wp-json\/wp\/v2\/types\/product"}],"replies":[{"embeddable":true,"href":"https:\/\/25000miles.eu\/de\/wp-json\/wp\/v2\/comments?post=39071"}],"wp:featuredmedia":[{"embeddable":true,"href":"https:\/\/25000miles.eu\/de\/wp-json\/wp\/v2\/media\/39062"}],"wp:attachment":[{"href":"https:\/\/25000miles.eu\/de\/wp-json\/wp\/v2\/media?parent=39071"}],"wp:term":[{"taxonomy":"product_brand","embeddable":true,"href":"https:\/\/25000miles.eu\/de\/wp-json\/wp\/v2\/product_brand?post=39071"},{"taxonomy":"product_cat","embeddable":true,"href":"https:\/\/25000miles.eu\/de\/wp-json\/wp\/v2\/product_cat?post=39071"},{"taxonomy":"product_tag","embeddable":true,"href":"https:\/\/25000miles.eu\/de\/wp-json\/wp\/v2\/product_tag?post=39071"}],"curies":[{"name":"wp","href":"https:\/\/api.w.org\/{rel}","templated":true}]}}