{"id":39078,"date":"2023-07-07T15:40:49","date_gmt":"2023-07-07T13:40:49","guid":{"rendered":"https:\/\/25000miles.eu\/product\/tsprof-l-adapter-fuer-blitz-klemmen\/"},"modified":"2026-01-08T21:54:40","modified_gmt":"2026-01-08T20:54:40","slug":"tsprof-l-adapter-fuer-blitz-klemmen","status":"publish","type":"product","link":"https:\/\/25000miles.eu\/de\/produkt\/tsprof-l-adapter-fuer-blitz-klemmen\/","title":{"rendered":"TSPROF L-Adapter f\u00fcr Blitz-Klemmen"},"content":{"rendered":"<p>Einf\u00fchrung <strong>von L-Aufsatz<\/strong> f\u00fcr Sch\u00e4rfger\u00e4te, die Ihr Sch\u00e4rferlebnis verbessern sollen.<\/p>\n<p>Entfesseln Sie das volle Potenzial Ihres Sch\u00e4rfger\u00e4ts mit dem L-Adapter. Speziell f\u00fcr die Sch\u00e4rfger\u00e4te TSPROF Blitz und Blitz Pro entwickelt, erm\u00f6glicht dieser Adapter, Standardklemmen problemlos am Drehmechanismusrahmen zu montieren. <\/p>\n<p>Indem Sie den Adapter strategisch an den R\u00e4ndern des Rahmens platzieren, k\u00f6nnen Sie die Gesamtl\u00e4nge Ihres Ger\u00e4ts um 24 mm* verl\u00e4ngern. Dadurch k\u00f6nnen Sie Messer mit l\u00e4ngeren Klingen oder mit d\u00fcnnen und flexiblen Schneiden sicher klemmen. Erleben Sie die Freiheit, eine breite Palette von Klingen m\u00fchelos und pr\u00e4zise zu sch\u00e4rfen.  <\/p>\n<p>Aber das ist noch nicht alles. Der L-Aufsatz bietet auch eine einzigartige L\u00f6sung f\u00fcr k\u00fcrzere Klingen. Wird sie in der Mitte des Rahmens platziert, ersetzt sie eine einzelne Klemme, was sie perfekt zum Sch\u00e4rfen selbst der k\u00fcrzesten Klingen mit h\u00f6chster Genauigkeit macht.  <\/p>\n<p>Jeder Adapter wird aus einem massiven Block aus hochwertiger Aluminiumlegierung gefertigt und wird sorgf\u00e4ltig gefr\u00e4st, um den Konturen Ihres Sch\u00e4rfrahmens gerecht zu werden. Das Anbringen des Adapters an deinem TSPROF Blitz oder Blitz Pro Rahmen ist m\u00fchelos, sodass du dich m\u00fchelos auf das Sch\u00e4rfen deiner Klingen konzentrieren kannst. Das Paket enth\u00e4lt zwei L-Adapter f\u00fcr Klemmen sowie zwei schwarze M3x8-Schrauben, zwei schwarze M2,5&#215;10-Schrauben und zwei Inbusschl\u00fcssel (2 mm und 2,5 mm) f\u00fcr eine einfache Montage.  <\/p>\n<p>Mit dem L-Aufsatz f\u00fcr TSPROF Blitz Clamps optimieren Sie nicht nur Ihren Sch\u00e4rfprozess, sondern erweitern auch Ihre Sch\u00e4rff\u00e4higkeiten. Verpassen Sie dieses unverzichtbare Zubeh\u00f6r nicht, um pr\u00e4zise und effiziente Ergebnisse zu erzielen. <\/p>\n<p>*Beim Positionieren der Klemmen mit dem Adapter an den R\u00e4ndern des TSPROF Blitz Pro Sch\u00e4rfger\u00e4trahmens ist das Sch\u00e4rfen bei einem Winkel von bis zu 20 m\u00f6glich m\u00f6glich. Bei gr\u00f6\u00dferen Sch\u00e4rfwinkeln k\u00f6nnen die Adapter die Rahmenrotation behindern. <\/p>\n<h3>H\u00e4ufig gestellte Fragen:<\/h3>\n<h4>Was ist die Bequemlichkeit?<\/h4>\n<ol>\n<li>Jetzt kann man Messer mit einer noch l\u00e4ngeren Klinge sch\u00e4rfen.<\/li>\n<li><span class=\"word pl ur0 ur1 highlight\">Die Mittelachse<\/span> <span class=\"word pl ur0 ur1 highlight\"> <span class=\"word pl ur0 ur1 highlight\"> <span class=\"word pl ur0 ur1 highlight\">des<\/span> <span class=\"word pl ur0 ur1 highlight\">Rahmens<\/span> <span class=\"word pl ur0 ur1 highlight\">wird<\/span> <span class=\"word pl ur0 ur1 highlight\">Ihre<\/span> Arbeit <span class=\"word pl ur0 ur1 highlight\">nicht<\/span> beeintr\u00e4chtigen. Du kannst <g id=\"gid_10\">die<\/g> <g id=\"gid_11\">Klemmen<\/g> \u00fcberall <g id=\"gid_8\"><\/g> <g id=\"gid_9\">montieren<\/g>. Sogar <span class=\"word pl ur0 ur1 highlight\">genau in<\/span> <span class=\"word pl ur0 ur1 highlight\">der<\/span> Mitte.<\/span><\/span>  <\/li>\n<\/ol>\n<p>Wir selbst f\u00fchren viel Sch\u00e4rfen durch, daher steht unser Team bereit, Sie zu beraten, wenn Sie eine Angelegenheit haben.<br \/>\nViel Spa\u00df beim Benutzen deiner scharfen Messer!<br \/>\nWir sind immer f\u00fcr dich da,<br \/>\n das 25.000-Meilen-Team!<\/p>\n","protected":false},"excerpt":{"rendered":"<p>Einf\u00fchrung <strong>von L-Aufsatz<\/strong> f\u00fcr Sch\u00e4rfger\u00e4te, die Ihr Sch\u00e4rferlebnis verbessern sollen.<\/p>\n<p>Entfesseln Sie das volle Potenzial Ihres Sch\u00e4rfger\u00e4ts mit dem L-Adapter. Speziell f\u00fcr die Sch\u00e4rfger\u00e4te TSPROF Blitz und Blitz Pro entwickelt, erm\u00f6glicht dieser Adapter, Standardklemmen problemlos am Drehmechanismusrahmen zu montieren. <\/p>\n","protected":false},"featured_media":39072,"comment_status":"open","ping_status":"closed","template":"","meta":{"_acf_changed":false,"_seopress_robots_primary_cat":"1061","_seopress_titles_title":"","_seopress_titles_desc":"","_seopress_robots_index":"","iawp_total_views":1},"product_brand":[],"product_cat":[1130,1131],"product_tag":[],"class_list":{"0":"post-39078","1":"product","2":"type-product","3":"status-publish","4":"has-post-thumbnail","6":"product_cat-sharpening-tools-equipment","7":"product_cat-accessories-for-sharpening-systems","9":"first","10":"instock","11":"taxable","12":"shipping-taxable","13":"purchasable","14":"product-type-simple"},"acf":[],"_links":{"self":[{"href":"https:\/\/25000miles.eu\/de\/wp-json\/wp\/v2\/product\/39078","targetHints":{"allow":["GET"]}}],"collection":[{"href":"https:\/\/25000miles.eu\/de\/wp-json\/wp\/v2\/product"}],"about":[{"href":"https:\/\/25000miles.eu\/de\/wp-json\/wp\/v2\/types\/product"}],"replies":[{"embeddable":true,"href":"https:\/\/25000miles.eu\/de\/wp-json\/wp\/v2\/comments?post=39078"}],"wp:featuredmedia":[{"embeddable":true,"href":"https:\/\/25000miles.eu\/de\/wp-json\/wp\/v2\/media\/39072"}],"wp:attachment":[{"href":"https:\/\/25000miles.eu\/de\/wp-json\/wp\/v2\/media?parent=39078"}],"wp:term":[{"taxonomy":"product_brand","embeddable":true,"href":"https:\/\/25000miles.eu\/de\/wp-json\/wp\/v2\/product_brand?post=39078"},{"taxonomy":"product_cat","embeddable":true,"href":"https:\/\/25000miles.eu\/de\/wp-json\/wp\/v2\/product_cat?post=39078"},{"taxonomy":"product_tag","embeddable":true,"href":"https:\/\/25000miles.eu\/de\/wp-json\/wp\/v2\/product_tag?post=39078"}],"curies":[{"name":"wp","href":"https:\/\/api.w.org\/{rel}","templated":true}]}}