{"id":39089,"date":"2023-07-07T15:29:27","date_gmt":"2023-07-07T13:29:27","guid":{"rendered":"https:\/\/25000miles.eu\/product\/tsprof-einzelne-klemme\/"},"modified":"2026-01-08T21:53:50","modified_gmt":"2026-01-08T20:53:50","slug":"tsprof-einzelne-klemme","status":"publish","type":"product","link":"https:\/\/25000miles.eu\/de\/produkt\/tsprof-einzelne-klemme\/","title":{"rendered":"TSPROF Einzelne Klemme"},"content":{"rendered":"<p>Einf\u00fchrung der <strong>Einzelklemme<\/strong> f\u00fcr pr\u00e4zises Sch\u00e4rfen<\/p>\n<p>Ersch\u00f6pfen Sie das volle Potenzial Ihres Sch\u00e4rferlebnisses mit unserer hochmodernen Single Clamp. Diese symmetrische Klemme ist speziell f\u00fcr das doppelseitiges Sch\u00e4rfen konzipiert, ohne das Messer neu zur\u00fccksetzen zu m\u00fcssen, was sie zum perfekten Begleiter f\u00fcr Tsprof K03 und TSPROF Kadet Sch\u00e4rfer macht, Pioneer \u2013 mit Verwendung eines <strong><g id=\"gid_1\">TSPROF L-Aufsatzes f\u00fcr Klemmen.<\/g><\/strong> <\/p>\n<h3>Entfessle die Kraft des symmetrischen Klemmens<\/h3>\n<p>Erleben Sie ein neues Ma\u00df an Pr\u00e4zision mit unserem innovativen Klemmendesign. Der symmetrische Spannmechanismus sorgt f\u00fcr einen starren Griff bei Messern mit komplexer Klingengeometrie. Egal, ob Sie mit Jagdmessern oder Faltmessern mit dicken Wirbeln arbeiten \u2013 unsere Single Clamp garantiert einen sicheren und stabilen Halt.  <\/p>\n<h3>Unvergleichliche Vielseitigkeit<\/h3>\n<p>Sch\u00e4rfen Sie eine breite Palette von Messern mit Selbstvertrauen. Unsere Single Clamp eignet sich f\u00fcr Campingmesser, Faltmesser, Jagdmesser, \u00dcberlebensmesser und taktische Messer. Es ist das ultimative Werkzeug f\u00fcr Messerliebhaber und Profis gleicherma\u00dfen.  <\/p>\n<h3>Pr\u00e4zisionsspezifikationen<\/h3>\n<ul>\n<li><strong>Minimale Messerbreite:<\/strong> 20 mm<\/li>\n<li><strong>Maximale Dicke an der Kante:<\/strong> 5 mm<\/li>\n<li><strong>Winkelbereich:<\/strong> 10\u201332 Grad (kann bei breiteren Messern variieren)<\/li>\n<li><strong>Empfohlene Messerl\u00e4nge:<\/strong> 50\u2013200 mm<\/li>\n<li><strong>Kieferbreite:<\/strong> 32 mm<\/li>\n<li><strong>Klemmenl\u00e4nge:<\/strong> 118 mm<\/li>\n<\/ul>\n<p>Du hast die M\u00f6glichkeit, Backen, Bolzen und flache Federn separat zu kaufen.<\/p>\n<p><span style=\"color: var(--danger);\">Es wird nicht empfohlen, Messer mit schmaler Schneide an der einzelnen Klemme zu sch\u00e4rfen, da sie beim Sch\u00e4rfen an Stellen ablenken k\u00f6nnen, an denen das Messer nicht fest sitzt.<\/span><\/p>\n<h3>H\u00e4ufig gestellte Fragen:<\/h3>\n<h4>Wie praktisch ist die Einzelklemme?<\/h4>\n<p>Man kann das Messer in der Mitte klemmen und hat mehr Bewegungsfreiheit bei der Arbeit. Dank der elastischen, aber flexiblen Federn kann das Messer auch ohne flaches Teil und Ricasso gespannt werden. Nach der Entfernung kehren die Federn an ihre urspr\u00fcngliche Position zur\u00fcck.  <\/p>\n<h4>Worin unterscheidet sie sich von der Single Fillet-Klemme?<\/h4>\n<p>Diese Klemme hat dickere und st\u00e4rkere Klemmkiefer und erm\u00f6glicht es, Messer mit dickeren Stacheln zu klemmen.<\/p>\n<h4>K\u00f6nnen sie in andere Systeme angepasst werden?<\/h4>\n<p>Abgesehen von TSPROF K03 k\u00f6nnen sie an KADET ohne Leistungsverlust und PIONEER mit Verwendung eines  <strong>TSPROF L-Aufsatz f\u00fcr Klemmen.<\/strong><\/p>\n<p>Wir selbst f\u00fchren viel Sch\u00e4rfen durch, daher steht unser Team bereit, Sie zu beraten, wenn Sie eine Angelegenheit haben.<br \/>\nViel Spa\u00df beim Benutzen deiner scharfen Messer!<br \/>\nWir sind immer f\u00fcr dich da,<br \/>\n das 25.000-Meilen-Team!<\/p>\n","protected":false},"excerpt":{"rendered":"<p>Einf\u00fchrung der <strong>Einzelklemme<\/strong> f\u00fcr pr\u00e4zises Sch\u00e4rfen<\/p>\n<p>Ersch\u00f6pfen Sie das volle Potenzial Ihres Sch\u00e4rferlebnisses mit unserer hochmodernen Single Clamp. Diese symmetrische Klemme ist speziell f\u00fcr doppelseitiges Sch\u00e4rfen konzipiert, ohne dass das Messer neu eingestellt werden muss, und ist damit der perfekte Begleiter f\u00fcr Tsprof K03 und TSPROF Kadet, Pioneer-Sch\u00e4rfer. <\/p>\n","protected":false},"featured_media":39082,"comment_status":"open","ping_status":"closed","template":"","meta":{"_acf_changed":false,"_seopress_robots_primary_cat":"1061","_seopress_titles_title":"","_seopress_titles_desc":"","_seopress_robots_index":"","iawp_total_views":1},"product_brand":[],"product_cat":[1130,1131],"product_tag":[],"class_list":{"0":"post-39089","1":"product","2":"type-product","3":"status-publish","4":"has-post-thumbnail","6":"product_cat-sharpening-tools-equipment","7":"product_cat-accessories-for-sharpening-systems","8":"pa_brand-tsprof","10":"first","11":"instock","12":"taxable","13":"shipping-taxable","14":"purchasable","15":"product-type-simple"},"acf":[],"_links":{"self":[{"href":"https:\/\/25000miles.eu\/de\/wp-json\/wp\/v2\/product\/39089","targetHints":{"allow":["GET"]}}],"collection":[{"href":"https:\/\/25000miles.eu\/de\/wp-json\/wp\/v2\/product"}],"about":[{"href":"https:\/\/25000miles.eu\/de\/wp-json\/wp\/v2\/types\/product"}],"replies":[{"embeddable":true,"href":"https:\/\/25000miles.eu\/de\/wp-json\/wp\/v2\/comments?post=39089"}],"wp:featuredmedia":[{"embeddable":true,"href":"https:\/\/25000miles.eu\/de\/wp-json\/wp\/v2\/media\/39082"}],"wp:attachment":[{"href":"https:\/\/25000miles.eu\/de\/wp-json\/wp\/v2\/media?parent=39089"}],"wp:term":[{"taxonomy":"product_brand","embeddable":true,"href":"https:\/\/25000miles.eu\/de\/wp-json\/wp\/v2\/product_brand?post=39089"},{"taxonomy":"product_cat","embeddable":true,"href":"https:\/\/25000miles.eu\/de\/wp-json\/wp\/v2\/product_cat?post=39089"},{"taxonomy":"product_tag","embeddable":true,"href":"https:\/\/25000miles.eu\/de\/wp-json\/wp\/v2\/product_tag?post=39089"}],"curies":[{"name":"wp","href":"https:\/\/api.w.org\/{rel}","templated":true}]}}