{"id":39104,"date":"2023-07-07T15:40:48","date_gmt":"2023-07-07T13:40:48","guid":{"rendered":"https:\/\/25000miles.eu\/product\/25-000-meilen-doppelschichtige-diamantstange-zum-handschaerfen\/"},"modified":"2025-12-28T11:57:26","modified_gmt":"2025-12-28T10:57:26","slug":"25-000-meilen-doppelschichtige-diamantstange-zum-handschaerfen","status":"publish","type":"product","link":"https:\/\/25000miles.eu\/de\/produkt\/25-000-meilen-doppelschichtige-diamantstange-zum-handschaerfen\/","title":{"rendered":"25.000 Meilen Doppelschichtige Diamantstange zum Handsch\u00e4rfen"},"content":{"rendered":"<p>Wir stellen die 25.000 Meilen lange <strong>Double Layer<\/strong> Diamond Bar f\u00fcr das Handsch\u00e4rfen vor, das ultimative Werkzeug f\u00fcr intensives Metallentfernen und Sch\u00e4rfen von Messern und Werkzeugen. Mit seiner galvanisierten Diamantbeschichtung bietet diese Stange eine unvergleichliche Leistung bei der Reparatur besch\u00e4digter Schneiden. Verabschiede dich von Chips und Grobungen, denn diese Stange arbeitet aggressiv daran, die gew\u00fcnschte Sch\u00e4rfe zur\u00fcckzubringen.  <\/p>\n<p>Arbeitet viel aggressiver als organische und metallgebundene Steine mit \u00e4hnlicher Korngr\u00f6\u00dfe.<\/p>\n<p>Doppeltes Diamant-Stottern. Die Diamantschicht befindet sich auf beiden Seiten der Stange (<strong>die K\u00f6rnung ist auf jeder Seite gleich).<\/strong> <\/p>\n<p>Die Konzentration der Diamanten in der Schicht betr\u00e4gt <strong>100 %.<\/strong> Mit einer 100%igen Diamantkonzentration auf beiden Seiten garantiert unsere Stange eine gleichbleibende Leistung \u00fcber die gesamte Platte. Die gleichm\u00e4\u00dfige Geometrie der Arbeitsebene macht das Nivellieren \u00fcberfl\u00fcssig und erm\u00f6glicht es dir, direkt mit den Sch\u00e4rfaufgaben zu beginnen. W\u00e4hrend Sie arbeiten, \u00f6ffnet sich die Diamantschicht und sorgt f\u00fcr kontinuierliche Effizienz und Pr\u00e4zision. Diese Steine decken das \u00fcbliche Spektrum der Messersch\u00e4rfung gut ab, von Reparatur bis zu scharfem Sch\u00e4rfen, und liefern jedes Mal schnelle und konstante Ergebnisse.    <\/p>\n<p>Funktioniert schneller als Metall- und organisch gebundene Steine, da hervorstehende Diamantk\u00f6rner (im Metall und organischen Diamantk\u00f6rnern sind in die Bindung eingebettet).<\/p>\n<p><strong>Um Ihr Erlebnis zu maximieren, folgen Sie diesen Nutzungsempfehlungen:<\/strong><\/p>\n<p>Befeuchte vor Beginn der Arbeit die Diamantschicht der Stange mit Wasser.<br \/>\nW\u00e4hrend des Sch\u00e4rfens sp\u00fclen Sie die Diamantschicht regelm\u00e4\u00dfig mit sauberem, warmem Wasser und einer B\u00fcrste ab, wobei Sie fettige Substanzen vermeiden.<br \/>\nDiese Stange ist nicht f\u00fcr die Verwendung mit \u00d6l gedacht.<br \/>\nNachdem Sie Ihre Arbeit beendet haben, reinigen Sie den Schmutz und sp\u00fclen Sie die Stange mit warmem Wasser ab.<br \/>\nBewahren Sie die Bar an einem trockenen Ort auf, um ihre Qualit\u00e4t und Leistung zu erhalten.<br \/>\nErleben Sie die \u00fcberlegene Qualit\u00e4t und Effektivit\u00e4t des Diamond Bar 25000 Meilen. Verbessern Sie Ihren Sch\u00e4rfprozess mit diesem au\u00dfergew\u00f6hnlich schnellen Werkzeug und erzielen Sie in minimaler Zeit Sch\u00e4rfe. <\/p>\n<h3>H\u00e4ufig gestellte Fragen:<\/h3>\n<h4>25000 Meilen Steine oder Venev?<\/h4>\n<p>Um ehrlich zu sein, sind wir fr\u00fch noch nie auf etwas so Aggressives und Schnelles gesto\u00dfen. Sie k\u00f6nnen schneller arbeiten als andere Steine und sind trotzdem g\u00fcnstiger. Aber was das Finish-Sch\u00e4rfen angeht, gibt es unserer Meinung nach nur wenige Dinge, die mit dem Venev OSB-Bundle vergleichbar sind. Wir empfehlen eine Kombination dieser Steine.   <\/p>\n<h4>Sind diese Steine f\u00fcr die Schleifsysteme geeignet?<\/h4>\n<p>Nein. Diese Steine sind f\u00fcr das Handsch\u00e4rfen konzipiert. <\/p>\n<h4>Was ist die richtige Art, ihre Grit auszuw\u00e4hlen?<\/h4>\n<p>Beachte, dass diese Steine viel aggressiver sind als andere Steine, bei denen das K\u00f6rnkorn in einem B\u00fcndel enthalten ist. Wir w\u00fcrden sagen, mindestens eine Stufe &#8220;runter&#8221;. Wenn ein Stein beispielsweise 10\/7 Mikrometer gro\u00df ist, verh\u00e4lt er sich nicht weniger als ein 20\/14-Mikron-Stein in einem B\u00fcndel.  <\/p>\n<h4>Wie viele Kristallschichten hat der Stein?<\/h4>\n<p>Zwei Schichten auf jeder Seite.<\/p>\n<p>Wir sch\u00e4rfen selbst viel, daher steht unser Team Ihnen bei allen Fragen zur Verf\u00fcgung, die Sie haben.<br \/>\nViel Spa\u00df beim Benutzen deiner scharfen Messer!<br \/>\nImmer an deiner Seite,<br \/>\n das 25.000-Meilen-Team!<\/p>\n","protected":false},"excerpt":{"rendered":"<p>25.000 Meilen <strong> Doppelschichtige <\/strong>Diamantstange zum Handsch\u00e4rfen.<\/p>\n<h2><strong>Wichtige Merkmale:<\/strong><\/h2>\n<ul>\n<li><strong>L\u00e4nge:<\/strong> 140 mm<\/li>\n<li><strong>Breite:<\/strong> 20 mm<\/li>\n<li><strong>H\u00f6he:<\/strong> 3 mm<\/li>\n<li><strong>Pulvergranularit\u00e4t (Mikron):<\/strong> unterschiedlich<\/li>\n<li><strong>Pulverqualit\u00e4t:<\/strong> AC15<\/li>\n<\/ul>\n","protected":false},"featured_media":39098,"comment_status":"open","ping_status":"closed","template":"","meta":{"_acf_changed":false,"_seopress_robots_primary_cat":"135","_seopress_titles_title":"","_seopress_titles_desc":"","_seopress_robots_index":"","iawp_total_views":0},"product_brand":[],"product_cat":[1132,1139,1130,1138],"product_tag":[],"class_list":{"0":"post-39104","1":"product","2":"type-product","3":"status-publish","4":"has-post-thumbnail","6":"product_cat-hand-sharpening","7":"product_cat-hand-sharpening-stones","8":"product_cat-sharpening-tools-equipment","9":"product_cat-sharpening-and-finishing-stones","11":"first","12":"outofstock","13":"taxable","14":"shipping-taxable","15":"purchasable","16":"product-type-simple"},"acf":[],"_links":{"self":[{"href":"https:\/\/25000miles.eu\/de\/wp-json\/wp\/v2\/product\/39104","targetHints":{"allow":["GET"]}}],"collection":[{"href":"https:\/\/25000miles.eu\/de\/wp-json\/wp\/v2\/product"}],"about":[{"href":"https:\/\/25000miles.eu\/de\/wp-json\/wp\/v2\/types\/product"}],"replies":[{"embeddable":true,"href":"https:\/\/25000miles.eu\/de\/wp-json\/wp\/v2\/comments?post=39104"}],"wp:featuredmedia":[{"embeddable":true,"href":"https:\/\/25000miles.eu\/de\/wp-json\/wp\/v2\/media\/39098"}],"wp:attachment":[{"href":"https:\/\/25000miles.eu\/de\/wp-json\/wp\/v2\/media?parent=39104"}],"wp:term":[{"taxonomy":"product_brand","embeddable":true,"href":"https:\/\/25000miles.eu\/de\/wp-json\/wp\/v2\/product_brand?post=39104"},{"taxonomy":"product_cat","embeddable":true,"href":"https:\/\/25000miles.eu\/de\/wp-json\/wp\/v2\/product_cat?post=39104"},{"taxonomy":"product_tag","embeddable":true,"href":"https:\/\/25000miles.eu\/de\/wp-json\/wp\/v2\/product_tag?post=39104"}],"curies":[{"name":"wp","href":"https:\/\/api.w.org\/{rel}","templated":true}]}}