{"id":39108,"date":"2023-07-07T15:29:27","date_gmt":"2023-07-07T13:29:27","guid":{"rendered":"https:\/\/25000miles.eu\/product\/tsprof-single-fillet-clamp\/"},"modified":"2026-01-08T21:53:45","modified_gmt":"2026-01-08T20:53:45","slug":"tsprof-single-fillet-clamp","status":"publish","type":"product","link":"https:\/\/25000miles.eu\/de\/produkt\/tsprof-single-fillet-clamp\/","title":{"rendered":"TSPROF Single Fillet Clamp"},"content":{"rendered":"<p>Wir stellen die au\u00dfergew\u00f6hnliche <strong>Single Fillet Clamp<\/strong> vor \u2013 ein unverzichtbares Werkzeug f\u00fcr all Ihre schmalklingigen Filetmesser!<\/p>\n<p>Mit ihrer einzigartig konstruierten Kieferkonstruktion und den speziellen Schrauben verf\u00fcgt diese Klemme \u00fcber die schmalsten Sch\u00e4rfwinkel, die je gesehen wurden \u2013 nur <strong>6,5\u00b0<\/strong> pro Seite! Das bedeutet, dass Sie die perfekte Schneide an Ihren Messern erreichen k\u00f6nnen und so eine au\u00dfergew\u00f6hnliche Schneidleistung gew\u00e4hrleisten. Die Klemme kann Klingen von bis zu 10 mm schmal aufnehmen und ist f\u00fcr eine Dicke von 2,5 mm \u00fcber den R\u00fccken ausgelegt, was sie vielseitig f\u00fcr eine breite Palette von Messern macht. (Bitte beachten Sie, dass breitere Klingen unterschiedliche Winkelbereiche haben k\u00f6nnen.)   <\/p>\n<p>Es kann verschiedene Messer sch\u00e4rfen, darunter Victorinox-Klingen, kompakte Klappmesser, charmante Messer-Schl\u00fcsselanh\u00e4nger und andere schmale und kurze Klingen. Genie\u00dfe die Freiheit, Messer m\u00fchelos zu sch\u00e4rfen! <\/p>\n<p>Beachte, dass die minimale Blattbreite 10 mm sein sollte, was der 32 mm Breite der Klemmbacken entspricht.<\/p>\n<p>Um die Haltbarkeit Ihrer Klemme zu gew\u00e4hrleisten, raten wir davon ab, sie mit Klingen zu verwenden, die dicker als 2,5 mm sind, da dies die empfindlichen Kiefer besch\u00e4digen kann.<\/p>\n<p>Entfalten Sie das Potenzial Ihrer Messer mit der Single Fillet Clamp \u2013 Ihrem Tor zu pr\u00e4zisem Sch\u00e4rfen und unvergleichlicher Schneidf\u00e4higkeit.<\/p>\n<h3>Pr\u00e4zisionsspezifikationen:<\/h3>\n<ul>\n<li><strong>Minimale Messerbreite:<\/strong> 10 mm<\/li>\n<li><strong>Maximale Dicke im Spin:<\/strong> 2,5 mm<\/li>\n<li><strong>Winkelband:<\/strong> 6,5\u00b0\u201332\u00b0 (kann bei breiteren Messern variieren)<\/li>\n<li><strong>Kieferbreite:<\/strong> 32 mm<\/li>\n<li><strong>Klemmenl\u00e4nge:<\/strong> 118 mm<\/li>\n<\/ul>\n<p>Du hast die M\u00f6glichkeit, Backen, Bolzen und flache Federn separat zu kaufen.<\/p>\n<h3>H\u00e4ufig gestellte Fragen:<\/h3>\n<h4>Wie praktisch ist die Einzel-Fillet-Klemme?<\/h4>\n<p>Man kann das Messer in der Mitte klemmen und hat mehr Bewegungsfreiheit bei der Arbeit. Dank der elastischen, aber flexiblen Federn kann das Messer auch ohne flaches Teil und Ricasso gespannt werden. Nach der Entfernung kehren die Federn an ihre urspr\u00fcngliche Position zur\u00fcck.  <\/p>\n<h4>Wie unterscheidet es sich von einer Einzelklemme?<\/h4>\n<p>Diese Klemme hat d\u00fcnnere Z\u00e4hne und erm\u00f6glicht es Ihnen, Ihr Messer in einen sch\u00e4rferen Winkel zu sch\u00e4rfen. Bis zu 6,5\u00b0 pro Seite (das sind bis zu 13\u00b0 Messerwinkel insgesamt) <\/p>\n<h4>K\u00f6nnen sie in andere Systeme angepasst werden?<\/h4>\n<p>Abgesehen von TSPROF K03 k\u00f6nnen sie ohne Funktionalit\u00e4tsverlust an KADET und PIONEER \u2013 mit Verwendung eines  <strong><a class=\"row-title\" href=\"https:\/\/25000miles.eu\/wp-admin\/post.php?post=11016&amp;action=edit\">TSPROF L-Aufsatz f\u00fcr Klemmen.<\/a><\/strong><\/p>\n<p>Wir selbst f\u00fchren viel Sch\u00e4rfen durch, daher steht unser Team bereit, Sie zu beraten, wenn Sie eine Angelegenheit haben.<br \/>\nViel Spa\u00df beim Benutzen deiner scharfen Messer!<br \/>\nWir sind immer f\u00fcr dich da,<br \/>\n das 25.000-Meilen-Team!<\/p>\n","protected":false},"excerpt":{"rendered":"<p>Wir stellen die au\u00dfergew\u00f6hnliche <strong>Single Fillet Clamp<\/strong> vor \u2013 ein unverzichtbares Werkzeug f\u00fcr all Ihre schmalklingigen Filetmesser!<\/p>\n<p>Mit ihrer einzigartig konstruierten Kieferkonstruktion und den speziellen Schrauben verf\u00fcgt diese Klemme \u00fcber die schmalsten Sch\u00e4rfwinkel, die je gesehen wurden \u2013 nur <strong>6,5\u00b0<\/strong> pro Seite! Das bedeutet, dass Sie die perfekte Schneide an Ihren Messern erreichen k\u00f6nnen und so eine au\u00dfergew\u00f6hnliche Schneidleistung gew\u00e4hrleisten. Die Klemme kann Klingen von bis zu 10 mm schmal aufnehmen und ist f\u00fcr eine Dicke von 2,5 mm \u00fcber den R\u00fccken ausgelegt, was sie vielseitig f\u00fcr eine breite Palette von Messern macht. (Bitte beachten Sie, dass breitere Klingen unterschiedliche Winkelbereiche haben k\u00f6nnen.)   <\/p>\n","protected":false},"featured_media":39105,"comment_status":"open","ping_status":"closed","template":"","meta":{"_acf_changed":false,"_seopress_robots_primary_cat":"1061","_seopress_titles_title":"","_seopress_titles_desc":"","_seopress_robots_index":"","iawp_total_views":2},"product_brand":[],"product_cat":[1130,1131],"product_tag":[],"class_list":{"0":"post-39108","1":"product","2":"type-product","3":"status-publish","4":"has-post-thumbnail","6":"product_cat-sharpening-tools-equipment","7":"product_cat-accessories-for-sharpening-systems","9":"first","10":"outofstock","11":"taxable","12":"shipping-taxable","13":"purchasable","14":"product-type-simple"},"acf":[],"_links":{"self":[{"href":"https:\/\/25000miles.eu\/de\/wp-json\/wp\/v2\/product\/39108","targetHints":{"allow":["GET"]}}],"collection":[{"href":"https:\/\/25000miles.eu\/de\/wp-json\/wp\/v2\/product"}],"about":[{"href":"https:\/\/25000miles.eu\/de\/wp-json\/wp\/v2\/types\/product"}],"replies":[{"embeddable":true,"href":"https:\/\/25000miles.eu\/de\/wp-json\/wp\/v2\/comments?post=39108"}],"wp:featuredmedia":[{"embeddable":true,"href":"https:\/\/25000miles.eu\/de\/wp-json\/wp\/v2\/media\/39105"}],"wp:attachment":[{"href":"https:\/\/25000miles.eu\/de\/wp-json\/wp\/v2\/media?parent=39108"}],"wp:term":[{"taxonomy":"product_brand","embeddable":true,"href":"https:\/\/25000miles.eu\/de\/wp-json\/wp\/v2\/product_brand?post=39108"},{"taxonomy":"product_cat","embeddable":true,"href":"https:\/\/25000miles.eu\/de\/wp-json\/wp\/v2\/product_cat?post=39108"},{"taxonomy":"product_tag","embeddable":true,"href":"https:\/\/25000miles.eu\/de\/wp-json\/wp\/v2\/product_tag?post=39108"}],"curies":[{"name":"wp","href":"https:\/\/api.w.org\/{rel}","templated":true}]}}