{"id":39117,"date":"2023-07-07T15:40:25","date_gmt":"2023-07-07T13:40:25","guid":{"rendered":"https:\/\/25000miles.eu\/product\/25-000-meilen-dreifach-schicht-diamantstab\/"},"modified":"2025-12-28T11:56:55","modified_gmt":"2025-12-28T10:56:55","slug":"25-000-meilen-dreifach-schicht-diamantstab","status":"publish","type":"product","link":"https:\/\/25000miles.eu\/de\/produkt\/25-000-meilen-dreifach-schicht-diamantstab\/","title":{"rendered":"Set mit 25.000 Meilen Dreifach-Schicht-Diamantstange (8 St\u00fcck)"},"content":{"rendered":"<p>Wir stellen vor: Diamond Bar 25000 Miles, das ultimative Werkzeug f\u00fcr intensives Metallentfernen und Messersch\u00e4rfen. Mit seiner galvanisierten Diamantbeschichtung bietet diese Stange eine unvergleichliche Leistung bei der Reparatur besch\u00e4digter Schneiden. Verabschiede dich von Chips und Grobungen, denn diese Stange arbeitet aggressiv daran, die gew\u00fcnschte Sch\u00e4rfe zur\u00fcckzubringen.  <\/p>\n<p>Entfesseln Sie die Kraft hervorstehender Diamantk\u00f6rner, die diese Stange von anderen abheben. Im Gegensatz zu organischen und metallgebundenen St\u00e4ben erzielt unser elektroplattierter Diamantstab bessere Ergebnisse, indem er Diamantk\u00f6rner verwendet, die nicht im Bindemittel eingebettet sind, aber frei hervorstechen und bereit sind, jede Herausforderung zu meistern. Die dreifache Diamantbeschichtung auf jeder Seite sorgt f\u00fcr au\u00dfergew\u00f6hnliche Haltbarkeit, verl\u00e4ngert die Lebensdauer des Steins und beschleunigt Ihre Arbeit. Im Durchschnitt entspricht dies der sechsfachen Lebensdauer von einlagigen Steinen.   <\/p>\n<p>Mit <strong>einer 100%igen<\/strong> Diamantkonzentration auf beiden Seiten garantiert unsere Stange eine gleichbleibende Leistung \u00fcber die gesamte Platte. Die gleichm\u00e4\u00dfige Geometrie der Arbeitsebene macht das Nivellieren \u00fcberfl\u00fcssig und erm\u00f6glicht es dir, direkt mit den Sch\u00e4rfaufgaben zu beginnen. W\u00e4hrend Sie arbeiten, \u00f6ffnet sich die Diamantschicht und sorgt f\u00fcr kontinuierliche Effizienz und Pr\u00e4zision. Diese Steine decken das \u00fcbliche Spektrum der Messersch\u00e4rfung gut ab, von Reparatur bis zu scharfem Sch\u00e4rfen, und liefern jedes Mal schnelle und konstante Ergebnisse.   <\/p>\n<p><b>Das Set enth\u00e4lt: <\/b><\/p>\n<ul>\n<li>Doppelschicht 125\/100 (100%) Fepa-F 120 \u2013 f\u00fcr das Erstschleifen, das Einstellen des Winkels und das Profilieren der Schneidkante.<\/li>\n<li>Dreifachschicht 100\/80 (100%) \u2013 Fepa-F 150 f\u00fcr grobe Sch\u00e4rfung.<\/li>\n<li>Dreifachschicht 80\/63 (100 %) \u2013 Fepa\u2013F 180 f\u00fcr grobe Sch\u00e4rfung.<\/li>\n<li>Dreifachschicht 50\/40 (100 %) &#8211; Fepa-F 240 f\u00fcr die Hauptsch\u00e4rfungsphase<\/li>\n<li>Dreifachschicht 40\/28 (100 %) \u2013 Fepa\u2013F 280 f\u00fcr die Hauptsch\u00e4rfungsphase<\/li>\n<li>Dreifachschicht 28\/20 (100 %) \u2013 Fepa-F 360 f\u00fcr die Hauptschleifphase<\/li>\n<li>Triple Layer 20\/14 (100%) &#8211; Fepa-F 400 f\u00fcr die Vorbehandlung.<\/li>\n<li>Triple Layer 7\/5 (100%) &#8211; Fepa-F 800 zum Finishen<\/li>\n<li>F\u00fcr eine bequeme Aufbewahrung werden sie in<strong> zwei Kisten<\/strong> mit jeweils 4 Teilen geliefert.<\/li>\n<\/ul>\n<p>Beim Arbeiten mit Steinen<strong> 20\/14<\/strong> und <strong>7\/5<\/strong> wird die Werksrauheit von den ersten Strichen &#8220;entfernt&#8221; und der Stein wird glatt. Keine Sorge, das ist seine Arbeitsfl\u00e4che, nicht dass sie sich nach nur zwei Z\u00fcgen abgenutzt h\u00e4tte. Arbeiten Sie ruhig weiter.  <\/p>\n<h3>Wichtige Merkmale:<\/h3>\n<ul>\n<li>L\u00e4nge: 140 mm<\/li>\n<li>Breite: 20 mm<\/li>\n<li>H\u00f6he: 3 mm<\/li>\n<li>Pulvergranularit\u00e4t (Mikron): von 125\/100 Mikron bis 7\/5 Mikron<\/li>\n<li>Pulverqualit\u00e4t: AC15<\/li>\n<\/ul>\n<h3>Um Ihr Erlebnis zu maximieren, folgen Sie diesen Nutzungsempfehlungen:<\/h3>\n<p>Befeuchte vor Beginn der Arbeit die Diamantschicht der Stange mit Wasser.<br \/>\nW\u00e4hrend des Sch\u00e4rfens sp\u00fclen Sie die Diamantschicht regelm\u00e4\u00dfig mit sauberem, warmem Wasser und einer B\u00fcrste ab, wobei Sie fettige Substanzen vermeiden.<br \/>\nDiese Stange ist nicht f\u00fcr die Verwendung mit \u00d6l gedacht.<br \/>\nNachdem Sie Ihre Arbeit beendet haben, reinigen Sie den Schmutz und sp\u00fclen Sie die Stange mit warmem Wasser ab.<br \/>\nBewahren Sie die Bar an einem trockenen Ort auf, um ihre Qualit\u00e4t und Leistung zu erhalten.<br \/>\nErleben Sie die \u00fcberlegene Qualit\u00e4t und Effektivit\u00e4t des Diamond Bar 25000 Meilen. Verbessern Sie Ihren Sch\u00e4rfprozess mit diesem au\u00dfergew\u00f6hnlich schnellen Werkzeug und erzielen Sie in minimaler Zeit Sch\u00e4rfe. <\/p>\n<h3>H\u00e4ufig gestellte Fragen!<\/h3>\n<h4><strong>25000 Meilen Steine oder Venev?<\/strong><\/h4>\n<p>Um ehrlich zu sein, sind wir fr\u00fch noch nie auf etwas so Aggressives und Schnelles gesto\u00dfen. Sie k\u00f6nnen schneller arbeiten als andere Steine und sind trotzdem g\u00fcnstiger. Aber was das Finish-Sch\u00e4rfen angeht, gibt es unserer Meinung nach nur wenige Dinge, die mit dem Venev OSB-Bundle vergleichbar sind. Wir empfehlen eine Kombination dieser Steine.   <\/p>\n<h4><strong>Sind diese Steine f\u00fcr das K03 geeignet?<\/strong><\/h4>\n<p>Ja, absolut. F\u00fcr alle TSPROF-Systeme. <\/p>\n<h4>Was bedeuten die Zahlen auf dem Stein 20\/14, 14\/10&#8230;&#8230;..1\/0?<\/h4>\n<p>Diese Steine sind ab Werk mit Mikron-K\u00f6rnung gekennzeichnet (laut GOST 9206). Zum Beispiel bedeutet &#8220;50\/40&#8221;, dass der Stein nur Diamanten im Bereich von 50 bis 40 Mikrometern enth\u00e4lt, weder gr\u00f6\u00dfer noch feiner. Wenn die Markierung &#8220;100\/80-50\/40&#8221; lautet, bedeutet das, dass eine Seite 100\/80 und die andere 50\/40 ist. Je gr\u00f6ber die Maserung, desto gr\u00f6ber das Steinwerk.<br \/>\nZur Bequemlichkeit unserer Kunden zeigt unsere Website auch die ungef\u00e4hre Korrelation zwischen den Mikronen und dem Fepa F-Standardkorn an. Sie finden sie in der interaktiven <strong><span class=\"grit-popup-click\" style=\"color: var(--primary); cursor: pointer;\">Tabelle hier<\/span><\/strong>.<\/p>\n<h4>Was ist die richtige Art, ihre Grit auszuw\u00e4hlen?<\/h4>\n<p>Beachte, dass diese Steine viel aggressiver sind als andere Steine, bei denen das K\u00f6rnkorn in einem B\u00fcndel enthalten ist. Wir w\u00fcrden sagen, mindestens eine Stufe &#8220;runter&#8221;. Wenn ein Stein beispielsweise 10\/7 Mikrometer gro\u00df ist, verh\u00e4lt er sich nicht weniger als ein 20\/14-Mikron-Stein in einem B\u00fcndel.  <\/p>\n<h4>Wie viele Kristallschichten hat der Stein?<\/h4>\n<p>Drei Schichten auf jeder Seite.<\/p>\n<p>Wir sch\u00e4rfen selbst viel, daher steht unser Team Ihnen bei allen Fragen zur Verf\u00fcgung, die Sie haben.<br \/>\nViel Spa\u00df beim Benutzen deiner scharfen Messer!<br \/>\nImmer an deiner Seite,<br \/>\n das 25.000-Meilen-Team!<\/p>\n","protected":false},"excerpt":{"rendered":"<p>Wir stellen vor: Diamond Bar 25000 Miles, das ultimative Werkzeug f\u00fcr intensives Metallentfernen und Messersch\u00e4rfen. Mit seiner galvanisierten Diamantbeschichtung bietet diese Stange eine unvergleichliche Leistung bei der Reparatur besch\u00e4digter Schneiden. Verabschiede dich von Chips und Grobungen, denn diese Stange arbeitet aggressiv daran, die gew\u00fcnschte Sch\u00e4rfe zur\u00fcckzubringen.   <strong>Siehe die vollst\u00e4ndige Liste der Grits in der untenstehenden Beschreibung<\/strong><\/p>\n","protected":false},"featured_media":40370,"comment_status":"open","ping_status":"closed","template":"","meta":{"_acf_changed":false,"_seopress_robots_primary_cat":"119","_seopress_titles_title":"","_seopress_titles_desc":"","_seopress_robots_index":"","iawp_total_views":0},"product_brand":[1273],"product_cat":[1130,1138],"product_tag":[],"class_list":{"0":"post-39117","1":"product","2":"type-product","3":"status-publish","4":"has-post-thumbnail","6":"product_brand-25000-miles","7":"product_cat-sharpening-tools-equipment","8":"product_cat-sharpening-and-finishing-stones","9":"pa_brand-25000-miles","11":"first","12":"instock","13":"taxable","14":"shipping-taxable","15":"purchasable","16":"product-type-simple"},"acf":[],"_links":{"self":[{"href":"https:\/\/25000miles.eu\/de\/wp-json\/wp\/v2\/product\/39117","targetHints":{"allow":["GET"]}}],"collection":[{"href":"https:\/\/25000miles.eu\/de\/wp-json\/wp\/v2\/product"}],"about":[{"href":"https:\/\/25000miles.eu\/de\/wp-json\/wp\/v2\/types\/product"}],"replies":[{"embeddable":true,"href":"https:\/\/25000miles.eu\/de\/wp-json\/wp\/v2\/comments?post=39117"}],"wp:featuredmedia":[{"embeddable":true,"href":"https:\/\/25000miles.eu\/de\/wp-json\/wp\/v2\/media\/40370"}],"wp:attachment":[{"href":"https:\/\/25000miles.eu\/de\/wp-json\/wp\/v2\/media?parent=39117"}],"wp:term":[{"taxonomy":"product_brand","embeddable":true,"href":"https:\/\/25000miles.eu\/de\/wp-json\/wp\/v2\/product_brand?post=39117"},{"taxonomy":"product_cat","embeddable":true,"href":"https:\/\/25000miles.eu\/de\/wp-json\/wp\/v2\/product_cat?post=39117"},{"taxonomy":"product_tag","embeddable":true,"href":"https:\/\/25000miles.eu\/de\/wp-json\/wp\/v2\/product_tag?post=39117"}],"curies":[{"name":"wp","href":"https:\/\/api.w.org\/{rel}","templated":true}]}}