{"id":39123,"date":"2023-07-07T15:29:27","date_gmt":"2023-07-07T13:29:27","guid":{"rendered":"https:\/\/25000miles.eu\/product\/tsprof-stabiler-stahlsockel\/"},"modified":"2026-01-08T21:53:49","modified_gmt":"2026-01-08T20:53:49","slug":"tsprof-stabiler-stahlsockel","status":"publish","type":"product","link":"https:\/\/25000miles.eu\/de\/produkt\/tsprof-stabiler-stahlsockel\/","title":{"rendered":"TSPROF Stabiler Stahlsockel"},"content":{"rendered":"<p>Hier ist der <strong>TSPROF Stahlstand<\/strong> \u2013 der perfekte Begleiter f\u00fcr deinen Sch\u00e4rfer! Dieser bemerkenswerte St\u00e4nder f\u00fcgt Ihrem Sch\u00e4rfer nicht nur zus\u00e4tzlich <strong>3 kg<\/strong> hinzu, wodurch er beim Sch\u00e4rfen stabiler und stabiler wird, sondern bietet auch die Flexibilit\u00e4t, den Sch\u00e4rfer \u00fcberall auf der Arbeitsfl\u00e4che zu platzieren. <\/p>\n<p>Kompatibel mit den <strong>Modellen K03<\/strong> und <strong>Pioneer<\/strong> , \u00fcberfl\u00fcssig macht der Stahlstand eine C-Klemme zur Befestigung Ihres Sch\u00e4rfers \u00fcberfl\u00fcssig. Mit seinem genialen Design k\u00f6nnen Sie den Sch\u00e4rferk\u00f6rper m\u00fchelos an Ihrer Arbeitsfl\u00e4che befestigen und so eine stabile und zuverl\u00e4ssige Grundlage f\u00fcr Ihre Sch\u00e4rfaufgaben schaffen. <\/p>\n<p>Den Sch\u00e4rfer am St\u00e4nder zu montieren ist ein Kinderspiel. Setzen Sie den Sch\u00e4rferk\u00f6rper einfach in die speziell gestaltete Vertiefung im Stand und benutzen Sie die mitgelieferten Daumenschrauben, um ihn zu befestigen. Keine komplexen Installationen oder umst\u00e4ndlichen Werkzeuge n\u00f6tig!  <\/p>\n<p>In diesem umfassenden Kit finden Sie alles, was Sie brauchen, um Ihr Sch\u00e4rferlebnis zu verbessern. Es beinhaltet eine robuste Stahlbasis, die Stabilit\u00e4t und Haltbarkeit gew\u00e4hrleistet, sowie zwei eigens entwickelte Daumenschrauben, die f\u00fcr die Montage Ihres Ger\u00e4ts am Stand entwickelt wurden. <\/p>\n<p>Die Ma\u00dfe des Stahlstands betragen 245x225x12 mm und bieten eine kompakte, aber funktionale Gr\u00f6\u00dfe, die nahtlos in jeden Arbeitsbereich passt.<\/p>\n<h3>Wichtige Merkmale:<\/h3>\n<ul>\n<li>Erh\u00f6ht die Stabilit\u00e4t und erh\u00f6ht 3 kg Gewicht auf den Sch\u00e4rfer<\/li>\n<li>Erm\u00f6glicht die Platzierung des Sch\u00e4rfers \u00fcberall auf der Arbeitsfl\u00e4che<\/li>\n<li>Kompatibel mit K03- und Pioneer-Modellen<\/li>\n<li>Macht eine C-Klemme nicht mehr n\u00f6tig<\/li>\n<li>Schnelle und einfache Montage mit den mitgelieferten Daumenschrauben<\/li>\n<li>Beinhaltet Stahlbasis und Daumenschrauben (2 St\u00fcck).<\/li>\n<li>Kompakte Abmessungen: 245x225x12 mm<\/li>\n<li>Elegantes und elegantes Design<\/li>\n<\/ul>\n<h3>H\u00e4ufig gestellte Fragen:<\/h3>\n<h4>Funktioniert das System ohne sie?<\/h4>\n<p>Ja. Absolut. Verwenden Sie die mit dem System gelieferte C-Klemme, um sie am Rand der Arbeitsfl\u00e4che zu befestigen.  <\/p>\n<h4>Was ist die Bequemlichkeit?<\/h4>\n<p>Du kannst das System \u00fcberall auf der Arbeitsfl\u00e4che platzieren, was f\u00fcr deine Arbeit sehr praktisch ist. Wir empfehlen au\u00dferdem, <g id=\"gid_0\">selbstklebende Gummif\u00fc\u00dfe<\/g> auf die Unterseite des Stativs zu kleben (diese sind normalerweise im Systemset enthalten). Dann wird das System auf fast jeder Arbeitsfl\u00e4che unbeweglich.  <\/p>\n<p>Wir selbst f\u00fchren viel Sch\u00e4rfen durch, daher steht unser Team bereit, Sie zu beraten, wenn Sie eine Angelegenheit haben.<br \/>\nViel Spa\u00df beim Benutzen deiner scharfen Messer!<br \/>\nWir sind immer f\u00fcr dich da,<br \/>\n das 25.000-Meilen-Team!<\/p>\n","protected":false},"excerpt":{"rendered":"<p>Hier ist der <strong>TSPROF Stahlstand<\/strong> \u2013 der perfekte Begleiter f\u00fcr deinen Sch\u00e4rfer! Dieser bemerkenswerte St\u00e4nder f\u00fcgt Ihrem Sch\u00e4rfer nicht nur zus\u00e4tzlich <strong>3 kg<\/strong> hinzu, wodurch er beim Sch\u00e4rfen stabiler und stabiler wird, sondern bietet auch die Flexibilit\u00e4t, den Sch\u00e4rfer \u00fcberall auf der Arbeitsfl\u00e4che zu platzieren. <\/p>\n<p>Kompatibel mit den <strong>Modellen K03<\/strong> und <strong>Pioneer<\/strong> , \u00fcberfl\u00fcssig macht der Stahlstand eine C-Klemme zur Befestigung Ihres Sch\u00e4rfers \u00fcberfl\u00fcssig. Mit seinem genialen Design k\u00f6nnen Sie den Sch\u00e4rferk\u00f6rper m\u00fchelos an Ihrer Arbeitsfl\u00e4che befestigen und so eine stabile und zuverl\u00e4ssige Grundlage f\u00fcr Ihre Sch\u00e4rfaufgaben schaffen. <\/p>\n","protected":false},"featured_media":39094,"comment_status":"open","ping_status":"closed","template":"","meta":{"_acf_changed":false,"_seopress_robots_primary_cat":"1061","_seopress_titles_title":"","_seopress_titles_desc":"","_seopress_robots_index":"","iawp_total_views":0},"product_brand":[],"product_cat":[1130,1131],"product_tag":[],"class_list":{"0":"post-39123","1":"product","2":"type-product","3":"status-publish","4":"has-post-thumbnail","6":"product_cat-sharpening-tools-equipment","7":"product_cat-accessories-for-sharpening-systems","9":"first","10":"outofstock","11":"taxable","12":"shipping-taxable","13":"purchasable","14":"product-type-simple"},"acf":[],"_links":{"self":[{"href":"https:\/\/25000miles.eu\/de\/wp-json\/wp\/v2\/product\/39123","targetHints":{"allow":["GET"]}}],"collection":[{"href":"https:\/\/25000miles.eu\/de\/wp-json\/wp\/v2\/product"}],"about":[{"href":"https:\/\/25000miles.eu\/de\/wp-json\/wp\/v2\/types\/product"}],"replies":[{"embeddable":true,"href":"https:\/\/25000miles.eu\/de\/wp-json\/wp\/v2\/comments?post=39123"}],"wp:featuredmedia":[{"embeddable":true,"href":"https:\/\/25000miles.eu\/de\/wp-json\/wp\/v2\/media\/39094"}],"wp:attachment":[{"href":"https:\/\/25000miles.eu\/de\/wp-json\/wp\/v2\/media?parent=39123"}],"wp:term":[{"taxonomy":"product_brand","embeddable":true,"href":"https:\/\/25000miles.eu\/de\/wp-json\/wp\/v2\/product_brand?post=39123"},{"taxonomy":"product_cat","embeddable":true,"href":"https:\/\/25000miles.eu\/de\/wp-json\/wp\/v2\/product_cat?post=39123"},{"taxonomy":"product_tag","embeddable":true,"href":"https:\/\/25000miles.eu\/de\/wp-json\/wp\/v2\/product_tag?post=39123"}],"curies":[{"name":"wp","href":"https:\/\/api.w.org\/{rel}","templated":true}]}}