{"id":39267,"date":"2023-07-07T15:31:31","date_gmt":"2023-07-07T13:31:31","guid":{"rendered":"https:\/\/25000miles.eu\/product\/tsprof-ganzgefraeste-klemmen-2-stueck\/"},"modified":"2026-01-08T21:53:44","modified_gmt":"2026-01-08T20:53:44","slug":"tsprof-ganzgefraeste-klemmen-2-stueck","status":"publish","type":"product","link":"https:\/\/25000miles.eu\/de\/produkt\/tsprof-ganzgefraeste-klemmen-2-stueck\/","title":{"rendered":"TSPROF Ganzgefr\u00e4ste Klemmen (2 St\u00fcck)"},"content":{"rendered":"<p>Wir stellen unsere revolution\u00e4ren <strong>Whole-freeed Clamps<\/strong> vor, gefertigt aus hochfester Aluminiumlegierung.<\/p>\n<p>Entfesseln Sie das wahre Potenzial Ihrer Messer mit unseren Wholemilled-Klemmen. Diese Klemmen sind darauf ausgelegt, unvergleichliche Steifigkeit und Stabilit\u00e4t zu bieten, und gew\u00e4hrleisten optimale Funktionalit\u00e4t und Haltbarkeit. <\/p>\n<p>Wichtige Merkmale:<\/p>\n<p>Monolithisches Design: Die einzigartige Konstruktion unserer Klemmen garantiert eine erh\u00f6hte Druckfestigkeit auf das Schleifmittel, was zu stabilen Winkeln in jeder Phase des Betriebs f\u00fchrt, vom Schleifen bis zur Endbearbeitung.<\/p>\n<p>Pr\u00e4zisionsfr\u00e4sen und ma\u00dfliche Konformit\u00e4t erm\u00f6glichen es, sie nebeneinander zu platzieren und als eine vollst\u00e4ndige Klemme zu arbeiten.<\/p>\n<p>Du kannst sie auch zus\u00e4tzlich zu den beiden im Systemset kaufen. Dann kann man drei oder vier Klemmen gleichzeitig am Rahmen anbringen, was die Durchbiegung selbst d\u00fcnner und langer Messer verhindert. Und der Kauf eines L-Aufsatzes f\u00fcr Klemmen gibt dir noch mehr Freiheit bei der Arbeit mit ihnen.  <\/p>\n<p>Einfachheit und Komfort: Erleben Sie eine unkomplizierte Bedienung mit unseren Klemmen. Genie\u00dfen Sie den Komfort eines Ein-Tasten-Klemmansatzes, der Kalibrierung oder Anpassungen f\u00fcr verschiedene Messerformen \u00fcberfl\u00fcssig macht. <\/p>\n<p>Vielseitigkeit:<\/p>\n<p>Sch\u00e4rfen Sie eine breite Palette von Messern m\u00fchelos mit unseren Wholemilled-Klemmen. Von Koch- und Universalmessern bis hin zu Hackmessern, Gem\u00fcseschneidern, K\u00fcchenmessern, Axten und Faltmessern \u2013 unsere Klammern erf\u00fcllen all Ihre Sch\u00e4rfbed\u00fcrfnisse. <\/p>\n<p>Entfesseln Sie das volle Potenzial Ihrer Messer und genie\u00dfen Sie die Pr\u00e4zision, Effizienz und Bequemlichkeit, die unsere Klemmen bieten.<\/p>\n<h3>H\u00e4ufig gestellte Fragen:<\/h3>\n<h4>Wie unterscheiden sie sich von den Whole-Milled Filet?<\/h4>\n<p>Diese Klemmen haben dickere und st\u00e4rkere Klemmkiefer.<\/p>\n<h4>Worin unterscheiden sie sich von Doppel-Fillet-Klemmen?<\/h4>\n<p>Aufgrund des Fehlens von Federn und einer einteiligen Konstruktion wird jeglicher Spiel beseitigt.<\/p>\n<h4>K\u00f6nnen sie in andere Systeme angepasst werden?<\/h4>\n<p>Abgesehen von <strong>TSPROF K03<\/strong> k\u00f6nnen sie ohne Leistungsverlust in <strong>KADET<\/strong> und <strong>PIONEER<\/strong> eingebaut werden.<\/p>\n<p>Wir selbst f\u00fchren viel Sch\u00e4rfen durch, daher steht unser Team bereit, Sie zu beraten, wenn Sie eine Angelegenheit haben.<\/p>\n<p>Viel Spa\u00df beim Benutzen deiner scharfen Messer!<\/p>\n<p>Wir sind immer f\u00fcr dich da,<br \/>\n das 25.000-Meilen-Team!<\/p>\n","protected":false},"excerpt":{"rendered":"<p>TSPROF Ganzgefr\u00e4ste Klemmen.<\/p>\n<p><strong>Leistungsbeschreibung:<\/strong><\/p>\n<ul>\n<li><strong>Klemml\u00e4nge:<\/strong> 118 mm<\/li>\n<li><strong>Maximale Wirbels\u00e4ulendicke:<\/strong> 7 mm<\/li>\n<li><strong>Empfohlene Klingenl\u00e4nge:<\/strong> 30-450 mm<\/li>\n<li><strong>Mindestklingenbreite:<\/strong> 15 mm<\/li>\n<li><strong>Kieferbreite:<\/strong> 24 mm (2 St\u00fcck)<\/li>\n<li><strong>Schraubenziehergr\u00f6\u00dfe:<\/strong> 2,5 mm<\/li>\n<\/ul>\n","protected":false},"featured_media":39093,"comment_status":"open","ping_status":"closed","template":"","meta":{"_acf_changed":false,"_seopress_robots_primary_cat":"1061","_seopress_titles_title":"","_seopress_titles_desc":"","_seopress_robots_index":"","iawp_total_views":1},"product_brand":[],"product_cat":[1130,1131],"product_tag":[],"class_list":{"0":"post-39267","1":"product","2":"type-product","3":"status-publish","4":"has-post-thumbnail","6":"product_cat-sharpening-tools-equipment","7":"product_cat-accessories-for-sharpening-systems","9":"first","10":"instock","11":"taxable","12":"shipping-taxable","13":"purchasable","14":"product-type-simple"},"acf":[],"_links":{"self":[{"href":"https:\/\/25000miles.eu\/de\/wp-json\/wp\/v2\/product\/39267","targetHints":{"allow":["GET"]}}],"collection":[{"href":"https:\/\/25000miles.eu\/de\/wp-json\/wp\/v2\/product"}],"about":[{"href":"https:\/\/25000miles.eu\/de\/wp-json\/wp\/v2\/types\/product"}],"replies":[{"embeddable":true,"href":"https:\/\/25000miles.eu\/de\/wp-json\/wp\/v2\/comments?post=39267"}],"wp:featuredmedia":[{"embeddable":true,"href":"https:\/\/25000miles.eu\/de\/wp-json\/wp\/v2\/media\/39093"}],"wp:attachment":[{"href":"https:\/\/25000miles.eu\/de\/wp-json\/wp\/v2\/media?parent=39267"}],"wp:term":[{"taxonomy":"product_brand","embeddable":true,"href":"https:\/\/25000miles.eu\/de\/wp-json\/wp\/v2\/product_brand?post=39267"},{"taxonomy":"product_cat","embeddable":true,"href":"https:\/\/25000miles.eu\/de\/wp-json\/wp\/v2\/product_cat?post=39267"},{"taxonomy":"product_tag","embeddable":true,"href":"https:\/\/25000miles.eu\/de\/wp-json\/wp\/v2\/product_tag?post=39267"}],"curies":[{"name":"wp","href":"https:\/\/api.w.org\/{rel}","templated":true}]}}