{"id":39294,"date":"2023-07-07T15:37:47","date_gmt":"2023-07-07T13:37:47","guid":{"rendered":"https:\/\/25000miles.eu\/product\/tsprof-l-aufsatz-fuer-klemmen\/"},"modified":"2026-01-08T21:54:07","modified_gmt":"2026-01-08T20:54:07","slug":"tsprof-l-aufsatz-fuer-klemmen","status":"publish","type":"product","link":"https:\/\/25000miles.eu\/de\/produkt\/tsprof-l-aufsatz-fuer-klemmen\/","title":{"rendered":"TSPROF L-Aufsatz f\u00fcr Klemmen"},"content":{"rendered":"<p>Einf\u00fchrung <strong>von L-Aufsatz<\/strong> f\u00fcr Sch\u00e4rfger\u00e4te, die Ihr Sch\u00e4rferlebnis verbessern sollen.<\/p>\n<p>Entfesseln Sie das volle Potenzial Ihres Sch\u00e4rfger\u00e4ts mit dem L-Adapter. Dieser Adapter, der sich nahtlos mit den renommierten K03- und Kadet-Sch\u00e4rfger\u00e4ten integrieren l\u00e4sst, hebt Ihre Sch\u00e4rferleichtigkeit auf ein neues Niveau. <\/p>\n<p>Indem Sie den Adapter strategisch an den R\u00e4ndern des Rahmens platzieren, k\u00f6nnen Sie die Gesamtl\u00e4nge Ihres Ger\u00e4ts um 4 cm verl\u00e4ngern. Dadurch k\u00f6nnen Sie Messer mit l\u00e4ngeren Klingen oder mit d\u00fcnnen und flexiblen Schneiden sicher klemmen. Erleben Sie die Freiheit, eine breite Palette von Klingen m\u00fchelos und pr\u00e4zise zu sch\u00e4rfen.  <\/p>\n<p>Aber das ist noch nicht alles. Der L-Adapter bietet au\u00dferdem eine einzigartige L\u00f6sung f\u00fcr k\u00fcrzere Klingen. Wird sie in der Mitte des Rahmens platziert, ersetzt sie eine einzelne Klemme, was sie perfekt zum Sch\u00e4rfen selbst der k\u00fcrzesten Klingen mit h\u00f6chster Genauigkeit macht.  <\/p>\n<p>Jeder Adapter wird aus einem massiven Block aus hochwertiger Aluminiumlegierung gefertigt und wird sorgf\u00e4ltig gefr\u00e4st, um den Konturen Ihres Sch\u00e4rfrahmens gerecht zu werden. Das ovale Befestigungsloch gew\u00e4hrleistet die Kompatibilit\u00e4t mit Klemmen unterschiedlicher Breite und sorgt f\u00fcr eine vielseitige und sichere Passform. <\/p>\n<p>Die Installation ist ein Kinderspiel. Installiere den L-Adapter einfach am Rahmen deines Sch\u00e4rfger\u00e4ts, sei es der <g id=\"gid_0\">K02<\/g> (von der Ausgabe 2018), <g id=\"gid_1\">der K03<\/g> in all seinen Varianten oder der TSPROF Kadet in jeder Konfiguration. Das Paket enth\u00e4lt zwei L-Adapter sowie zwei schwarze M5*10-Schrauben und einen 3-mm-Inbusschl\u00fcssel f\u00fcr Ihren Komfort.  <\/p>\n<h3>H\u00e4ufig gestellte Fragen:<\/h3>\n<h4>Was ist die Bequemlichkeit?<\/h4>\n<ol>\n<li> Jetzt kann man Messer mit einer noch l\u00e4ngeren Klinge sch\u00e4rfen.<\/li>\n<li><g id=\"gid_0\">Die Mittelachse<\/g> <g id=\"gid_6\"><\/g> <g id=\"gid_1\"><\/g> <g id=\"gid_2\">des<\/g> <g id=\"gid_3\">Rahmens<\/g> <g id=\"gid_4\">wird<\/g> <g id=\"gid_7\">Ihre<\/g> Arbeit <g id=\"gid_5\">nicht<\/g> beeintr\u00e4chtigen. Du kannst <g id=\"gid_10\">die<\/g> <g id=\"gid_11\">Klemmen<\/g> \u00fcberall <g id=\"gid_8\"><\/g> <g id=\"gid_9\">montieren<\/g>. Sogar <g id=\"gid_12\">genau in<\/g> <g id=\"gid_13\">der<\/g> Mitte.  <\/li>\n<li>Die <strong>Whole-freeed Kadet<\/strong> Clamps sind k\u00fcrzer als die K03. Aber wenn du einen Adapter hinzuf\u00fcgst, sind sie gleich und k\u00f6nnen in deiner Arbeit kombiniert werden. <\/li>\n<\/ol>\n<p>Wir selbst f\u00fchren viel Sch\u00e4rfen durch, daher steht unser Team bereit, Sie zu beraten, wenn Sie eine Angelegenheit haben.<br \/>\nViel Spa\u00df beim Benutzen deiner scharfen Messer!<br \/>\nWir sind immer f\u00fcr dich da,<br \/>\n das 25.000-Meilen-Team!<\/p>\n","protected":false},"excerpt":{"rendered":"<p>Einf\u00fchrung von L-Aufsatz f\u00fcr Sch\u00e4rfger\u00e4te, die Ihr Sch\u00e4rferlebnis verbessern sollen.<\/p>\n<p>Entfesseln Sie das volle Potenzial Ihres Sch\u00e4rfger\u00e4ts mit dem L-Adapter. Dieser Adapter, der sich nahtlos mit den renommierten K03- und Kadet-Sch\u00e4rfger\u00e4ten integrieren l\u00e4sst, hebt Ihre Sch\u00e4rferleichtigkeit auf ein neues Niveau. <\/p>\n","protected":false},"featured_media":39288,"comment_status":"open","ping_status":"closed","template":"","meta":{"_acf_changed":false,"_seopress_robots_primary_cat":"1061","_seopress_titles_title":"","_seopress_titles_desc":"","_seopress_robots_index":"","iawp_total_views":0},"product_brand":[],"product_cat":[1130,1131],"product_tag":[],"class_list":{"0":"post-39294","1":"product","2":"type-product","3":"status-publish","4":"has-post-thumbnail","6":"product_cat-sharpening-tools-equipment","7":"product_cat-accessories-for-sharpening-systems","9":"first","10":"outofstock","11":"taxable","12":"shipping-taxable","13":"purchasable","14":"product-type-simple"},"acf":[],"_links":{"self":[{"href":"https:\/\/25000miles.eu\/de\/wp-json\/wp\/v2\/product\/39294","targetHints":{"allow":["GET"]}}],"collection":[{"href":"https:\/\/25000miles.eu\/de\/wp-json\/wp\/v2\/product"}],"about":[{"href":"https:\/\/25000miles.eu\/de\/wp-json\/wp\/v2\/types\/product"}],"replies":[{"embeddable":true,"href":"https:\/\/25000miles.eu\/de\/wp-json\/wp\/v2\/comments?post=39294"}],"wp:featuredmedia":[{"embeddable":true,"href":"https:\/\/25000miles.eu\/de\/wp-json\/wp\/v2\/media\/39288"}],"wp:attachment":[{"href":"https:\/\/25000miles.eu\/de\/wp-json\/wp\/v2\/media?parent=39294"}],"wp:term":[{"taxonomy":"product_brand","embeddable":true,"href":"https:\/\/25000miles.eu\/de\/wp-json\/wp\/v2\/product_brand?post=39294"},{"taxonomy":"product_cat","embeddable":true,"href":"https:\/\/25000miles.eu\/de\/wp-json\/wp\/v2\/product_cat?post=39294"},{"taxonomy":"product_tag","embeddable":true,"href":"https:\/\/25000miles.eu\/de\/wp-json\/wp\/v2\/product_tag?post=39294"}],"curies":[{"name":"wp","href":"https:\/\/api.w.org\/{rel}","templated":true}]}}