{"id":39303,"date":"2023-07-07T15:37:47","date_gmt":"2023-07-07T13:37:47","guid":{"rendered":"https:\/\/25000miles.eu\/product\/tsprof-universelle-befestigung-fuer-den-konvexen-pro\/"},"modified":"2026-01-08T21:54:28","modified_gmt":"2026-01-08T20:54:28","slug":"tsprof-universelle-befestigung-fuer-den-konvexen-pro","status":"publish","type":"product","link":"https:\/\/25000miles.eu\/de\/produkt\/tsprof-universelle-befestigung-fuer-den-konvexen-pro\/","title":{"rendered":"TSPROF Universelle Befestigung f\u00fcr den konvexen PRO"},"content":{"rendered":"<p>Die Firma <strong>TSPROF<\/strong> , bekannt f\u00fcr ihre weltweit ausgezeichneten Sch\u00e4rfger\u00e4te, hat eine neue, recht interessante Neuerung f\u00fcr ihre Idee herausgebracht \u2013 den konvexen Sch\u00e4rfungsaufsatz. Dank dieses Teils k\u00f6nnen Besitzer des &#8220;<strong>K03 PRO&#8221;<\/strong> die Messerklingen nun unabh\u00e4ngig in <strong>konvexer<\/strong> Form sch\u00e4rfen.&#8221; <\/p>\n<p>Das konvexe Sch\u00e4rfen unterscheidet sich erheblich von der werkseitigen Sch\u00e4rfung der meisten modernen Messer. Es erm\u00f6glicht eine hohe Spitzeneffizienz und bietet gleichzeitig eine gute Sicherheitsmarge. Es ist \u00fcberraschend einfach und g\u00fcnstig zu warten \u2013 wenn man eine Klinge mit vollem konvexem Sch\u00e4rfen nicht zu stumpf werden l\u00e4sst, reicht ein normales G\u00fcrtelfinish aus, um die fr\u00fchere Sch\u00e4rfe wiederherzustellen.  <\/p>\n<p>Ein weiterer Vorteil dieses Sch\u00e4rfens ist die Schneideffizienz. Die Klinge arbeitet wie ein Keil, zieht das Material auseinander, das geschnitten werden soll. Dies reduziert Reibung und Materialwiderstand. Messer mit konvexer Sch\u00e4rfung sind beim Tiefschneiden deutlich effizienter als Messer mit V-f\u00f6rmiger Sch\u00e4rfung (vorausgesetzt, die Klingendicke ist \u00e4hnlich) \u2013 dies liegt an weniger Reibung und dem &#8220;Haften&#8221; am Material.<br \/>\nEines der herausragenden Merkmale der TSPROF K03 Pro Convex Attachment ist ihre F\u00e4higkeit, eine gleichm\u00e4\u00dfige Winkel\u00e4nderung \u00fcber die gesamte Breite der Sekund\u00e4rschr\u00e4ge zu erm\u00f6glichen. Diese einzigartige Eigenschaft sorgt f\u00fcr eine gleichm\u00e4\u00dfige und glatte Radiusform, was zu tadelloser Verarbeitung f\u00fchrt. Verabschiede dich von ungleichm\u00e4\u00dfigen Kanten und gr\u00fc\u00dfe die Perfektion.<x id=\"gid_1\"><\/x>Das konvexe Schleifen dieses Aufsatzes kommt wirklich zur Geltung, wenn man mit Aufpralllasten konfrontiert ist. Egal, ob Sie Schilf, K\u00fcstenb\u00fcsche und Gras, gro\u00dfe rohe Knochen oder Zweige schneiden \u2013 die Schneidenfestigkeit und -festigkeit machen es zu einem zuverl\u00e4ssigen Begleiter f\u00fcr jede Schneideaufgabe.      <\/p>\n<p>Mit dem TSPROF K03 Pro Convex Attachment hast du die Flexibilit\u00e4t, aus drei Winkelbereichen zu w\u00e4hlen. Die Position der Stange im Aufsatz bestimmt den Winkelbereich, der zur einfachen Orientierung praktisch gekennzeichnet ist. W\u00e4hrend sich das Schleifmittel entlang der Sekund\u00e4rschr\u00e4gung bewegt, passt sich der Winkelbereich an und nimmt allm\u00e4hlich ab, um die gew\u00fcnschte Sch\u00e4rfe zu erreichen. Diese Anpassungsf\u00e4higkeit sorgt f\u00fcr optimale Ergebnisse f\u00fcr Messer unterschiedlicher Dicke.<br \/>\nUm dein Erlebnis noch nahtloser zu machen, kommt der TSPROF K03 Pro Convex Attachment als komplettes Set. Es beinhaltet eine universelle Befestigung mit drei Winkelbereichen (4,3, 7,2 und 10,7), einen Convex Pro Adapter und eine M4X6-Befestigungsschraube. Dieses umfassende Paket stellt sicher, dass Sie alles haben, was Sie brauchen, um Ihre Schleifreise zu beginnen.<br \/>\nZusammenfassend ist der TSPROF K03 Pro Convex Attachment ein echtes Juwel f\u00fcr alle, die neue Erfahrungen mit &#8220;konvexem&#8221; Sch\u00e4rfen suchen.     <\/p>\n<p>Nat\u00fcrlich sollte man sich bewusst sein, dass das Sch\u00e4rfen eines konvexen Messers etwas Geschick und Geschicklichkeit erfordert, aber dank des neuen Werkzeugs f\u00fcr das TSPROF wird es viel einfacher und bequemer sein. Jetzt kannst du deine F\u00e4higkeiten auf die Probe stellen und deinem Messer einen haltbaren und effektiven Schnitt verpassen. Sie k\u00f6nnen das Sch\u00e4rfungswerkzeug jetzt in unserem Shop kaufen.  <\/p>\n<p><span style=\"color: var(--danger);\">Der Adapter funktioniert nur mit K03 Pro Systemen!<\/span><\/p>\n<h3>H\u00e4ufig gestellte Fragen:<\/h3>\n<h4>Welche Messer k\u00f6nnen im Convex gesch\u00e4rft werden?<\/h4>\n<p>Alle. Aber je dicker das Messer, desto st\u00e4rker sp\u00fcrt man die Wirkung dieses Sch\u00e4rfens. Auf d\u00fcnnen K\u00fcchenmessern ergibt das wenig Sinn. Faltmesser, Jagd- und Campingmesser sind die Chancen, die ihr Potenzial aussch\u00f6pfen. Lentikul\u00e4res Sch\u00e4rfen ist dem Keilsch\u00e4rfen weit \u00fcberlegen, das ebenfalls einen effektiven Schnitt machen kann. Es ist kein Zufall, dass konvexes Sch\u00e4rfen bei \u00c4xten und Macheten bevorzugt wird     <\/p>\n<p>Wir selbst f\u00fchren viel Sch\u00e4rfen durch, daher steht unser Team bereit, Sie zu beraten, wenn Sie eine Angelegenheit haben.<\/p>\n<p>Viel Spa\u00df beim Benutzen deiner scharfen Messer!<\/p>\n<p>Wir sind immer f\u00fcr dich da,<br \/>\n das 25.000-Meilen-Team!<\/p>\n","protected":false},"excerpt":{"rendered":"<p>Die Firma <strong>TSPROF<\/strong> , bekannt f\u00fcr ihre weltweit ausgezeichneten Sch\u00e4rfger\u00e4te, hat eine neue, recht interessante Neuerung f\u00fcr ihre Idee herausgebracht \u2013 den konvexen Sch\u00e4rfungsaufsatz. Dank dieses Teils k\u00f6nnen Besitzer des &#8220;<strong>K03 PRO&#8221;<\/strong> die Messerklingen nun unabh\u00e4ngig in <strong>konvexer<\/strong> Form sch\u00e4rfen.&#8221; <\/p>\n<p>Das konvexe Sch\u00e4rfen unterscheidet sich erheblich von der werkseitigen Sch\u00e4rfung der meisten modernen Messer. Es erm\u00f6glicht eine hohe Spitzeneffizienz und bietet gleichzeitig eine gute Sicherheitsmarge. Es ist \u00fcberraschend einfach und g\u00fcnstig zu warten \u2013 wenn man eine Klinge mit vollem konvexem Sch\u00e4rfen nicht zu stumpf werden l\u00e4sst, reicht ein normales G\u00fcrtelfinish aus, um die fr\u00fchere Sch\u00e4rfe wiederherzustellen.  <\/p>\n","protected":false},"featured_media":39096,"comment_status":"open","ping_status":"closed","template":"","meta":{"_acf_changed":false,"_seopress_robots_primary_cat":"1061","_seopress_titles_title":"","_seopress_titles_desc":"","_seopress_robots_index":"","iawp_total_views":0},"product_brand":[],"product_cat":[1130,1131],"product_tag":[],"class_list":{"0":"post-39303","1":"product","2":"type-product","3":"status-publish","4":"has-post-thumbnail","6":"product_cat-sharpening-tools-equipment","7":"product_cat-accessories-for-sharpening-systems","9":"first","10":"outofstock","11":"taxable","12":"shipping-taxable","13":"purchasable","14":"product-type-simple"},"acf":[],"_links":{"self":[{"href":"https:\/\/25000miles.eu\/de\/wp-json\/wp\/v2\/product\/39303","targetHints":{"allow":["GET"]}}],"collection":[{"href":"https:\/\/25000miles.eu\/de\/wp-json\/wp\/v2\/product"}],"about":[{"href":"https:\/\/25000miles.eu\/de\/wp-json\/wp\/v2\/types\/product"}],"replies":[{"embeddable":true,"href":"https:\/\/25000miles.eu\/de\/wp-json\/wp\/v2\/comments?post=39303"}],"wp:featuredmedia":[{"embeddable":true,"href":"https:\/\/25000miles.eu\/de\/wp-json\/wp\/v2\/media\/39096"}],"wp:attachment":[{"href":"https:\/\/25000miles.eu\/de\/wp-json\/wp\/v2\/media?parent=39303"}],"wp:term":[{"taxonomy":"product_brand","embeddable":true,"href":"https:\/\/25000miles.eu\/de\/wp-json\/wp\/v2\/product_brand?post=39303"},{"taxonomy":"product_cat","embeddable":true,"href":"https:\/\/25000miles.eu\/de\/wp-json\/wp\/v2\/product_cat?post=39303"},{"taxonomy":"product_tag","embeddable":true,"href":"https:\/\/25000miles.eu\/de\/wp-json\/wp\/v2\/product_tag?post=39303"}],"curies":[{"name":"wp","href":"https:\/\/api.w.org\/{rel}","templated":true}]}}