{"id":39327,"date":"2023-07-07T15:37:00","date_gmt":"2023-07-07T13:37:00","guid":{"rendered":"https:\/\/25000miles.eu\/product\/tsprof-kadet-ganzgefraeste-filet-klammern\/"},"modified":"2026-01-08T21:53:44","modified_gmt":"2026-01-08T20:53:44","slug":"tsprof-kadet-ganzgefraeste-filet-klammern","status":"publish","type":"product","link":"https:\/\/25000miles.eu\/de\/produkt\/tsprof-kadet-ganzgefraeste-filet-klammern\/","title":{"rendered":"TSPROF Kadet Ganzgefr\u00e4ste Filet-Klammern"},"content":{"rendered":"<p>Hier sind die TSPROF <strong>Kadet ganzgefr\u00e4sten Fillet-Klammern<\/strong> \u2013 Ihre ultimative L\u00f6sung f\u00fcr das sichere Befestigen von Messern mit einer R\u00fcckendicke von bis zu 3,5 mm auf TSPROF Kadet Sch\u00e4rfsystemen. Mit ihrer radial konvexen Au\u00dfenfl\u00e4che erm\u00f6glichen diese Klemmen, unglaublich scharfe Kanten bei Winkeln von weniger als <strong>8,5 <\/strong>pro Seite zu erzielen. <\/p>\n<h3>Erleben Sie unvergleichliche Vielseitigkeit:<\/h3>\n<p>Diese Klemmen, gefertigt aus einem einzigen St\u00fcck Flugzeugaluminium, bieten eine unvergleichliche Vielseitigkeit. Sie lassen sich leicht an die Blattform anpassen, was eine pr\u00e4zise Symmetrie w\u00e4hrend der Installation gew\u00e4hrleistet. Die beiden Greifpunkte beseitigen jegliche Klingenablenkung und garantieren optimale Stabilit\u00e4t.<x id=\"gid_0\"><\/x>Ma\u00dfgeschneiderte Schrauben f\u00fcr Ihre Bed\u00fcrfnisse: Diese Klemmen werden mit zwei Schraubentypen geliefert, die auf Ihre Bed\u00fcrfnisse zugeschnitten sind. Die verk\u00fcrzten Schrauben eignen sich perfekt zum Sch\u00e4rfen d\u00fcnner Messer bei minimalen Winkeln, w\u00e4hrend die Standardschrauben f\u00fcr Messer mit einer Wirbels\u00e4ulendicke von bis zu 3,5 mm konzipiert sind.   <\/p>\n<h3>M\u00fchelose Kalibrierung und Bewegungsfreiheit:<\/h3>\n<p>Bewegen Sie die Klemmen \u00fcber die gesamte L\u00e4nge des Rahmens, ohne den Aufwand der Kalibrierung. Das gibt Ihnen die Freiheit, die Klemmen genau dort zu positionieren, wo Sie sie ben\u00f6tigen, was das Sch\u00e4rfen effizienter und bequemer macht.<x id=\"gid_0\"><\/x>Perfekt f\u00fcr verschiedene Messer: Ideal f\u00fcr K\u00fcchen- und Filetmesser mit schmalen Wirbeln sowie kleine Falt- und Taschenmesser \u2013 diese Klammern sind ein Muss in Ihrem Sch\u00e4rfarsenal. Sie sorgen f\u00fcr Stabilit\u00e4t und Pr\u00e4zision und erm\u00f6glichen es Ihnen, rasiermesserscharfe Kanten auf verschiedenen Klingen zu erzielen.  <\/p>\n<h3>Produkteigenschaften:<\/h3>\n<ul>\n<li><strong>Empfohlene Klingenl\u00e4nge<\/strong>: 30\u2013200 mm<\/li>\n<li><strong>Dicke der Kieferspitzen:<\/strong> 1 mm<\/li>\n<li><strong>Kieferbreite:<\/strong> 20 mm (2 St\u00fcck)<\/li>\n<li><strong>Spalt zwischen den Kiefern im freien Zustand:<\/strong> 4 mm<\/li>\n<li><strong>Maximale Stacheldicke eines Messers:<\/strong> 3,5 mm<\/li>\n<li><strong>Gr\u00f6\u00dfe f\u00fcr einen Schraubenschl\u00fcssel:<\/strong> HEX4 Hexagon 4,0 mm<\/li>\n<li><strong>Schraubenschl\u00fcssel:<\/strong> Enthalten<\/li>\n<li><strong>Kompatibilit\u00e4t:<\/strong> Diese Klemmen sind speziell f\u00fcr das TSPROF Kadet-Sch\u00e4rfsystem konzipiert, funktionieren aber auch nahtlos mit K03- und Pioneer-Sch\u00e4rfern.<\/li>\n<\/ul>\n<p>Entdecke dein volles Potenzial deiner Sch\u00e4rferfahrung mit den TSPROF Kadet ganzgefr\u00e4sten Filet-Klemmen. Bestellen Sie jetzt und erleben Sie eine Pr\u00e4zision wie nie zuvor! <\/p>\n<h3>H\u00e4ufig gestellte Fragen:<\/h3>\n<h4>Wof\u00fcr sind diese Klemmen?<\/h4>\n<p>Zum Sch\u00e4rfen des Messers auf einen besonders niedrigen\/scharfen Winkel. Besonders wichtig, wenn du Messer mit einer schmalen Klinge benutzt. Zum Beispiel K\u00fcchenmesser oder Filetmesser.  <\/p>\n<h4>Worin unterscheiden sie sich von denen, die im Set enthalten sind?<\/h4>\n<p>Der Hauptunterschied ist, dass die Klemmkiefer so d\u00fcnn wie m\u00f6glich sind. Diese Form erlaubt es dir, die Klinge unglaublich tief abzusenken, ohne dass sie die Klemmen ber\u00fchrt. Dies sorgt f\u00fcr einen scharfen Sch\u00e4rfwinkel, selbst wenn die Kante sehr nah an den Klemmen liegt.  <\/p>\n<h4>Wie klemmt man ein Messer, wenn es keinen flachen Teil der Klinge hat?<\/h4>\n<p>Solche Messer haben normalerweise einen etwas geraden Abschnitt am Griff. In diesem Fall wird in diesem Teil eine Klemme verwendet, die andere Klemme st\u00fctzt die Messerspitze. <\/p>\n<p>Wir selbst f\u00fchren viel Sch\u00e4rfen durch, daher steht unser Team bereit, Sie zu beraten, wenn Sie eine Angelegenheit haben.<br \/>\nViel Spa\u00df beim Benutzen deiner scharfen Messer!<br \/>\nWir sind immer f\u00fcr dich da,<br \/>\n das 25.000-Meilen-Team!<\/p>\n","protected":false},"excerpt":{"rendered":"<ul>\n<li>Geeignet f\u00fcr K\u00fcchen- und Filetmesser mit schmaler Wirbels\u00e4ule, kleine Falt- und Taschenmesser.<\/li>\n<li>Empfohlene Klingenl\u00e4nge \u2013 30\u2013200 mm<\/li>\n<li>Maximale Wirbels\u00e4ulendicke \u2013 3,5 mm<\/li>\n<li>Minimaler Sch\u00e4rfwinkel pro Seite &#8211; 8,5\u00b0<\/li>\n<\/ul>\n<p>Arbeitet mit K03, Kadet und Pioneer!<\/p>\n","protected":false},"featured_media":39324,"comment_status":"open","ping_status":"closed","template":"","meta":{"_acf_changed":false,"_seopress_robots_primary_cat":"1061","_seopress_titles_title":"","_seopress_titles_desc":"","_seopress_robots_index":"","iawp_total_views":0},"product_brand":[],"product_cat":[1130,1131],"product_tag":[],"class_list":{"0":"post-39327","1":"product","2":"type-product","3":"status-publish","4":"has-post-thumbnail","6":"product_cat-sharpening-tools-equipment","7":"product_cat-accessories-for-sharpening-systems","9":"first","10":"instock","11":"taxable","12":"shipping-taxable","13":"purchasable","14":"product-type-simple"},"acf":[],"_links":{"self":[{"href":"https:\/\/25000miles.eu\/de\/wp-json\/wp\/v2\/product\/39327","targetHints":{"allow":["GET"]}}],"collection":[{"href":"https:\/\/25000miles.eu\/de\/wp-json\/wp\/v2\/product"}],"about":[{"href":"https:\/\/25000miles.eu\/de\/wp-json\/wp\/v2\/types\/product"}],"replies":[{"embeddable":true,"href":"https:\/\/25000miles.eu\/de\/wp-json\/wp\/v2\/comments?post=39327"}],"wp:featuredmedia":[{"embeddable":true,"href":"https:\/\/25000miles.eu\/de\/wp-json\/wp\/v2\/media\/39324"}],"wp:attachment":[{"href":"https:\/\/25000miles.eu\/de\/wp-json\/wp\/v2\/media?parent=39327"}],"wp:term":[{"taxonomy":"product_brand","embeddable":true,"href":"https:\/\/25000miles.eu\/de\/wp-json\/wp\/v2\/product_brand?post=39327"},{"taxonomy":"product_cat","embeddable":true,"href":"https:\/\/25000miles.eu\/de\/wp-json\/wp\/v2\/product_cat?post=39327"},{"taxonomy":"product_tag","embeddable":true,"href":"https:\/\/25000miles.eu\/de\/wp-json\/wp\/v2\/product_tag?post=39327"}],"curies":[{"name":"wp","href":"https:\/\/api.w.org\/{rel}","templated":true}]}}