{"id":39332,"date":"2023-07-07T15:35:22","date_gmt":"2023-07-07T13:35:22","guid":{"rendered":"https:\/\/25000miles.eu\/product\/tsprof-ganzgefraeste-fillet-klammern-2-stueck\/"},"modified":"2026-01-08T21:53:38","modified_gmt":"2026-01-08T20:53:38","slug":"tsprof-ganzgefraeste-fillet-klammern-2-stueck","status":"publish","type":"product","link":"https:\/\/25000miles.eu\/de\/produkt\/tsprof-ganzgefraeste-fillet-klammern-2-stueck\/","title":{"rendered":"TSPROF Ganzgefr\u00e4ste Fillet-Klammern (2 St\u00fcck)"},"content":{"rendered":"<p>Wir stellen unser revolution\u00e4res Produkt vor: das ultimative Sch\u00e4rfwerkzeug f\u00fcr Filetmesser, Multitools und skandinavische Messer, bis zu 3,5 mm dick.<\/p>\n<p>Pr\u00e4zisionssch\u00e4rfung: Mit unserer mathematisch verifizierten radial-konvexen Form erreichen Sie den perfekten Sch\u00e4rfwinkel von nur 7,2\u00b0 pro Seite. Verabschiede dich von stumpfen Klingen und hallo zur rasiermesserscharfen Perfektion! <\/p>\n<p>Unvergleichliche Haltbarkeit: Unser Sch\u00e4rfwerkzeug besteht aus schwerem Luftfahrtaluminium und nutzt modernste Verarbeitungstechnologien, sodass es eine minimale Kieferdicke bietet, ohne die Verschlei\u00dffestigkeit zu beeintr\u00e4chtigen. Erleben Sie eine langanhaltende Leistung, die die Zeit \u00fcberdauert. <\/p>\n<p>Vielseitiges Klemmsystem: Wir wissen, wie wichtig es ist, Ihr Messer beim Sch\u00e4rfen sicher zu fixieren. Deshalb haben wir die Klemmen mit genau der richtigen Breite entwickelt, um bis zu vier Klammern gleichzeitig aufzunehmen, was selbst f\u00fcr die flexibelsten Filetmesser einen stabilen Griff bietet. <\/p>\n<p>Hassle-freie Einrichtung: Keine komplizierten Kalibrierungen oder mehrfachen Anpassungen n\u00f6tig. Unsere Klammern sind genial entwickelt, um m\u00fchelos mit nur einer einzigen Schraube gespannt zu werden. Fang direkt an mit dem Sch\u00e4rfen ohne unn\u00f6tigen \u00c4rger.  <\/p>\n<p>Transformieren Sie Ihr Sch\u00e4rferlebnis mit unserem hochmodernen Werkzeug. Geben Sie sich nicht mit unterdurchschnittlichen Ergebnissen zufrieden, wenn Sie m\u00fchelos professionelle Sch\u00e4rfe erreichen k\u00f6nnen. Probier es jetzt aus und entfessle das wahre Potenzial deiner Messer!  <\/p>\n<h3>H\u00e4ufig gestellte Fragen:<\/h3>\n<h4>Wie unterscheiden sie sich von den Doppelfilet-Varianten?<\/h4>\n<p>Aufgrund des Fehlens von Federn und einer einteiligen Konstruktion wird jeglicher Spiel beseitigt.<\/p>\n<h4>Worin unterscheiden sie sich von ganzgefr\u00e4sten Klemmen?<\/h4>\n<p>Diese Klemmen haben d\u00fcnnere Klemmkinnen, die es erm\u00f6glichen, einen noch sch\u00e4rferen Winkel zu sch\u00e4rfen \u2013 bis zu 7,2<strong>\u00b0<\/strong> pro Seite (das entspricht insgesamt 14,4<strong>\u00b0<\/strong> Messerwinkel).<\/p>\n<h4>K\u00f6nnen sie in andere Systeme angepasst werden?<\/h4>\n<p>Abgesehen von TSPROF K03 k\u00f6nnen sie ohne Leistungsverlust in KADET und PIONEER eingebaut werden.<\/p>\n<p>Fragst du dich, wie man diesen perfekten 7,2\u00b0-Winkel erreicht? Es ist unm\u00f6glich, wenn: <\/p>\n<ul>\n<li>F\u00fcr Messer mit einer Wirbels\u00e4ulendicke von 1 mm und einem \u00dcberhang von 12 mm<\/li>\n<li>F\u00fcr Messer mit einer Wirbels\u00e4ulendicke von 1,5 mm und \u00dcberhang ab 16 mm<\/li>\n<li>F\u00fcr Messer mit einer Wirbels\u00e4ulendicke von 3,5 mm und einem \u00dcberhang von 23 mm<\/li>\n<\/ul>\n<p>Wir selbst f\u00fchren viel Sch\u00e4rfen durch, daher steht unser Team bereit, Sie zu beraten, wenn Sie eine Angelegenheit haben.<br \/>\nViel Spa\u00df beim Benutzen deiner scharfen Messer!<br \/>\nWir sind immer f\u00fcr dich da,<br \/>\n das 25.000-Meilen-Team!<\/p>\n","protected":false},"excerpt":{"rendered":"<p><strong>Spezifikationen der TSPROF Ganzgefr\u00e4ste Filet-Klemmen:<\/strong><\/p>\n<ul>\n<li>L\u00e4nge der Klemmen: 118 mm<\/li>\n<li>Minimaler Sch\u00e4rfwinkel: 7,2 (pro Seite)<\/li>\n<li>Empfohlene Messerl\u00e4nge: 30\u2013300 mm<\/li>\n<li>Mindestbreite eines Messers: 10 mm<\/li>\n<li>Kieferdicke: 1 mm<\/li>\n<li>Klemmbreite: 21 mm<\/li>\n<li>Maximale Wirbels\u00e4ulendicke: 3,5 mm<\/li>\n<\/ul>\n<p>Um optimale Ergebnisse zu erzielen, enth\u00e4lt das Paket 2 Klemmen und einen 2,5-mm-Schraubendreher f\u00fcr Ihre Bequemlichkeit.<\/p>\n","protected":false},"featured_media":39092,"comment_status":"open","ping_status":"closed","template":"","meta":{"_acf_changed":false,"_seopress_robots_primary_cat":"1061","_seopress_titles_title":"","_seopress_titles_desc":"","_seopress_robots_index":"","iawp_total_views":3},"product_brand":[],"product_cat":[1130,1131],"product_tag":[],"class_list":{"0":"post-39332","1":"product","2":"type-product","3":"status-publish","4":"has-post-thumbnail","6":"product_cat-sharpening-tools-equipment","7":"product_cat-accessories-for-sharpening-systems","9":"first","10":"instock","11":"taxable","12":"shipping-taxable","13":"purchasable","14":"product-type-simple"},"acf":[],"_links":{"self":[{"href":"https:\/\/25000miles.eu\/de\/wp-json\/wp\/v2\/product\/39332","targetHints":{"allow":["GET"]}}],"collection":[{"href":"https:\/\/25000miles.eu\/de\/wp-json\/wp\/v2\/product"}],"about":[{"href":"https:\/\/25000miles.eu\/de\/wp-json\/wp\/v2\/types\/product"}],"replies":[{"embeddable":true,"href":"https:\/\/25000miles.eu\/de\/wp-json\/wp\/v2\/comments?post=39332"}],"wp:featuredmedia":[{"embeddable":true,"href":"https:\/\/25000miles.eu\/de\/wp-json\/wp\/v2\/media\/39092"}],"wp:attachment":[{"href":"https:\/\/25000miles.eu\/de\/wp-json\/wp\/v2\/media?parent=39332"}],"wp:term":[{"taxonomy":"product_brand","embeddable":true,"href":"https:\/\/25000miles.eu\/de\/wp-json\/wp\/v2\/product_brand?post=39332"},{"taxonomy":"product_cat","embeddable":true,"href":"https:\/\/25000miles.eu\/de\/wp-json\/wp\/v2\/product_cat?post=39332"},{"taxonomy":"product_tag","embeddable":true,"href":"https:\/\/25000miles.eu\/de\/wp-json\/wp\/v2\/product_tag?post=39332"}],"curies":[{"name":"wp","href":"https:\/\/api.w.org\/{rel}","templated":true}]}}