{"id":41168,"date":"2025-12-04T23:50:43","date_gmt":"2025-12-04T22:50:43","guid":{"rendered":"https:\/\/25000miles.eu\/?post_type=product&#038;p=41168"},"modified":"2025-12-28T11:57:24","modified_gmt":"2025-12-28T10:57:24","slug":"venev-pegasus-cbn-doppelseitiger-diamantstein-b2-01-f150-f240-fepa-f-100","status":"publish","type":"product","link":"https:\/\/25000miles.eu\/de\/produkt\/venev-pegasus-cbn-doppelseitiger-diamantstein-b2-01-f150-f240-fepa-f-100\/","title":{"rendered":"Venev Pegasus CBN Doppelseitiger Diamantstein B2-01 (F150\/F240 FEPA-F) 100 %"},"content":{"rendered":"<p>Unser Gesch\u00e4ft ist der offizielle Vertriebspartner von &#8220;<strong>Venev Industrial Diamonds<\/strong>&#8220;. Aufgrund ihrer hohen Leistung und Haltbarkeit bieten diese Schleifmittel ein ausgezeichnetes Preis-Leistungs-Verh\u00e4ltnis. Die Wahl der richtigen K\u00f6rnung sorgt f\u00fcr ein hervorragendes, m\u00fcheloses Ergebnis, egal ob Reparatur, Nachsch\u00e4rfen oder Polieren. <\/p>\n<p>Doppelseitige Diamantstange zum Sch\u00e4rfen der Schneide. Geeignet f\u00fcr <strong>TSPROF K03 und andere Sch\u00e4rfsysteme k\u00f6nnen mit 200 mm langen Steinen ausgestattet werden.<\/strong> <\/p>\n<p>Die Schleifschicht basiert in der Mitte auf einem Aluminiumsockel. Die Dicke der Arbeitsschleifschicht betr\u00e4gt auf jeder Seite <strong>1 mm<\/strong> , was ihre Haltbarkeit gew\u00e4hrleistet. <\/p>\n<p>Alle Venev-Diamantsteine sind ab Werk mit Mikronkorn gekennzeichnet (laut GOST 9206). Zum Beispiel bedeutet &#8220;50\/40&#8221;, dass der Stein nur Diamanten im Bereich von 50 bis 40 Mikrometern enth\u00e4lt, weder gr\u00f6\u00dfer noch feiner. Wenn die Markierung &#8220;100\/80-50\/40&#8221; lautet, bedeutet das, dass eine Seite 100\/80 und die andere 50\/40 ist. Je gr\u00f6ber die Maserung, desto gr\u00f6ber das Steinwerk.   <\/p>\n<p>Zur Bequemlichkeit unserer Kunden zeigt unsere Website auch die ungef\u00e4hre Korrelation zwischen den Mikronen und dem Fepa F-Standardkorn an. Du findest es in der interaktiven Tabelle &#8220;hier&#8221;. <\/p>\n<p><strong>H\u00e4ufig gestellte Fragen:<\/strong><\/p>\n<p><strong>Was ist die Bequemlichkeit?<\/strong><\/p>\n<p>Wenn du einen Stein kaufst, hast du zwei verschiedene K\u00f6rnungen in einem. Die Breite der Stange betr\u00e4gt 35 mm, was bedeutet, dass die Arbeitsfl\u00e4che gr\u00f6\u00dfer ist als bei normalen Stangen. Das beschleunigt den Sch\u00e4rfprozess.  <\/p>\n<p><strong>Welche Fl\u00fcssigkeit sollte man verwenden?<\/strong><\/p>\n<p>Diese Steine eignen sich gut mit vielen Fl\u00fcssigkeiten:<\/p>\n<ol>\n<li>Du kannst eine Seifenwasserl\u00f6sung mit Fairy verwenden. Diese Art von Fl\u00fcssigkeit verdampft jedoch schneller als \u00f6lbasierte Fl\u00fcssigkeiten. Das erfordert h\u00e4ufigere Benutzung.<x id=\"gid_0\"><\/x>2. Reines Oliven\u00f6l. Funktioniert gut, verdampft langsamer.<br \/>\n3. Spezielle \u00d6le zum Sch\u00e4rfen.    Einschlie\u00dflich \u00f6ls\u00e4urebasierter \u00d6le.<\/li>\n<\/ol>\n<p><strong>Was bedeutet das \u2013 Abrasive Konzentration: 100 %?<\/strong><\/p>\n<p>Die Fabrik stellt Steine mit 25 %, 50 % und 100 % Getreide her, die die Bindung f\u00fcllen. Dies wirkt sich direkt auf den Preis des Steins aus. Wenn Geschwindigkeit und Verschlei\u00dffestigkeit f\u00fcr uns in den Anfangsphasen wichtig sind (in solchen F\u00e4llen empfehlen wir 100 % Konzentration), dann kann am Ende durchaus 25 % ber\u00fccksichtigt werden, um Geld zu sparen.  <\/p>\n<p><strong>Was bedeuten die Zahlen auf dem Stein 20\/14, 14\/10&#8230;&#8230;..1\/0?<\/strong><\/p>\n<p>Alle Venev-Diamantsteine sind ab Werk mit Mikronkorn gekennzeichnet (laut GOST 9206). Zum Beispiel bedeutet &#8220;50\/40&#8221;, dass der Stein nur Diamanten im Bereich von 50 bis 40 Mikrometern enth\u00e4lt, weder gr\u00f6\u00dfer noch feiner. Wenn die Markierung &#8220;100\/80-50\/40&#8221; lautet, bedeutet das, dass eine Seite 100\/80 und die andere 50\/40 ist. Je gr\u00f6ber die Maserung, desto gr\u00f6ber das Steinwerk.<br \/>\nZur Bequemlichkeit unserer Kunden zeigt unsere Website auch die ungef\u00e4hre Korrelation zwischen den Mikronen und dem Fepa F-Standardkorn an. Du findest es in der interaktiven Tabelle &#8220;hier&#8221;.<\/p>\n<p><strong>F\u00fcr welche Systeme sind sie geeignet?<\/strong><\/p>\n<p>Aufgrund des speziellen Aluminiumsockels \u2013 die meisten Systeme. <g id=\"gid_0\">TSPROF<\/g> (alle Modelle), Apex, Edge PRO, Kazak, Zhuk und andere. <\/p>\n<p>Wir selbst f\u00fchren viel Sch\u00e4rfen durch, daher steht unser Team bereit, Sie zu beraten, wenn Sie eine Angelegenheit haben.<br \/>\nViel Spa\u00df beim Benutzen deiner scharfen Messer!<br \/>\nWir sind immer f\u00fcr dich da,<br \/>\n das 25.000-Meilen-Team!<\/p>\n","protected":false},"excerpt":{"rendered":"<hr>\n<p>Wir haben uns entschieden, Steine f\u00fcr diejenigen herzustellen, die ihre Zeit am meisten sch\u00e4tzen und einen <strong>TSPROF K03<\/strong> besitzen, sowie andere Schleifsysteme k\u00f6nnen mit<strong> 200 mm <\/strong>langen Steinen ausgestattet werden<strong>. <\/strong>Seine L\u00e4nge von 200 Millimetern und eine <strong>Breite von 35<\/strong> Millimetern erm\u00f6glichen es, mit einem Schlag eine gr\u00f6\u00dfere Oberfl\u00e4che abzudecken. Das bedeutet, dass Sie wertvolle Zeit sparen. Aber wir haben nicht aufgeh\u00f6rt. Wir haben dir auch <strong>\u0421BN-Getreide<\/strong> gegeben. Es schien uns passend, das Beste mit dem Besten zu verbinden!    <\/p>\n<p>Doppelseitiger Diamantblock zum Formen, Sch\u00e4rfen und Fertigstellen der Schneidkante.<\/p>\n<p>Der Wert in <strong>Klammern <\/strong>steht f\u00fcr die Gr\u00f6\u00dfe in <strong>Mikrometern<\/strong>. Siehe die Beschreibung f\u00fcr Details.<\/p>\n<p><strong>Suitable for sharpening systems:<\/strong> TsProf K03 and other sharpening systems can be equipped with<strong> 200mm<\/strong> long stones.<\/p>\n<p><strong>Gr\u00f6\u00dfe:<\/strong> 200\u044535\u044512 mm (8&#8243;x 1 3\/8&#8243;x 1\/2&#8243;)<\/p>\n<p><strong>Streugut:<\/strong> F150\/F240 Fepa-F (100\/80 &#8211; 50\/40 Mikron)<\/p>\n<p><strong>Dicke des Schleifmittels: <\/strong> <strong>1 mm<\/strong> auf jeder Seite<\/p>\n<p><strong>Abrasive Konzentration:<\/strong> 100 %<\/p>\n<p><strong>Gruppe:<\/strong> \u04122-01<\/p>\n<p><strong>Diamantpulverqualit\u00e4t:<\/strong> CBN<\/p>\n<p><strong>Abrasiv:<\/strong> &#8220;El&#8217;bor&#8221; \u2013 kubisches Bornitrid<\/p>\n<p><strong>Marke:<\/strong> Venev Industriediamanten<\/p>\n<p><strong>Model name (to be combined into one card):<\/strong> 200x35x10x1x1mm 100%.<\/p>\n","protected":false},"featured_media":40188,"comment_status":"open","ping_status":"closed","template":"","meta":{"_acf_changed":false,"_seopress_robots_primary_cat":"1062","_seopress_titles_title":"","_seopress_titles_desc":"","_seopress_robots_index":"","iawp_total_views":0},"product_brand":[],"product_cat":[1132,1139,1141,1130,1138],"product_tag":[],"class_list":{"0":"post-41168","1":"product","2":"type-product","3":"status-publish","4":"has-post-thumbnail","6":"product_cat-hand-sharpening","7":"product_cat-hand-sharpening-stones","8":"product_cat-sharpening-system-stones","9":"product_cat-sharpening-tools-equipment","10":"product_cat-sharpening-and-finishing-stones","11":"pa_brand-venev","13":"first","14":"instock","15":"taxable","16":"shipping-taxable","17":"purchasable","18":"product-type-simple"},"acf":[],"_links":{"self":[{"href":"https:\/\/25000miles.eu\/de\/wp-json\/wp\/v2\/product\/41168","targetHints":{"allow":["GET"]}}],"collection":[{"href":"https:\/\/25000miles.eu\/de\/wp-json\/wp\/v2\/product"}],"about":[{"href":"https:\/\/25000miles.eu\/de\/wp-json\/wp\/v2\/types\/product"}],"replies":[{"embeddable":true,"href":"https:\/\/25000miles.eu\/de\/wp-json\/wp\/v2\/comments?post=41168"}],"wp:featuredmedia":[{"embeddable":true,"href":"https:\/\/25000miles.eu\/de\/wp-json\/wp\/v2\/media\/40188"}],"wp:attachment":[{"href":"https:\/\/25000miles.eu\/de\/wp-json\/wp\/v2\/media?parent=41168"}],"wp:term":[{"taxonomy":"product_brand","embeddable":true,"href":"https:\/\/25000miles.eu\/de\/wp-json\/wp\/v2\/product_brand?post=41168"},{"taxonomy":"product_cat","embeddable":true,"href":"https:\/\/25000miles.eu\/de\/wp-json\/wp\/v2\/product_cat?post=41168"},{"taxonomy":"product_tag","embeddable":true,"href":"https:\/\/25000miles.eu\/de\/wp-json\/wp\/v2\/product_tag?post=41168"}],"curies":[{"name":"wp","href":"https:\/\/api.w.org\/{rel}","templated":true}]}}