{"id":41179,"date":"2025-12-05T01:13:30","date_gmt":"2025-12-05T00:13:30","guid":{"rendered":"https:\/\/25000miles.eu\/?post_type=product&#038;p=41179"},"modified":"2025-12-28T11:57:32","modified_gmt":"2025-12-28T10:57:32","slug":"venev-dragon-cbn-doppelseitiger-diamantstein-f1200-f2000-fepa-f-100","status":"publish","type":"product","link":"https:\/\/25000miles.eu\/de\/produkt\/venev-dragon-cbn-doppelseitiger-diamantstein-f1200-f2000-fepa-f-100\/","title":{"rendered":"Venev Dragon CBN Doppelseitiger Diamantstein (F1200\/F2000 FEPA-F) 100%"},"content":{"rendered":"<p>Unser Gesch\u00e4ft ist der offizielle Vertriebspartner von &#8220;Venev Industrial Diamonds&#8221;. Aufgrund ihrer hohen Leistung und Haltbarkeit bieten diese Schleifmittel ein ausgezeichnetes Preis-Leistungs-Verh\u00e4ltnis. Die Wahl der richtigen K\u00f6rnung sorgt f\u00fcr ein hervorragendes, m\u00fcheloses Ergebnis, egal ob Reparatur, Nachsch\u00e4rfen oder Polieren. <\/p>\n<p>Die Schleifschicht basiert in der Mitte auf einem Aluminiumsockel. Die Dicke der Arbeitsschleifschicht betr\u00e4gt auf jeder Seite<strong> 2 mm <\/strong>, was eine lange Lebensdauer gew\u00e4hrleistet. <\/p>\n<p>Wir verkaufen und arbeiten seit mehreren Jahren selbst mit ihnen zusammen, und die Ergebnisse haben unsere Erwartungen \u00fcbertroffen. Es ist wahrscheinlich einer der besten Finish- und Polierbinden, die wir je gesehen haben. <\/p>\n<p>Aufpassen. Dieser Bindemittel ist weicher als B2-01 und kann an der Messerspitze zerkratzt werden, wenn man beim Sch\u00e4rfen nachl\u00e4ssig ist. <\/p>\n<h3>H\u00e4ufig gestellte Fragen:<\/h3>\n<h4>Was ist die Bequemlichkeit?<\/h4>\n<p>Wenn du einen Stein kaufst, hast du zwei verschiedene K\u00f6rnungen in einem. Aufgrund ihrer beeindruckenden Gr\u00f6\u00dfe eignen sich die Steine dieser Serie perfekt zum Handsch\u00e4rfen. Sogar gro\u00dfe und lange Jagd- oder K\u00fcchenmesser k\u00f6nnen heute bequem gesch\u00e4rft werden.  <\/p>\n<h4>Welche Fl\u00fcssigkeit sollte man verwenden?<\/h4>\n<p>Diese Steine eignen sich gut mit vielen Fl\u00fcssigkeiten:<\/p>\n<ol>\n<li>Du kannst eine Seifenwasserl\u00f6sung mit Fairy verwenden. Diese Art von Fl\u00fcssigkeit verdampft jedoch schneller als \u00f6lbasierte Fl\u00fcssigkeiten. Das erfordert h\u00e4ufigere Benutzung.<\/li>\n<li>Reines Oliven\u00f6l. Funktioniert gut, verdampft langsamer. <\/li>\n<li>Spezielle \u00d6le zum Sch\u00e4rfen. Einschlie\u00dflich \u00f6ls\u00e4urebasierter \u00d6le.<\/li>\n<\/ol>\n<h4>Was bedeutet das \u2013 Abrasive Konzentration: <strong>100 %?<\/strong><\/h4>\n<p>Die Fabrik stellt Steine mit 25 %, 50 % und 100 % Getreide her, die die Bindung f\u00fcllen. Dies wirkt sich direkt auf den Preis des Steins aus. Wenn Geschwindigkeit und Verschlei\u00dffestigkeit f\u00fcr uns in den Anfangsphasen wichtig sind (in solchen F\u00e4llen empfehlen wir 100 % Konzentration), dann kann am Ende durchaus 25 % ber\u00fccksichtigt werden, um Geld zu sparen.  <\/p>\n<h4>Was bedeuten die Zahlen auf dem Stein 20\/14, 14\/10&#8230;&#8230;..1\/0?<\/h4>\n<p>Alle Venev-Diamantsteine sind ab Werk mit Mikronkorn gekennzeichnet (laut GOST 9206). Zum Beispiel bedeutet &#8220;50\/40&#8221;, dass der Stein nur Diamanten im Bereich von 50 bis 40 Mikrometern enth\u00e4lt, weder gr\u00f6\u00dfer noch feiner. Wenn die Markierung &#8220;100\/80-50\/40&#8221; lautet, bedeutet das, dass eine Seite 100\/80 und die andere 50\/40 ist. Je gr\u00f6ber die Maserung, desto gr\u00f6ber das Steinwerk.<br \/>\nZur Bequemlichkeit unserer Kunden zeigt unsere Website auch die ungef\u00e4hre Korrelation zwischen den Mikronen und dem Fepa F-Standardkorn an. Sie finden sie in der interaktiven <strong><span class=\"grit-popup-click\" style=\"color: var(--primary); cursor: pointer;\">Tabelle hier<\/span><\/strong>.<\/p>\n<p>Wir selbst f\u00fchren viel Sch\u00e4rfen durch, daher steht unser Team bereit, Sie zu beraten, wenn Sie eine Angelegenheit haben.<br \/>\nViel Spa\u00df beim Benutzen deiner scharfen Messer!<\/p>\n<p>Wir sind immer f\u00fcr dich da,<br \/>\n das 25.000-Meilen-Team!<\/p>\n","protected":false},"excerpt":{"rendered":"<p><strong>Drache<\/strong> Doppelseitiger Diamantblock zum Formen, Sch\u00e4rfen und Fertigstellen der Schneidkante. <strong>\u0421BN<\/strong> Getreide. <strong>2-mm-Schicht<\/strong> Noch mehr Ressourcen und ein Stahlkern f\u00fcr perfekte Geometrie. Es schien uns passend, das Beste mit dem Besten zu verbinden! <\/p>\n<p>Der Wert in <strong>Klammern <\/strong>steht f\u00fcr die Gr\u00f6\u00dfe in <strong>Mikrometern<\/strong>. Siehe die Beschreibung f\u00fcr Details.<\/p>\n<ul>\n<li><strong>Gr\u00f6\u00dfe:<\/strong> 200\u044583\u044512 mm (8&#8243; x 31\/4&#8243; x 3\/8&#8243;)<\/li>\n<li><strong>Streugut:<\/strong> F1200\/F2000 Fepa-F (3\/2 &#8211; 1\/0 Mikron)<\/li>\n<li><strong>Dicke des Schleifmittels: <\/strong> <strong>2 mm<\/strong> auf jeder Seite<\/li>\n<li><strong>Abrasive Konzentration:<\/strong> 100 %<\/li>\n<li><strong>Traube:<\/strong> B2-01<\/li>\n<li><strong>Diamantpulverqualit\u00e4t:<\/strong> CBN<\/li>\n<li><strong>Abrasiv:<\/strong> &#8220;El&#8217;bor&#8221; \u2013 kubisches Bornitrid<\/li>\n<li><strong>Marke:<\/strong> Venev Industriediamanten<\/li>\n<li><strong>Modellname (zu einer Karte zusammenfassen): <\/strong>&#8220;Dragon&#8221; 200x83x12x2x2mm 100%.<\/li>\n<\/ul>\n","protected":false},"featured_media":40140,"comment_status":"open","ping_status":"closed","template":"","meta":{"_acf_changed":false,"_seopress_robots_primary_cat":"135","_seopress_titles_title":"","_seopress_titles_desc":"","_seopress_robots_index":"","iawp_total_views":2},"product_brand":[],"product_cat":[1132,1139,1130,1138],"product_tag":[],"class_list":{"0":"post-41179","1":"product","2":"type-product","3":"status-publish","4":"has-post-thumbnail","6":"product_cat-hand-sharpening","7":"product_cat-hand-sharpening-stones","8":"product_cat-sharpening-tools-equipment","9":"product_cat-sharpening-and-finishing-stones","10":"pa_brand-venev","12":"first","13":"instock","14":"taxable","15":"shipping-taxable","16":"purchasable","17":"product-type-simple"},"acf":[],"_links":{"self":[{"href":"https:\/\/25000miles.eu\/de\/wp-json\/wp\/v2\/product\/41179","targetHints":{"allow":["GET"]}}],"collection":[{"href":"https:\/\/25000miles.eu\/de\/wp-json\/wp\/v2\/product"}],"about":[{"href":"https:\/\/25000miles.eu\/de\/wp-json\/wp\/v2\/types\/product"}],"replies":[{"embeddable":true,"href":"https:\/\/25000miles.eu\/de\/wp-json\/wp\/v2\/comments?post=41179"}],"wp:featuredmedia":[{"embeddable":true,"href":"https:\/\/25000miles.eu\/de\/wp-json\/wp\/v2\/media\/40140"}],"wp:attachment":[{"href":"https:\/\/25000miles.eu\/de\/wp-json\/wp\/v2\/media?parent=41179"}],"wp:term":[{"taxonomy":"product_brand","embeddable":true,"href":"https:\/\/25000miles.eu\/de\/wp-json\/wp\/v2\/product_brand?post=41179"},{"taxonomy":"product_cat","embeddable":true,"href":"https:\/\/25000miles.eu\/de\/wp-json\/wp\/v2\/product_cat?post=41179"},{"taxonomy":"product_tag","embeddable":true,"href":"https:\/\/25000miles.eu\/de\/wp-json\/wp\/v2\/product_tag?post=41179"}],"curies":[{"name":"wp","href":"https:\/\/api.w.org\/{rel}","templated":true}]}}