{"id":41180,"date":"2025-12-05T21:52:53","date_gmt":"2025-12-05T20:52:53","guid":{"rendered":"https:\/\/25000miles.eu\/?post_type=product&#038;p=41180"},"modified":"2025-12-28T11:57:32","modified_gmt":"2025-12-28T10:57:32","slug":"venev-diamond-bar-orion-cbn-serie-f80-fepa-f-100","status":"publish","type":"product","link":"https:\/\/25000miles.eu\/de\/produkt\/venev-diamond-bar-orion-cbn-serie-f80-fepa-f-100\/","title":{"rendered":"Venev Diamond Bar &#8220;Orion&#8221; CBN-Serie (F80 Fepa-F) 100%"},"content":{"rendered":"<p>Unser Gesch\u00e4ft ist der offizielle Vertriebspartner von &#8220;Venev Industrial Diamonds&#8221;. Aufgrund ihrer hohen Leistung und Haltbarkeit bieten diese Schleifmittel ein ausgezeichnetes Preis-Leistungs-Verh\u00e4ltnis. Die Wahl der richtigen K\u00f6rnung sorgt f\u00fcr ein hervorragendes, m\u00fcheloses Ergebnis, egal ob Reparatur, Nachsch\u00e4rfen oder Polieren. <\/p>\n<p>Die Basis f\u00fcr die Schleifschicht ist ein <strong>Aluminiumrohstoff<\/strong>. Das erm\u00f6glicht es, den Stein sicher in den meisten Schleifsystemen der Welt zu montieren. Die Dicke der Arbeitsschleifschicht von <strong>3 mm<\/strong> gew\u00e4hrleistet ihre Haltbarkeit.  <\/p>\n<div class=\"product-properties\">\n<p>Alle Venev-Diamantsteine sind ab Werk mit Mikronkorn gekennzeichnet (laut GOST 9206). Zum Beispiel bedeutet &#8220;50\/40&#8221;, dass der Stein nur Diamanten im Bereich von 50 bis 40 Mikrometern enth\u00e4lt, weder gr\u00f6\u00dfer noch feiner. Wenn die Markierung &#8220;100\/80-50\/40&#8221; lautet, bedeutet das, dass eine Seite 100\/80 und die andere 50\/40 ist. Je gr\u00f6ber die Maserung, desto gr\u00f6ber das Steinwerk.   <\/p>\n<p>Zur Bequemlichkeit unserer Kunden zeigt unsere Website auch die ungef\u00e4hre Korrelation zwischen den Mikronen und dem Fepa F-Standardkorn an. Sie finden sie in der interaktiven <strong><span class=\"grit-popup-click\" style=\"color: var(--primary); cursor: pointer;\">Tabelle hier<\/span><\/strong>. <\/p>\n<p>Wir selbst f\u00fchren viel Sch\u00e4rfen durch, daher steht unser Team bereit, Sie zu beraten, wenn Sie eine Angelegenheit haben.<\/p>\n<p>Viel Spa\u00df beim Benutzen deiner scharfen Messer!<\/p>\n<p>Ich bin immer f\u00fcr dich da,<\/p>\n<p>Das 25.000-Meilen-Team!<\/p>\n","protected":false},"excerpt":{"rendered":"<p>Einseitiger Diamantblock zum Formen, Sch\u00e4rfen und Fertigstellen der Schneidkante. <strong>\u0421BN-Getreide<\/strong><\/p>\n<p>Der Wert in <strong>Klammern <\/strong>steht f\u00fcr die Gr\u00f6\u00dfe in <strong>Mikrometern<\/strong>. Siehe die Beschreibung f\u00fcr Details.<\/p>\n<p>Geeignet f\u00fcr Sch\u00e4rfsysteme: <strong>TsProf (K03, Kadet, Blitz, Pioneer), Kazak, Apex Edge Pro<\/strong> und Nachbildungen.<\/p>\n<div class=\"product-properties\">\n<ul>\n<li><strong>Gr\u00f6\u00dfe:<\/strong> 150\u044525\u04456 mm (6&#8243;x1&#8243;x1&#8243;1\/4&#8243;)<\/li>\n<li><strong>Dicke der Arbeitsschicht:<\/strong> 3 mm.<\/li>\n<li><strong>Streugut:<\/strong> F80 Fepa-F (200\/160 Mikron)<\/li>\n<li><strong>Abrasive Konzentration:<\/strong> 100 %<\/li>\n<li><strong>Anleihenqualit\u00e4t:<\/strong> B2-01<\/li>\n<li><strong>Diamantpulverqualit\u00e4t:<\/strong> CBN<\/li>\n<li><strong>Abrasiv:<\/strong> &#8220;El&#8217;bor&#8221; \u2013 kubisches Bornitrid<\/li>\n<li><strong>Modellname<\/strong> (zu einer Karte zusammengefasst): &#8220;Orion&#8221; CBN 150x25x6mm B2-01 (100%).<\/li>\n<\/ul>\n<\/div>\n","protected":false},"featured_media":38685,"comment_status":"open","ping_status":"closed","template":"","meta":{"_acf_changed":false,"_seopress_robots_primary_cat":"none","_seopress_titles_title":"","_seopress_titles_desc":"","_seopress_robots_index":"","iawp_total_views":1},"product_brand":[1271],"product_cat":[1141,1130,1138],"product_tag":[],"class_list":{"0":"post-41180","1":"product","2":"type-product","3":"status-publish","4":"has-post-thumbnail","6":"product_brand-venev-industrial-diamonds","7":"product_cat-sharpening-system-stones","8":"product_cat-sharpening-tools-equipment","9":"product_cat-sharpening-and-finishing-stones","10":"pa_brand-venev","12":"first","13":"instock","14":"taxable","15":"shipping-taxable","16":"purchasable","17":"product-type-simple"},"acf":[],"_links":{"self":[{"href":"https:\/\/25000miles.eu\/de\/wp-json\/wp\/v2\/product\/41180","targetHints":{"allow":["GET"]}}],"collection":[{"href":"https:\/\/25000miles.eu\/de\/wp-json\/wp\/v2\/product"}],"about":[{"href":"https:\/\/25000miles.eu\/de\/wp-json\/wp\/v2\/types\/product"}],"replies":[{"embeddable":true,"href":"https:\/\/25000miles.eu\/de\/wp-json\/wp\/v2\/comments?post=41180"}],"wp:featuredmedia":[{"embeddable":true,"href":"https:\/\/25000miles.eu\/de\/wp-json\/wp\/v2\/media\/38685"}],"wp:attachment":[{"href":"https:\/\/25000miles.eu\/de\/wp-json\/wp\/v2\/media?parent=41180"}],"wp:term":[{"taxonomy":"product_brand","embeddable":true,"href":"https:\/\/25000miles.eu\/de\/wp-json\/wp\/v2\/product_brand?post=41180"},{"taxonomy":"product_cat","embeddable":true,"href":"https:\/\/25000miles.eu\/de\/wp-json\/wp\/v2\/product_cat?post=41180"},{"taxonomy":"product_tag","embeddable":true,"href":"https:\/\/25000miles.eu\/de\/wp-json\/wp\/v2\/product_tag?post=41180"}],"curies":[{"name":"wp","href":"https:\/\/api.w.org\/{rel}","templated":true}]}}