{"id":41189,"date":"2025-12-06T23:05:16","date_gmt":"2025-12-06T22:05:16","guid":{"rendered":"https:\/\/25000miles.eu\/?post_type=product&#038;p=41189"},"modified":"2025-12-28T11:58:15","modified_gmt":"2025-12-28T10:58:15","slug":"tsprof-alpha-set-von-harz-diamant-schaerfsteinen-6-sd126-sd3-120-11000-mesh-koernung-7-stueck","status":"publish","type":"product","link":"https:\/\/25000miles.eu\/de\/produkt\/tsprof-alpha-set-von-harz-diamant-schaerfsteinen-6-sd126-sd3-120-11000-mesh-koernung-7-stueck\/","title":{"rendered":"TSPROF Alpha Set von Harz-Diamant-Sch\u00e4rfsteinen 6&#8243;, SD126-SD3, 120 \u2014 11000 Mesh K\u00f6rnung (7 St\u00fcck)"},"content":{"rendered":"<p>Unser Gesch\u00e4ft ist der offizielle Vertriebspartner von &#8220;TSPROF&#8221;. <strong>TSPROF Alpha<\/strong> sind einzigartige Diamant-Schleifsteine mit Gummibindung, die eine unglaublich saubere Leistung liefern. Nach umfangreichen Tests erreichte TSPROF das perfekte Gleichgewicht zwischen dem Bindungsmaterial und der optimalen Konzentration abrasiver Partikel. Daher funktionieren TSPROF Alpha-Steine sehr sauber und haben die h\u00f6chste Verschlei\u00dffestigkeit. Falls Sie sich jemals gefragt haben, wie Sie Ihr Lieblingsmesser aus hartem Stahl sch\u00e4rfen sollten: TSPROF Alpha Diamantsteine halten jeden Stahl bis zu 70 HRC H\u00e4rte problemlos aus. Jeder Stein wird gr\u00fcndlich vorbereitet und muss nicht ausgepackt werden, wodurch minimale Dickenunterschiede innerhalb von \u00b10,1 mm gew\u00e4hrleistet werden und sofortige Verwendung direkt nach der Verpackung m\u00f6glich ist. Zur sicheren Befestigung im Halter werden TSPROF Alpha Schleifmittel auf ein Aluminiumrohling mit 45 Kanten geklebt. Eine Abrasionsschicht von <strong>3 mm<\/strong> gew\u00e4hrleistet ihre Haltbarkeit. Die Steine werden in einzelnen Blisterpackungen verpackt, um einen sicheren Transport zu gew\u00e4hrleisten. Aufgrund der Produktionsdetails k\u00f6nnen Breite und L\u00e4nge des Schleifmittels bis zu 5 % von den in der Beschreibung angegebenen Werten abweichen. <strong>Das Set enth\u00e4lt: <\/strong><\/p>\n<ul>\n<li>TSPROF Alpha SD126 125\/100 (<strong>120<\/strong> Mesh <strong>K\u00f6rnung<\/strong>) \u2013 f\u00fcr das Erstschleifen, das Einstellen des Winkels und das Profilieren der Schneidkanten.<\/li>\n<li>TSPROF Alpha SD81 80\/63 (<strong>180 <\/strong>Mesh <strong>K\u00f6rnung<\/strong>) \u2013 f\u00fcr grobe Sch\u00e4rfung.<\/li>\n<li>TSPROF Alpha SD41 40\/28 (<strong>360 <\/strong>Mesh <strong>K\u00f6rnung<\/strong>) \u2013 f\u00fcr die Hauptsch\u00e4rfungsphase.<\/li>\n<li>TSPROF Alpha SD21 20\/14 (<strong>1000 <\/strong>Mesh <strong>K\u00f6rnung<\/strong>) \u2013 f\u00fcr die Hauptschleifphase.<\/li>\n<li>TSPROF Alpha SD11 10\/7 (<strong>2000 <\/strong>Mesh <strong>Grit)<\/strong> \u2013 zum Vorfinishen.<\/li>\n<li>TSPROF Alpha SD6 5\/3 (<strong>5000 <\/strong>Mesh <strong>K\u00f6rnung<\/strong>) \u2013 zum Finishen.<\/li>\n<li>TSPROF Alpha SD3 2\/1 (<strong>11000 <\/strong>Mesh <strong>K\u00f6rnung<\/strong>) \u2013 zum Nacharbeiten und Polieren.<\/li>\n<\/ul>\n<p><strong>FAQ:<\/strong> <strong>Womit funktionieren die Steine gut?<\/strong> Sie funktionieren gut mit \u00d6l, einschlie\u00dflich des propriet\u00e4ren \u00d6ls von TSPROF auf Basis von \u00d6ls\u00e4ure. <strong>Wie benutzt man sie?<\/strong> Wichtig! Die Bindung ist weich. Es kann leicht besch\u00e4digt werden. Sogar ein gro\u00dfer Grat kann ihn besch\u00e4digen. Vermeiden Sie es, starken Druck auf das Schleifmittel auszu\u00fcben. Insgesamt solltest du sorgf\u00e4ltig arbeiten, und die Steine werden dich mit hervorragenden Ergebnissen belohnen.      <strong>F\u00fcr welche Systeme sind sie geeignet?<\/strong> Aufgrund des speziellen Aluminiumsockels \u2013 die meisten Systeme. <g id=\"gid_0\">TSPROF<\/g> (alle Modelle), Apex, Edge PRO, Kazak, Zhuk und andere.  Wir selbst f\u00fchren viel Sch\u00e4rfen durch, daher steht unser Team bereit, Sie zu beraten, wenn Sie eine Angelegenheit haben. Viel Spa\u00df beim Benutzen deiner scharfen Messer! Wir sind immer f\u00fcr euch da, das 25.000-Meilen-Team!<\/p>\n","protected":false},"excerpt":{"rendered":"<p><strong>TSPROF Alpha<\/strong> sind einzigartige Diamant-Schleifsteine mit Gummibindung, die eine unglaublich saubere Leistung liefern. Siehe die Beschreibung f\u00fcr Details. Geeignet f\u00fcr Sch\u00e4rfsysteme: TsProf (K03, Kadet, Blitz, Pioneer), Kazak, Apex Edge Pro und Nachbauten.<\/p>\n<ul>\n<li><strong>Gr\u00f6\u00dfe:<\/strong> 150\u044525&#215;6 mm (6&#8243;x1&#8243;x1\/4&#8243;)<\/li>\n<li><strong>Anzahl der Takte in einem Set:<\/strong> 7 St\u00fcck.<\/li>\n<li><strong>Dicke der Arbeitsschicht:<\/strong> 3 mm.<\/li>\n<li><strong>Streugut:<\/strong> Von 125\/100 (120 Mesh) bis 2\/1 (11000 Mesh) K\u00f6rnung. Siehe die vollst\u00e4ndige Liste der Grits in der untenstehenden Beschreibung. <\/li>\n<li><strong>Abrasive Konzentration:<\/strong> 100 %<\/li>\n<li><strong>Anleihenqualit\u00e4t:<\/strong> Harz<\/li>\n<li><strong>Abrasiv:<\/strong> k\u00fcnstliche Diamanten<\/li>\n<li><strong>Marke:<\/strong> TSPROF<\/li>\n<li><strong>Modellname (zu einer Karte zusammenfassen):<\/strong> Alpha Set SD126-SD3<\/li>\n<\/ul>\n","protected":false},"featured_media":40334,"comment_status":"open","ping_status":"closed","template":"","meta":{"_acf_changed":false,"_seopress_robots_primary_cat":"none","_seopress_titles_title":"","_seopress_titles_desc":"","_seopress_robots_index":"","iawp_total_views":10},"product_brand":[1272],"product_cat":[1141,1130,1138],"product_tag":[],"class_list":{"0":"post-41189","1":"product","2":"type-product","3":"status-publish","4":"has-post-thumbnail","6":"product_brand-tsprof","7":"product_cat-sharpening-system-stones","8":"product_cat-sharpening-tools-equipment","9":"product_cat-sharpening-and-finishing-stones","11":"first","12":"instock","13":"taxable","14":"shipping-taxable","15":"purchasable","16":"product-type-simple"},"acf":[],"_links":{"self":[{"href":"https:\/\/25000miles.eu\/de\/wp-json\/wp\/v2\/product\/41189","targetHints":{"allow":["GET"]}}],"collection":[{"href":"https:\/\/25000miles.eu\/de\/wp-json\/wp\/v2\/product"}],"about":[{"href":"https:\/\/25000miles.eu\/de\/wp-json\/wp\/v2\/types\/product"}],"replies":[{"embeddable":true,"href":"https:\/\/25000miles.eu\/de\/wp-json\/wp\/v2\/comments?post=41189"}],"wp:featuredmedia":[{"embeddable":true,"href":"https:\/\/25000miles.eu\/de\/wp-json\/wp\/v2\/media\/40334"}],"wp:attachment":[{"href":"https:\/\/25000miles.eu\/de\/wp-json\/wp\/v2\/media?parent=41189"}],"wp:term":[{"taxonomy":"product_brand","embeddable":true,"href":"https:\/\/25000miles.eu\/de\/wp-json\/wp\/v2\/product_brand?post=41189"},{"taxonomy":"product_cat","embeddable":true,"href":"https:\/\/25000miles.eu\/de\/wp-json\/wp\/v2\/product_cat?post=41189"},{"taxonomy":"product_tag","embeddable":true,"href":"https:\/\/25000miles.eu\/de\/wp-json\/wp\/v2\/product_tag?post=41189"}],"curies":[{"name":"wp","href":"https:\/\/api.w.org\/{rel}","templated":true}]}}