{"id":41191,"date":"2025-12-07T00:19:52","date_gmt":"2025-12-06T23:19:52","guid":{"rendered":"https:\/\/25000miles.eu\/?post_type=product&#038;p=41191"},"modified":"2025-12-28T11:58:23","modified_gmt":"2025-12-28T10:58:23","slug":"tsprof-alpha-set-von-harz-diamantschleifsteinen-6-sd61-sd4-240-9000-mesh-koernung-5-pc","status":"publish","type":"product","link":"https:\/\/25000miles.eu\/de\/produkt\/tsprof-alpha-set-von-harz-diamantschleifsteinen-6-sd61-sd4-240-9000-mesh-koernung-5-pc\/","title":{"rendered":"TSPROF Alpha Set von Harz-Diamantschleifsteinen, 6&#8243;, SD61 \u2014 SD4, 240 \u2014 9000 Mesh K\u00f6rnung (5 PC)"},"content":{"rendered":"<p>Unser Gesch\u00e4ft ist der offizielle Vertriebspartner von &#8220;TSPROF&#8221;.<\/p>\n<p><strong>TSPROF Alpha<\/strong> sind einzigartige Diamant-Schleifsteine mit Gummibindung, die eine unglaublich saubere Leistung liefern. Nach umfangreichen Tests erreichte TSPROF das perfekte Gleichgewicht zwischen dem Bindungsmaterial und der optimalen Konzentration abrasiver Partikel. Daher funktionieren TSPROF Alpha-Steine sehr sauber und haben die h\u00f6chste Verschlei\u00dffestigkeit. Falls Sie sich jemals gefragt haben, wie Sie Ihr Lieblingsmesser aus hartem Stahl sch\u00e4rfen sollten: TSPROF Alpha Diamantsteine halten jeden Stahl bis zu 70 HRC H\u00e4rte problemlos aus. Jeder Stein wird gr\u00fcndlich vorbereitet und muss nicht ausgepackt werden, wodurch minimale Dickenunterschiede innerhalb von \u00b10,1 mm gew\u00e4hrleistet werden und sofortige Verwendung direkt nach der Verpackung m\u00f6glich ist. Zur sicheren Befestigung im Halter werden TSPROF Alpha Schleifmittel auf ein Aluminiumrohling mit 45 Kanten geklebt. Eine Abrasionsschicht von <strong>3 mm<\/strong> gew\u00e4hrleistet ihre Haltbarkeit. Die Steine werden in einzelnen Blisterpackungen verpackt, um einen sicheren Transport zu gew\u00e4hrleisten. Due to production specifics, the width and length of the abrasive may vary up to 5% from the values stated in the description.<\/p>\n<p><strong>Das Set enth\u00e4lt: <\/strong><\/p>\n<ul>\n<li>TSPROF Alpha SD61 60\/40 (<strong>240 <\/strong>Mesh <strong>K\u00f6rnung<\/strong>) \u2013 f\u00fcr die Hauptschleifphase.<\/li>\n<li>TSPROF Alpha SD29 28\/20 (<strong>600 <\/strong>Mesh <strong>K\u00f6rnung<\/strong>) \u2013 f\u00fcr die Hauptschleifphase.<\/li>\n<li>TSPROF Alpha SD15 14\/10 (<strong>1500 <\/strong>Mesh <strong>K\u00f6rnung<\/strong>) \u2013 zum Vorfinishen.<\/li>\n<li>TSPROF Alpha SD8 7\/5 (<strong>3000 <\/strong>Mesh <strong>K\u00f6rnung<\/strong>) \u2013 zum Nachbeen.<\/li>\n<li>TSPROF Alpha SD4 3\/2 (<strong>9000 <\/strong>Mesh <strong>K\u00f6rnung<\/strong>) \u2013 zum Finishen und Polieren.<\/li>\n<\/ul>\n<p><strong>FAQ:<\/strong> <strong>Womit funktionieren die Steine gut?<\/strong><\/p>\n<p>Sie funktionieren gut mit \u00d6l, einschlie\u00dflich des propriet\u00e4ren \u00d6ls von TSPROF auf Basis von \u00d6ls\u00e4ure.<\/p>\n<p><strong>Wie benutzt man sie?<\/strong><\/p>\n<p>Wichtig! Die Bindung ist weich. Es kann leicht besch\u00e4digt werden. Sogar ein gro\u00dfer Grat kann ihn besch\u00e4digen. Vermeiden Sie es, starken Druck auf das Schleifmittel auszu\u00fcben. Insgesamt solltest du sorgf\u00e4ltig arbeiten, und die Steine werden dich mit hervorragenden Ergebnissen belohnen.     <\/p>\n<p><strong>F\u00fcr welche Systeme sind sie geeignet?<\/strong><\/p>\n<p>Aufgrund des speziellen Aluminiumsockels \u2013 die meisten Systeme. <g id=\"gid_0\">TSPROF<\/g> (alle Modelle), Apex, Edge PRO, Kazak, Zhuk und andere. <\/p>\n<p>Wir selbst f\u00fchren viel Sch\u00e4rfen durch, daher steht unser Team bereit, Sie zu beraten, wenn Sie eine Angelegenheit haben.<br \/>\nViel Spa\u00df beim Benutzen deiner scharfen Messer!<br \/>\nWir sind immer f\u00fcr dich da,<br \/>\n das 25.000-Meilen-Team!<\/p>\n","protected":false},"excerpt":{"rendered":"<p><strong>TSPROF Alpha<\/strong> sind einzigartige Diamant-Schleifsteine mit Gummibindung, die eine unglaublich saubere Leistung liefern. Siehe die Beschreibung f\u00fcr Details. Geeignet f\u00fcr Sch\u00e4rfsysteme: TsProf (K03, Kadet, Blitz, Pioneer), Kazak, Apex Edge Pro und Nachbauten.<\/p>\n<ul>\n<li><strong>Gr\u00f6\u00dfe:<\/strong> 150\u044525&#215;6 mm (6&#8243;x1&#8243;x1\/4&#8243;)<\/li>\n<li><strong>Anzahl der Balken in einem Set:<\/strong> 5 St\u00fcck.<\/li>\n<li><strong>Dicke der Arbeitsschicht:<\/strong> 3 mm.<\/li>\n<li><strong>Streugut:<\/strong> Von 60\/40 (240 Mesh) bis 3\/2 (9000 Mesh) K\u00f6rnung. Siehe die vollst\u00e4ndige Liste der Grits in der untenstehenden Beschreibung. <\/li>\n<li><strong>Abrasive Konzentration:<\/strong> 100 %<\/li>\n<li><strong>Anleihenqualit\u00e4t:<\/strong> Harz<\/li>\n<li><strong>Abrasiv:<\/strong> k\u00fcnstliche Diamanten<\/li>\n<li><strong>Marke:<\/strong> TSPROF<\/li>\n<li><strong>Modellname (zu einer Karte zusammenfassen):<\/strong> Alpha Set SD61 &#8211; SD4<\/li>\n<\/ul>\n","protected":false},"featured_media":40894,"comment_status":"open","ping_status":"closed","template":"","meta":{"_acf_changed":false,"_seopress_robots_primary_cat":"1062","_seopress_titles_title":"","_seopress_titles_desc":"","_seopress_robots_index":"","iawp_total_views":8},"product_brand":[1272],"product_cat":[1141,1130,1138],"product_tag":[],"class_list":{"0":"post-41191","1":"product","2":"type-product","3":"status-publish","4":"has-post-thumbnail","6":"product_brand-tsprof","7":"product_cat-sharpening-system-stones","8":"product_cat-sharpening-tools-equipment","9":"product_cat-sharpening-and-finishing-stones","10":"pa_brand-tsprof","12":"first","13":"instock","14":"taxable","15":"shipping-taxable","16":"purchasable","17":"product-type-simple"},"acf":[],"_links":{"self":[{"href":"https:\/\/25000miles.eu\/de\/wp-json\/wp\/v2\/product\/41191","targetHints":{"allow":["GET"]}}],"collection":[{"href":"https:\/\/25000miles.eu\/de\/wp-json\/wp\/v2\/product"}],"about":[{"href":"https:\/\/25000miles.eu\/de\/wp-json\/wp\/v2\/types\/product"}],"replies":[{"embeddable":true,"href":"https:\/\/25000miles.eu\/de\/wp-json\/wp\/v2\/comments?post=41191"}],"wp:featuredmedia":[{"embeddable":true,"href":"https:\/\/25000miles.eu\/de\/wp-json\/wp\/v2\/media\/40894"}],"wp:attachment":[{"href":"https:\/\/25000miles.eu\/de\/wp-json\/wp\/v2\/media?parent=41191"}],"wp:term":[{"taxonomy":"product_brand","embeddable":true,"href":"https:\/\/25000miles.eu\/de\/wp-json\/wp\/v2\/product_brand?post=41191"},{"taxonomy":"product_cat","embeddable":true,"href":"https:\/\/25000miles.eu\/de\/wp-json\/wp\/v2\/product_cat?post=41191"},{"taxonomy":"product_tag","embeddable":true,"href":"https:\/\/25000miles.eu\/de\/wp-json\/wp\/v2\/product_tag?post=41191"}],"curies":[{"name":"wp","href":"https:\/\/api.w.org\/{rel}","templated":true}]}}