{"id":41193,"date":"2025-12-07T14:04:15","date_gmt":"2025-12-07T13:04:15","guid":{"rendered":"https:\/\/25000miles.eu\/?post_type=product&#038;p=41193"},"modified":"2025-12-28T11:57:40","modified_gmt":"2025-12-28T10:57:40","slug":"venev-ursa-set-2-3-teile","status":"publish","type":"product","link":"https:\/\/25000miles.eu\/de\/produkt\/venev-ursa-set-2-3-teile\/","title":{"rendered":"Venev Ursa Set #2 (3 Teile)"},"content":{"rendered":"<p>Unser Gesch\u00e4ft ist der offizielle Vertriebspartner von &#8220;Venev Industrial Diamonds&#8221;. Aufgrund ihrer hohen Leistung und Haltbarkeit bieten diese Schleifmittel ein ausgezeichnetes Preis-Leistungs-Verh\u00e4ltnis. Die Wahl der richtigen K\u00f6rnung sorgt f\u00fcr ein hervorragendes, m\u00fcheloses Ergebnis, egal ob Reparatur, Nachsch\u00e4rfen oder Polieren. <\/p>\n<p>Doppelseitige Diamantstange zum Sch\u00e4rfen der Schneide. Geeignet f\u00fcr TSPROF, Zhuk, Apex Edge Pro und deren Nachbildungen. <\/p>\n<p>Modifiziertes <strong>OSB-B\u00fcndel<\/strong> . Doppelseitiger Diamantstab zum Polieren der Schneidkante. Geeignet f\u00fcr TSPROF, Zhuk, Apex Edge Pro und deren Nachbildungen. <\/p>\n<p>Im Schleifmittel des Steins ist kein Borkarbid enthalten, was das Mahlen allein mit Diamantpulver erm\u00f6glicht. Dadurch wird der Effekt von Borkarbidpartikeln auf das Mahlen eliminiert, die die Fabrik kauft und nicht kontrollieren kann, im Gegensatz zu Diamantpulver, das fabrikgefertigt und kontrolliert wird. Das beseitigt Kratzer beim Schleifen.  <\/p>\n<p>Die Schleifschicht basiert in der Mitte auf einem Aluminiumsockel. Die Dicke der Arbeitsschleifschicht betr\u00e4gt auf jeder Seite <strong>1 mm<\/strong> , was ihre Haltbarkeit gew\u00e4hrleistet. <\/p>\n<p>Alle Venev-Diamantsteine sind ab Werk mit Mikronkorn gekennzeichnet (laut GOST 9206). Zum Beispiel bedeutet &#8220;50\/40&#8221;, dass der Stein nur Diamanten im Bereich von 50 bis 40 Mikrometern enth\u00e4lt, weder gr\u00f6\u00dfer noch feiner. Wenn die Markierung &#8220;100\/80-50\/40&#8221; lautet, bedeutet das, dass eine Seite 100\/80 und die andere 50\/40 ist. Je gr\u00f6ber die Maserung, desto gr\u00f6ber das Steinwerk.   <\/p>\n<p>Zur Bequemlichkeit unserer Kunden zeigt unsere Website auch die ungef\u00e4hre Korrelation zwischen den Mikronen und dem Fepa F-Standardkorn an. Du findest es in der interaktiven Tabelle &#8220;hier&#8221;. <\/p>\n<p><b>Das Set enth\u00e4lt: <\/b><\/p>\n<ul>\n<li>Venev Ursa 160\/125-100\/80 <strong>100% <\/strong>Fepa-F 100\/150 (<strong>B2-01\/B2-01<\/strong> ) \u2013 zum Erstschleifen, Winkeleinstellen und Schneidenprofilierung.<\/li>\n<li>Venev Ursa 50\/40-20\/14 <strong>25%<\/strong> Fepa-F 240\/400 (<strong>B2-01\/OSB<\/strong>) \u2013 f\u00fcr die Hauptsch\u00e4rfungsphase.<\/li>\n<li>Venev Ursa 10\/7-5\/3 <strong>100%<\/strong> Fepa-F 600\/1000 (<strong>OSB\/OSB)<\/strong> \u2013 zum Finishen und Polieren<\/li>\n<li>Zur einfachen Aufbewahrung <strong>ist eine Schachtel enthalten.<\/strong><\/li>\n<\/ul>\n<h3>H\u00e4ufig gestellte Fragen:<\/h3>\n<h4>Was ist die Bequemlichkeit?<\/h4>\n<p>Wenn du einen Stein kaufst, hast du zwei verschiedene K\u00f6rnungen in einem. Die Breite der Stange betr\u00e4gt <g id=\"gid_0\">16 mm<\/g>, was bedeutet, dass es einfacher ist, die Linien der Schneide zu wiederholen. Das erleichtert das Sch\u00e4rfen von Messern mit komplexen oder welligen Schneiden.  <\/p>\n<h4>Welche Fl\u00fcssigkeit sollte man verwenden?<\/h4>\n<p>Diese Steine eignen sich gut mit vielen Fl\u00fcssigkeiten:<\/p>\n<ol>\n<li>Du kannst eine Seifenwasserl\u00f6sung mit Fairy verwenden. Diese Art von Fl\u00fcssigkeit verdampft jedoch schneller als \u00f6lbasierte Fl\u00fcssigkeiten. Das erfordert h\u00e4ufigere Benutzung.<\/li>\n<li>Reines Oliven\u00f6l. Funktioniert gut, verdampft langsamer. <\/li>\n<li>Spezielle \u00d6le zum Sch\u00e4rfen. Einschlie\u00dflich \u00f6ls\u00e4urebasierter \u00d6le.<\/li>\n<\/ol>\n<h4>Was bedeutet das \u2013 Abrasive Konzentration: 100 %?<\/h4>\n<p>Die Fabrik stellt Steine mit 25 %, 50 % und 100 % Getreide her, die die Bindung f\u00fcllen. Dies wirkt sich direkt auf den Preis des Steins aus. Wenn Geschwindigkeit und Verschlei\u00dffestigkeit f\u00fcr uns in den Anfangsphasen wichtig sind (in solchen F\u00e4llen empfehlen wir 100 % Konzentration), dann kann am Ende durchaus 25 % ber\u00fccksichtigt werden, um Geld zu sparen.  <\/p>\n<h4>Was bedeuten die Zahlen auf dem Stein 20\/14, 14\/10&#8230;&#8230;..1\/0?<\/h4>\n<p>Alle Venev-Diamantsteine sind ab Werk mit Mikronkorn gekennzeichnet (laut GOST 9206). Zum Beispiel bedeutet &#8220;50\/40&#8221;, dass der Stein nur Diamanten im Bereich von 50 bis 40 Mikrometern enth\u00e4lt, weder gr\u00f6\u00dfer noch feiner. Wenn die Markierung &#8220;100\/80-50\/40&#8221; lautet, bedeutet das, dass eine Seite 100\/80 und die andere 50\/40 ist. Je gr\u00f6ber die Maserung, desto gr\u00f6ber das Steinwerk.<br \/>\nZur Bequemlichkeit unserer Kunden zeigt unsere Website auch die ungef\u00e4hre Korrelation zwischen den Mikronen und dem Fepa F-Standardkorn an. Sie finden sie in der interaktiven <strong><span class=\"grit-popup-click\" style=\"color: var(--primary); cursor: pointer;\">Tabelle hier<\/span><\/strong>.<\/p>\n<h4>F\u00fcr welche Systeme sind sie geeignet?<\/h4>\n<p>Aufgrund des speziellen Aluminiumsockels \u2013 die meisten Systeme. <g id=\"gid_0\">TSPROF<\/g> (alle Modelle), Apex, Edge PRO, Kazak, Zhuk und andere. <\/p>\n<p>Wir selbst f\u00fchren viel Sch\u00e4rfen durch, daher steht unser Team bereit, Sie zu beraten, wenn Sie eine Angelegenheit haben.<br \/>\nViel Spa\u00df beim Benutzen deiner scharfen Messer!<br \/>\nWir sind immer f\u00fcr dich da,<br \/>\n das 25.000-Meilen-Team!<\/p>\n","protected":false},"excerpt":{"rendered":"<p><strong>Set #1 von Venev Ursa<\/strong> Serie Doppelseitige Diamantbl\u00f6cke zum Formen, Sch\u00e4rfen und Fertigstellen der Schneidkante.<\/p>\n<p>Der Wert in <strong>Klammern <\/strong>steht f\u00fcr die Gr\u00f6\u00dfe in <strong>Mikrometern<\/strong>. Siehe die Beschreibung f\u00fcr Details.<\/p>\n<p><strong>Geeignet f\u00fcr Sch\u00e4rfsysteme:<\/strong> TsProf (K03, Kadet, Blitz, Pioneer), Kazak, Apex Edge Pro und Nachbauten.<\/p>\n<ul>\n<li><strong>Gr\u00f6\u00dfe:<\/strong> 150\u044516\u044512 mm<\/li>\n<li><strong>Grit:<\/strong> von F100 bis F1000. Siehe die vollst\u00e4ndige Liste der Grits in der untenstehenden Beschreibung. <\/li>\n<li><strong>Dicke des Schleifmittels: <\/strong> <strong>1 mm<\/strong> auf jeder Seite<\/li>\n<li><strong>Abrasivkonzentration:<\/strong> 100 %, 25 %<\/li>\n<li><strong>Traube:<\/strong> B2-01\/OSB<\/li>\n<li><strong>Diamantpulverqualit\u00e4t:<\/strong> ACM<\/li>\n<li><strong>Schleifmittel:<\/strong> Diamant<\/li>\n<li><strong>Marke:<\/strong> Venev Industriediamanten<\/li>\n<li><strong>Model name (to be combined into one card):<\/strong> &#8220;Ursa Set#2&#8243;150x16x10x1x1mm 100%.<\/li>\n<\/ul>\n","protected":false},"featured_media":40346,"comment_status":"open","ping_status":"closed","template":"","meta":{"_acf_changed":false,"_seopress_robots_primary_cat":"1062","_seopress_titles_title":"","_seopress_titles_desc":"","_seopress_robots_index":"","iawp_total_views":0},"product_brand":[1271],"product_cat":[1141,1130,1138],"product_tag":[],"class_list":{"0":"post-41193","1":"product","2":"type-product","3":"status-publish","4":"has-post-thumbnail","6":"product_brand-venev-industrial-diamonds","7":"product_cat-sharpening-system-stones","8":"product_cat-sharpening-tools-equipment","9":"product_cat-sharpening-and-finishing-stones","10":"pa_brand-venev","12":"first","13":"instock","14":"taxable","15":"shipping-taxable","16":"purchasable","17":"product-type-simple"},"acf":[],"_links":{"self":[{"href":"https:\/\/25000miles.eu\/de\/wp-json\/wp\/v2\/product\/41193","targetHints":{"allow":["GET"]}}],"collection":[{"href":"https:\/\/25000miles.eu\/de\/wp-json\/wp\/v2\/product"}],"about":[{"href":"https:\/\/25000miles.eu\/de\/wp-json\/wp\/v2\/types\/product"}],"replies":[{"embeddable":true,"href":"https:\/\/25000miles.eu\/de\/wp-json\/wp\/v2\/comments?post=41193"}],"wp:featuredmedia":[{"embeddable":true,"href":"https:\/\/25000miles.eu\/de\/wp-json\/wp\/v2\/media\/40346"}],"wp:attachment":[{"href":"https:\/\/25000miles.eu\/de\/wp-json\/wp\/v2\/media?parent=41193"}],"wp:term":[{"taxonomy":"product_brand","embeddable":true,"href":"https:\/\/25000miles.eu\/de\/wp-json\/wp\/v2\/product_brand?post=41193"},{"taxonomy":"product_cat","embeddable":true,"href":"https:\/\/25000miles.eu\/de\/wp-json\/wp\/v2\/product_cat?post=41193"},{"taxonomy":"product_tag","embeddable":true,"href":"https:\/\/25000miles.eu\/de\/wp-json\/wp\/v2\/product_tag?post=41193"}],"curies":[{"name":"wp","href":"https:\/\/api.w.org\/{rel}","templated":true}]}}