{"id":41197,"date":"2025-12-07T16:46:57","date_gmt":"2025-12-07T15:46:57","guid":{"rendered":"https:\/\/25000miles.eu\/?post_type=product&#038;p=41197"},"modified":"2025-12-28T11:57:43","modified_gmt":"2025-12-28T10:57:43","slug":"anika-parang-mit-grind-mit-dip-lederscheide","status":"publish","type":"product","link":"https:\/\/25000miles.eu\/de\/produkt\/anika-parang-mit-grind-mit-dip-lederscheide\/","title":{"rendered":"Anika &#8220;Parang mit Grind&#8221; mit DIP-Lederscheide"},"content":{"rendered":"<p>Parang aus<strong> Anika<\/strong> ist ein multifunktionales Werkzeug, ein verl\u00e4sslicher Begleiter sowohl auf einer Wanderung als auch auf extremen Reisen. Seine Vollmetallkonstruktion (<strong>voller Tang<\/strong>) verleiht ihm eine hohe Haltbarkeit. <\/p>\n<p>Parang ist eine Art Machete, die in den Dschungeln Mittel- und S\u00fcdamerikas, S\u00fcdostasien, insbesondere in Malaysia und Indonesien beliebt ist. Es ist ein universelles Werkzeug, das sowohl im h\u00e4uslichen als auch im beruflichen Bereich verwendet wird. <\/p>\n<p><strong>Landwirtschaft und Gartenbau: Parangs<\/strong> werden effektiv zum Abschneiden von \u00c4sten verwendet. Dank ihrer starken Klinge k\u00f6nnen sie dichte Vegetation und kleine B\u00e4ume bew\u00e4ltigen. <\/p>\n<p><strong>Wandern und Expeditionen:<\/strong> besonders beliebt im Dschungel. Helfen Sie, den Weg leicht von Hindernissen in Form von Bl\u00e4ttern und \u00c4sten zu befreien. Wird manchmal bei der Essenszubereitung verwendet (Fleisch schneiden, gro\u00dfe Fr\u00fcchte wie Kokosnuss)  <\/p>\n<p><strong>\u00dcberleben:<\/strong> Der Parang kann viele Aufgaben ausf\u00fchren, wie das Sammeln und Bereiten von Feuerholz sowie den Bau von Unterk\u00fcnften.<\/p>\n<p>Der Stahl der Klinge ist <strong>9XC,<\/strong> verschlei\u00dfbest\u00e4ndig und robust.<\/p>\n<p>Das Material des Griffs besteht aus <strong>Eschenholz<\/strong>. Egronomisch und am Ende vergr\u00f6\u00dfert, hilft, den Parang beim Schneiden noch sicherer in den H\u00e4nden zu halten. <\/p>\n<p>Scheide \u2013 <strong>echtes Leder.<\/strong><\/p>\n","protected":false},"excerpt":{"rendered":"<p><strong>Handgeschmiedet.<\/strong> Konzipiert zum Hacken von \u00c4sten, Str\u00e4uchern und kleinen B\u00e4umen.<br \/>\nDer bequeme Griff sorgt f\u00fcr einen sicheren Griff. Alle Anika-\u00c4xte sind handgefertigt, was eine leichte Variation der Parameter erm\u00f6glicht, aber das Ergebnis ist maximale Haltbarkeit und Einzigartigkeit jeder Axt.<\/p>\n<p>Er kann <strong>KEIN<\/strong> vollwertiges Baumf\u00e4llen bew\u00e4ltigen, ist aber praktisch als praktisches Werkzeug und Ersatz f\u00fcr gro\u00dfe \u00dcberlebensmesser oder leichte Axt.<\/p>\n<ul>\n<li><strong>H\u00e4rte des Stahls \u2013<\/strong> 58 HRC.<\/li>\n<li><strong>Gesamtl\u00e4nge<\/strong> \u2013 480 mm.<\/li>\n<li><strong>Klingenl\u00e4nge<\/strong> \u2013 290 mm.<\/li>\n<li><strong>Dicke<\/strong> \u2013 5,5\u20136 mm.<\/li>\n<li><strong>Gewicht<\/strong> 600-700 gr.<\/li>\n<\/ul>\n","protected":false},"featured_media":38841,"comment_status":"open","ping_status":"closed","template":"","meta":{"_acf_changed":false,"_seopress_robots_primary_cat":"1053","_seopress_titles_title":"","_seopress_titles_desc":"","_seopress_robots_index":"","iawp_total_views":1},"product_brand":[1280],"product_cat":[1127,1125],"product_tag":[],"class_list":{"0":"post-41197","1":"product","2":"type-product","3":"status-publish","4":"has-post-thumbnail","6":"product_brand-anika","7":"product_cat-machetes","8":"product_cat-machetes-axes-saws","9":"pa_brand-anika","11":"first","12":"outofstock","13":"taxable","14":"shipping-taxable","15":"purchasable","16":"product-type-simple"},"acf":[],"_links":{"self":[{"href":"https:\/\/25000miles.eu\/de\/wp-json\/wp\/v2\/product\/41197","targetHints":{"allow":["GET"]}}],"collection":[{"href":"https:\/\/25000miles.eu\/de\/wp-json\/wp\/v2\/product"}],"about":[{"href":"https:\/\/25000miles.eu\/de\/wp-json\/wp\/v2\/types\/product"}],"replies":[{"embeddable":true,"href":"https:\/\/25000miles.eu\/de\/wp-json\/wp\/v2\/comments?post=41197"}],"wp:featuredmedia":[{"embeddable":true,"href":"https:\/\/25000miles.eu\/de\/wp-json\/wp\/v2\/media\/38841"}],"wp:attachment":[{"href":"https:\/\/25000miles.eu\/de\/wp-json\/wp\/v2\/media?parent=41197"}],"wp:term":[{"taxonomy":"product_brand","embeddable":true,"href":"https:\/\/25000miles.eu\/de\/wp-json\/wp\/v2\/product_brand?post=41197"},{"taxonomy":"product_cat","embeddable":true,"href":"https:\/\/25000miles.eu\/de\/wp-json\/wp\/v2\/product_cat?post=41197"},{"taxonomy":"product_tag","embeddable":true,"href":"https:\/\/25000miles.eu\/de\/wp-json\/wp\/v2\/product_tag?post=41197"}],"curies":[{"name":"wp","href":"https:\/\/api.w.org\/{rel}","templated":true}]}}