{"id":41202,"date":"2025-12-10T20:48:52","date_gmt":"2025-12-10T19:48:52","guid":{"rendered":"https:\/\/25000miles.eu\/?post_type=product&#038;p=41202"},"modified":"2025-12-28T11:57:44","modified_gmt":"2025-12-28T10:57:44","slug":"southern-cross-jack-expert-smaragdgruener-griff-cpr-stahl-massgefertigtes-handschaerfen","status":"publish","type":"product","link":"https:\/\/25000miles.eu\/de\/produkt\/southern-cross-jack-expert-smaragdgruener-griff-cpr-stahl-massgefertigtes-handschaerfen\/","title":{"rendered":"Southern Cross &#8220;Jack Expert&#8221; Smaragdgr\u00fcner Griff \u2013 CPR-Stahl (ma\u00dfgefertigtes Handsch\u00e4rfen)"},"content":{"rendered":"<p><strong>Jack Expert Knife von Southern Cross<\/strong><\/p>\n<p>Das Jack Expert Messer von Southern Cross ist eine ausgezeichnete Wahl f\u00fcr diejenigen, die Zuverl\u00e4ssigkeit und Funktionalit\u00e4t in jedem Detail sch\u00e4tzen. Dieses Messer ist nicht nur ein Werkzeug, sondern ein vertrauensw\u00fcrdiger Begleiter f\u00fcr Reisen, Jagd oder den Alltag. Der Jack wurde f\u00fcr Outdoor-Enthusiasten entworfen und verk\u00f6rpert alle wesentlichen Eigenschaften, die f\u00fcr Tourismus, Jagd oder Angeln ben\u00f6tigt werden.  <\/p>\n<p>Die Klinge hat eine Drop-Point-Form und besteht aus CPR-Stahl, der in Deutschland mit einer propriet\u00e4ren W\u00e4rmebehandlung hergestellt wurde. Durch diese recht komplexe thermische Bearbeitung erreicht <strong>CPR-Stahl<\/strong> eine H\u00e4rte von <strong>63\u201364 HRC,<\/strong> w\u00e4hrend die Sto\u00dffestigkeit erhalten bleibt. Durch Schleifen und Polieren erh\u00e4lt es au\u00dferdem Korrosionsbest\u00e4ndigkeit, ist jedoch nicht vollst\u00e4ndig Edelstahl, sondern halbrostfrei. Es rostet sehr langsam oder bildet nur oberfl\u00e4chliche Flecken, weil es einen hohen Chromanteil enth\u00e4lt (etwa 13 %), was minimale Wartung erfordert. Die Klinge ist mit Satin versehen, was ihr ein charakteristisches, geb\u00fcrstetes Aussehen verleiht und ihr Erscheinungsbild betont. Die engsten Konkurrenten zu CPR hinsichtlich chemischer Zusammensetzung und Verwendung sind die Werkzeugst\u00e4hle <strong>D2<\/strong> und <strong>D5<\/strong>. Allerdings ist CPR technisch besser als sie: Sie enth\u00e4lt weniger Kohlenstoff, entspricht aber ihrer H\u00e4rte und \u00fcbertrifft sie in Festigkeit, Z\u00e4higkeit und Verschlei\u00dffestigkeit. Nat\u00fcrlich ist die W\u00e4rmebehandlung von CPR-Stahl kompliziert, und der Endpreis ist etwas h\u00f6her.       <\/p>\n<p>Der Griff besteht aus Micarta, einem hochdekorativen und strukturellen Verbundwerkstoff. Micarta ist nicht nur sch\u00f6n und langlebig, sondern bietet auch exzellenten Grip und widersteht Temperaturschwankungen. Die ergonomische Form sorgt f\u00fcr eine komfortable Handhabung, auch bei l\u00e4ngerer Nutzung. Das Haupthighlight dieses Griffs ist die <strong>propriet\u00e4re 3D-Texturierung<\/strong>, die es dem Messer erm\u00f6glicht, auch bei nassen H\u00e4nden fest zu halten \u2013 ein absolut entscheidendes Merkmal.<strong> Eine sch\u00f6ne Erg\u00e4nzung ist der Nickelsilber-Bolster, der f\u00fcr Eleganz sorgt und den Griff vor Besch\u00e4digungen an der Stelle sch\u00fctzt, wo er an der Klinge befestigt ist. Im Griff befindet sich au\u00dferdem ein Lanyard-Loch.<\/strong>     <\/p>\n<p>Der Jack Expert wird mit Lederscheiden geliefert, die eine sichere Aufbewahrung und den Transport des Messers sowie einen einfachen Zugang jederzeit gew\u00e4hrleisten. Im Inneren der Scheide befindet sich ein spezieller Einsatz, der sie vor versehentlichen Schnitten von innen sch\u00fctzt. Das Scheidendesign erm\u00f6glicht es, das Messer an einem G\u00fcrtel oder Rucksack zu tragen, was es noch vielseitiger macht.  <\/p>\n<p>Das Jack Expert Messer von Southern Cross ist die perfekte Wahl f\u00fcr diejenigen, die Qualit\u00e4t, Zuverl\u00e4ssigkeit und Funktionalit\u00e4t ihrer Werkzeuge sch\u00e4tzen.<\/p>\n","protected":false},"excerpt":{"rendered":"<p><strong>Handgefertigte Messer.<\/strong> Leichte Gr\u00f6\u00dfenunterschiede sind m\u00f6glich, aber im Gegenzug wird sorgf\u00e4ltig auf die Details geachtet.<\/p>\n<ul>\n<li>Gewicht: 146 g<\/li>\n<li>Gesamtl\u00e4nge: 25,2 cm<\/li>\n<\/ul>\n<p><strong>Klinge<\/strong><\/p>\n<ul>\n<li>Stahl: Wiederbelebung (CPR)<\/li>\n<li>Klingenl\u00e4nge: 13,1 cm<\/li>\n<li>Klingenschleifen: Gerade<\/li>\n<li>Klingenprofiltyp: Abwurfpunkt<\/li>\n<li>Rockwell-H\u00e4rte: 63\u201364 HRC<\/li>\n<li>Kantentyp: Schlicht (ma\u00dfgefertigt, handgesch\u00e4rft)<\/li>\n<li>Klingenfinish: Satin-Finish<\/li>\n<li>Klingenbreite: 2,9 cm<\/li>\n<li>Wirbels\u00e4ulendicke: 3,5 mm<\/li>\n<\/ul>\n<p><strong>Griff<\/strong><\/p>\n<ul>\n<li>Material: Micarta<\/li>\n<li>Farbe: Smaragdgr\u00fcner Griff<\/li>\n<li>Montagetyp: Hidden Tang<\/li>\n<li>Zus\u00e4tzliche Behandlung: 3D-Textur<\/li>\n<li>Dicke: 2,5 cm<\/li>\n<li>Breite: 3,3 cm<\/li>\n<\/ul>\n","protected":false},"featured_media":40777,"comment_status":"open","ping_status":"closed","template":"","meta":{"_acf_changed":false,"_seopress_robots_primary_cat":"none","_seopress_titles_title":"","_seopress_titles_desc":"","_seopress_robots_index":"","iawp_total_views":0},"product_brand":[],"product_cat":[1242],"product_tag":[],"class_list":{"0":"post-41202","1":"product","2":"type-product","3":"status-publish","4":"has-post-thumbnail","6":"product_cat-messer","7":"pa_brand-southern-cross","9":"first","10":"outofstock","11":"sale","12":"taxable","13":"shipping-taxable","14":"purchasable","15":"product-type-simple"},"acf":[],"_links":{"self":[{"href":"https:\/\/25000miles.eu\/de\/wp-json\/wp\/v2\/product\/41202","targetHints":{"allow":["GET"]}}],"collection":[{"href":"https:\/\/25000miles.eu\/de\/wp-json\/wp\/v2\/product"}],"about":[{"href":"https:\/\/25000miles.eu\/de\/wp-json\/wp\/v2\/types\/product"}],"replies":[{"embeddable":true,"href":"https:\/\/25000miles.eu\/de\/wp-json\/wp\/v2\/comments?post=41202"}],"wp:featuredmedia":[{"embeddable":true,"href":"https:\/\/25000miles.eu\/de\/wp-json\/wp\/v2\/media\/40777"}],"wp:attachment":[{"href":"https:\/\/25000miles.eu\/de\/wp-json\/wp\/v2\/media?parent=41202"}],"wp:term":[{"taxonomy":"product_brand","embeddable":true,"href":"https:\/\/25000miles.eu\/de\/wp-json\/wp\/v2\/product_brand?post=41202"},{"taxonomy":"product_cat","embeddable":true,"href":"https:\/\/25000miles.eu\/de\/wp-json\/wp\/v2\/product_cat?post=41202"},{"taxonomy":"product_tag","embeddable":true,"href":"https:\/\/25000miles.eu\/de\/wp-json\/wp\/v2\/product_tag?post=41202"}],"curies":[{"name":"wp","href":"https:\/\/api.w.org\/{rel}","templated":true}]}}